{"id":588,"date":"2022-12-13T14:54:08","date_gmt":"2022-12-13T14:54:08","guid":{"rendered":"https:\/\/dev-2.mavenup.info\/?page_id=588"},"modified":"2025-06-06T12:03:11","modified_gmt":"2025-06-06T16:03:11","slug":"our-team","status":"publish","type":"page","link":"https:\/\/physiolasalle.com\/en\/our-team\/","title":{"rendered":"4.0 &#8211; Notre \u00c9quipe"},"content":{"rendered":"<div data-elementor-type=\"wp-page\" data-elementor-id=\"588\" class=\"elementor elementor-588\" data-elementor-post-type=\"page\">\n\t\t\t\t\t\t<section data-particle_enable=\"false\" data-particle-mobile-disabled=\"false\" class=\"elementor-section elementor-top-section elementor-element elementor-element-a0b7e06 elementor-section-height-full elementor-section-boxed elementor-section-height-default elementor-section-items-middle\" data-id=\"a0b7e06\" data-element_type=\"section\" data-e-type=\"section\" data-settings=\"{&quot;background_background&quot;:&quot;classic&quot;}\">\n\t\t\t\t\t\t<div class=\"elementor-container elementor-column-gap-default\">\n\t\t\t\t\t<div class=\"elementor-column elementor-col-100 elementor-top-column elementor-element elementor-element-d5fb121\" data-id=\"d5fb121\" data-element_type=\"column\" data-e-type=\"column\" data-settings=\"{&quot;background_background&quot;:&quot;classic&quot;}\">\n\t\t\t<div class=\"elementor-widget-wrap elementor-element-populated\">\n\t\t\t\t\t\t<section data-particle_enable=\"false\" data-particle-mobile-disabled=\"false\" class=\"elementor-section elementor-inner-section elementor-element elementor-element-3ac6729 elementor-section-boxed elementor-section-height-default elementor-section-height-default\" data-id=\"3ac6729\" data-element_type=\"section\" data-e-type=\"section\">\n\t\t\t\t\t\t<div class=\"elementor-container elementor-column-gap-default\">\n\t\t\t\t\t<div class=\"elementor-column elementor-col-100 elementor-inner-column elementor-element elementor-element-1c3c31e\" data-id=\"1c3c31e\" data-element_type=\"column\" data-e-type=\"column\">\n\t\t\t<div class=\"elementor-widget-wrap elementor-element-populated\">\n\t\t\t\t\t\t<div class=\"elementor-element elementor-element-1e79ca7 elementor-widget elementor-widget-heading\" data-id=\"1e79ca7\" data-element_type=\"widget\" data-e-type=\"widget\" data-widget_type=\"heading.default\">\n\t\t\t\t\t<h1 class=\"elementor-heading-title elementor-size-default\">Our Team<\/h1>\t\t\t\t<\/div>\n\t\t\t\t\t<\/div>\n\t\t<\/div>\n\t\t\t\t\t<\/div>\n\t\t<\/section>\n\t\t\t\t\t<\/div>\n\t\t<\/div>\n\t\t\t\t\t<\/div>\n\t\t<\/section>\n\t\t\t\t<section data-particle_enable=\"false\" data-particle-mobile-disabled=\"false\" class=\"elementor-section elementor-top-section elementor-element elementor-element-8e4e096 elementor-section-height-min-height elementor-section-boxed elementor-section-height-default elementor-section-items-middle\" data-id=\"8e4e096\" data-element_type=\"section\" data-e-type=\"section\">\n\t\t\t\t\t\t<div class=\"elementor-container elementor-column-gap-default\">\n\t\t\t\t\t<div class=\"elementor-column elementor-col-100 elementor-top-column elementor-element elementor-element-91c2a7a\" data-id=\"91c2a7a\" data-element_type=\"column\" data-e-type=\"column\">\n\t\t\t<div class=\"elementor-widget-wrap elementor-element-populated\">\n\t\t\t\t\t\t<div class=\"elementor-element elementor-element-7ade36c elementor-widget elementor-widget-heading\" data-id=\"7ade36c\" data-element_type=\"widget\" data-e-type=\"widget\" data-widget_type=\"heading.default\">\n\t\t\t\t\t<h2 class=\"elementor-heading-title elementor-size-default\">Choose your clinic<\/h2>\t\t\t\t<\/div>\n\t\t\t\t<section data-particle_enable=\"false\" data-particle-mobile-disabled=\"false\" class=\"elementor-section elementor-inner-section elementor-element elementor-element-5722544 elementor-section-boxed elementor-section-height-default elementor-section-height-default\" data-id=\"5722544\" data-element_type=\"section\" data-e-type=\"section\">\n\t\t\t\t\t\t<div class=\"elementor-container elementor-column-gap-default\">\n\t\t\t\t\t<div class=\"elementor-column elementor-col-33 elementor-inner-column elementor-element elementor-element-333778f\" data-id=\"333778f\" data-element_type=\"column\" data-e-type=\"column\">\n\t\t\t<div class=\"elementor-widget-wrap elementor-element-populated\">\n\t\t\t\t\t\t<div class=\"elementor-element elementor-element-a00642b elementor-widget elementor-widget-heading\" data-id=\"a00642b\" data-element_type=\"widget\" data-e-type=\"widget\" data-widget_type=\"heading.default\">\n\t\t\t\t\t<h4 class=\"elementor-heading-title elementor-size-default\"><a href=\"https:\/\/physiolasalle.com\/en\/a-propos\/lequipe\/\">Lasalle<\/a><\/h4>\t\t\t\t<\/div>\n\t\t\t\t<div class=\"elementor-element elementor-element-5f69c5c elementor-align-center elementor-widget elementor-widget-button\" data-id=\"5f69c5c\" data-element_type=\"widget\" data-e-type=\"widget\" data-widget_type=\"button.default\">\n\t\t\t\t\t\t\t\t\t\t<a class=\"elementor-button elementor-button-link elementor-size-sm\" href=\"https:\/\/physiosolutionactive.clinicmaster.com\/landing\">\n\t\t\t\t\t\t<span class=\"elementor-button-content-wrapper\">\n\t\t\t\t\t\t\t\t\t<span class=\"elementor-button-text\">MAKE AN APPOINTMENT!<\/span>\n\t\t\t\t\t<\/span>\n\t\t\t\t\t<\/a>\n\t\t\t\t\t\t\t\t<\/div>\n\t\t\t\t\t<\/div>\n\t\t<\/div>\n\t\t\t\t<div class=\"elementor-column elementor-col-33 elementor-inner-column elementor-element elementor-element-b6cd70d\" data-id=\"b6cd70d\" data-element_type=\"column\" data-e-type=\"column\">\n\t\t\t<div class=\"elementor-widget-wrap elementor-element-populated\">\n\t\t\t\t\t\t<div class=\"elementor-element elementor-element-1469efa elementor-widget elementor-widget-heading\" data-id=\"1469efa\" data-element_type=\"widget\" data-e-type=\"widget\" data-widget_type=\"heading.default\">\n\t\t\t\t\t<h4 class=\"elementor-heading-title elementor-size-default\"><a href=\"\/en\/our-team-monk\/\">Monk<\/a><\/h4>\t\t\t\t<\/div>\n\t\t\t\t<div class=\"elementor-element elementor-element-b259d82 elementor-align-center elementor-widget elementor-widget-global elementor-global-6425 elementor-widget-button\" data-id=\"b259d82\" data-element_type=\"widget\" data-e-type=\"widget\" data-widget_type=\"button.default\">\n\t\t\t\t\t\t\t\t\t\t<a class=\"elementor-button elementor-button-link elementor-size-sm\" href=\"https:\/\/physiosolutionactive.clinicmaster.com?clinicId=5061&#038;lang=fr-CA\">\n\t\t\t\t\t\t<span class=\"elementor-button-content-wrapper\">\n\t\t\t\t\t\t\t\t\t<span class=\"elementor-button-text\">MAKE AN APPOINTMENT!<\/span>\n\t\t\t\t\t<\/span>\n\t\t\t\t\t<\/a>\n\t\t\t\t\t\t\t\t<\/div>\n\t\t\t\t\t<\/div>\n\t\t<\/div>\n\t\t\t\t<div class=\"elementor-column elementor-col-33 elementor-inner-column elementor-element elementor-element-e699d8c\" data-id=\"e699d8c\" data-element_type=\"column\" data-e-type=\"column\">\n\t\t\t<div class=\"elementor-widget-wrap elementor-element-populated\">\n\t\t\t\t\t\t<div class=\"elementor-element elementor-element-a5b2657 elementor-widget elementor-widget-heading\" data-id=\"a5b2657\" data-element_type=\"widget\" data-e-type=\"widget\" data-widget_type=\"heading.default\">\n\t\t\t\t\t<h4 class=\"elementor-heading-title elementor-size-default\"><a href=\"\/en\/our-team-verdun\/\">Verdun<\/a><\/h4>\t\t\t\t<\/div>\n\t\t\t\t<div class=\"elementor-element elementor-element-c5d685b elementor-align-center elementor-widget elementor-widget-global elementor-global-6419 elementor-widget-button\" data-id=\"c5d685b\" data-element_type=\"widget\" data-e-type=\"widget\" data-widget_type=\"button.default\">\n\t\t\t\t\t\t\t\t\t\t<a class=\"elementor-button elementor-button-link elementor-size-sm\" href=\"https:\/\/physiosolutionactive.clinicmaster.com?clinicId=5061&amp;lang=en-CA\">\n\t\t\t\t\t\t<span class=\"elementor-button-content-wrapper\">\n\t\t\t\t\t\t\t\t\t<span class=\"elementor-button-text\">MAKE AN APPOINTMENT!<\/span>\n\t\t\t\t\t<\/span>\n\t\t\t\t\t<\/a>\n\t\t\t\t\t\t\t\t<\/div>\n\t\t\t\t\t<\/div>\n\t\t<\/div>\n\t\t\t\t\t<\/div>\n\t\t<\/section>\n\t\t\t\t\t<\/div>\n\t\t<\/div>\n\t\t\t\t\t<\/div>\n\t\t<\/section>\n\t\t\t\t<section data-particle_enable=\"false\" data-particle-mobile-disabled=\"false\" class=\"elementor-section elementor-top-section elementor-element elementor-element-50f3db1 elementor-section-full_width elementor-section-stretched elementor-section-height-default elementor-section-height-default\" data-id=\"50f3db1\" data-element_type=\"section\" data-e-type=\"section\" data-settings=\"{&quot;stretch_section&quot;:&quot;section-stretched&quot;}\">\n\t\t\t\t\t\t<div class=\"elementor-container elementor-column-gap-no\">\n\t\t\t\t\t<div class=\"elementor-column elementor-col-100 elementor-top-column elementor-element elementor-element-5b6fe71\" data-id=\"5b6fe71\" data-element_type=\"column\" data-e-type=\"column\">\n\t\t\t<div class=\"elementor-widget-wrap elementor-element-populated\">\n\t\t\t\t\t\t<div class=\"elementor-element elementor-element-1982a02 elementor-widget elementor-widget-image\" data-id=\"1982a02\" data-element_type=\"widget\" data-e-type=\"widget\" data-widget_type=\"image.default\">\n\t\t\t\t\t\t\t\t\t\t\t\t\t\t\t<img fetchpriority=\"high\" decoding=\"async\" width=\"2560\" height=\"819\" src=\"https:\/\/physiolasalle.com\/wp-content\/uploads\/2023\/04\/iStock-1371711142-scaled.jpg\" class=\"attachment-full size-full wp-image-6397\" alt=\"\" srcset=\"https:\/\/physiolasalle.com\/wp-content\/uploads\/2023\/04\/iStock-1371711142-scaled.jpg 2560w, https:\/\/physiolasalle.com\/wp-content\/uploads\/2023\/04\/iStock-1371711142-scaled-600x192.jpg 600w, https:\/\/physiolasalle.com\/wp-content\/uploads\/2023\/04\/iStock-1371711142-300x96.jpg 300w, https:\/\/physiolasalle.com\/wp-content\/uploads\/2023\/04\/iStock-1371711142-1024x327.jpg 1024w, https:\/\/physiolasalle.com\/wp-content\/uploads\/2023\/04\/iStock-1371711142-768x246.jpg 768w, https:\/\/physiolasalle.com\/wp-content\/uploads\/2023\/04\/iStock-1371711142-1536x491.jpg 1536w, https:\/\/physiolasalle.com\/wp-content\/uploads\/2023\/04\/iStock-1371711142-2048x655.jpg 2048w, https:\/\/physiolasalle.com\/wp-content\/uploads\/2023\/04\/iStock-1371711142-18x6.jpg 18w\" sizes=\"(max-width: 2560px) 100vw, 2560px\" \/>\t\t\t\t\t\t\t\t\t\t\t\t\t\t\t<\/div>\n\t\t\t\t\t<\/div>\n\t\t<\/div>\n\t\t\t\t\t<\/div>\n\t\t<\/section>\n\t\t\t\t<\/div>","protected":false},"excerpt":{"rendered":"<p>Notre \u00e9quipe Choisir votre clinique Lasalle PRENEZ UN RDV EN LIGNE Monk PRENEZ UN RDV EN LIGNE Verdun PRENEZ UN RDV EN LIGNE<\/p>","protected":false},"author":1,"featured_media":0,"parent":0,"menu_order":0,"comment_status":"closed","ping_status":"closed","template":"elementor_header_footer","meta":{"footnotes":""},"categories":[],"tags":[],"class_list":["post-588","page","type-page","status-publish","hentry"],"yoast_head":"<!-- This site is optimized with the Yoast SEO plugin v27.4 - https:\/\/yoast.com\/product\/yoast-seo-wordpress\/ -->\n<title>Notre \u00e9quipe chez Physioth\u00e9rapie Solution Active<\/title>\n<meta name=\"description\" content=\"Rencontrez notre \u00e9quipe d\u00e9vou\u00e9e de th\u00e9rapeutes et personnel de soutien \u2014 unis pour offrir des soins de qualit\u00e9 centr\u00e9s sur le patient.\" \/>\n<meta name=\"robots\" content=\"noindex, follow, max-snippet:-1, max-image-preview:large, max-video-preview:-1\" \/>\n<meta property=\"og:locale\" content=\"en_US\" \/>\n<meta property=\"og:type\" content=\"article\" \/>\n<meta property=\"og:title\" content=\"Notre \u00e9quipe chez Physioth\u00e9rapie Solution Active\" \/>\n<meta property=\"og:description\" content=\"Rencontrez notre \u00e9quipe d\u00e9vou\u00e9e de th\u00e9rapeutes et personnel de soutien \u2014 unis pour offrir des soins de qualit\u00e9 centr\u00e9s sur le patient.\" \/>\n<meta property=\"og:url\" content=\"https:\/\/physiolasalle.com\/en\/our-team\/\" \/>\n<meta property=\"og:site_name\" content=\"Physioth\u00e9rapie Solution Active\" \/>\n<meta property=\"article:publisher\" content=\"https:\/\/www.facebook.com\/PhysioSolutionActiveVerdun\/\" \/>\n<meta property=\"article:modified_time\" content=\"2025-06-06T16:03:11+00:00\" \/>\n<meta property=\"og:image\" content=\"https:\/\/physiolasalle.com\/wp-content\/uploads\/2023\/04\/iStock-1371711142-scaled.jpg\" \/>\n\t<meta property=\"og:image:width\" content=\"2560\" \/>\n\t<meta property=\"og:image:height\" content=\"819\" \/>\n\t<meta property=\"og:image:type\" content=\"image\/jpeg\" \/>\n<meta name=\"twitter:card\" content=\"summary_large_image\" \/>\n<meta name=\"twitter:label1\" content=\"Est. reading time\" \/>\n\t<meta name=\"twitter:data1\" content=\"1 minute\" \/>\n<script type=\"application\/ld+json\" class=\"yoast-schema-graph\">{\"@context\":\"https:\\\/\\\/schema.org\",\"@graph\":[{\"@type\":\"WebPage\",\"@id\":\"https:\\\/\\\/physiolasalle.com\\\/notre-equipe\\\/\",\"url\":\"https:\\\/\\\/physiolasalle.com\\\/notre-equipe\\\/\",\"name\":\"Notre \u00e9quipe chez Physioth\u00e9rapie Solution Active\",\"isPartOf\":{\"@id\":\"https:\\\/\\\/physiolasalle.com\\\/#website\"},\"primaryImageOfPage\":{\"@id\":\"https:\\\/\\\/physiolasalle.com\\\/notre-equipe\\\/#primaryimage\"},\"image\":{\"@id\":\"https:\\\/\\\/physiolasalle.com\\\/notre-equipe\\\/#primaryimage\"},\"thumbnailUrl\":\"https:\\\/\\\/physiolasalle.com\\\/wp-content\\\/uploads\\\/2023\\\/04\\\/iStock-1371711142-scaled.jpg\",\"datePublished\":\"2022-12-13T14:54:08+00:00\",\"dateModified\":\"2025-06-06T16:03:11+00:00\",\"description\":\"Rencontrez notre \u00e9quipe d\u00e9vou\u00e9e de th\u00e9rapeutes et personnel de soutien \u2014 unis pour offrir des soins de qualit\u00e9 centr\u00e9s sur le patient.\",\"breadcrumb\":{\"@id\":\"https:\\\/\\\/physiolasalle.com\\\/notre-equipe\\\/#breadcrumb\"},\"inLanguage\":\"en-US\",\"potentialAction\":[{\"@type\":\"ReadAction\",\"target\":[\"https:\\\/\\\/physiolasalle.com\\\/notre-equipe\\\/\"]}]},{\"@type\":\"ImageObject\",\"inLanguage\":\"en-US\",\"@id\":\"https:\\\/\\\/physiolasalle.com\\\/notre-equipe\\\/#primaryimage\",\"url\":\"https:\\\/\\\/physiolasalle.com\\\/wp-content\\\/uploads\\\/2023\\\/04\\\/iStock-1371711142-scaled.jpg\",\"contentUrl\":\"https:\\\/\\\/physiolasalle.com\\\/wp-content\\\/uploads\\\/2023\\\/04\\\/iStock-1371711142-scaled.jpg\"},{\"@type\":\"BreadcrumbList\",\"@id\":\"https:\\\/\\\/physiolasalle.com\\\/notre-equipe\\\/#breadcrumb\",\"itemListElement\":[{\"@type\":\"ListItem\",\"position\":1,\"name\":\"Home\",\"item\":\"https:\\\/\\\/physiolasalle.com\\\/\"},{\"@type\":\"ListItem\",\"position\":2,\"name\":\"4.0 &#8211; Notre \u00c9quipe\"}]},{\"@type\":\"WebSite\",\"@id\":\"https:\\\/\\\/physiolasalle.com\\\/#website\",\"url\":\"https:\\\/\\\/physiolasalle.com\\\/\",\"name\":\"Physioth\u00e9rapie Solution Active\",\"description\":\"\",\"publisher\":{\"@id\":\"https:\\\/\\\/physiolasalle.com\\\/#organization\"},\"alternateName\":\"Physioth\u00e9rapie Solution Active\",\"potentialAction\":[{\"@type\":\"SearchAction\",\"target\":{\"@type\":\"EntryPoint\",\"urlTemplate\":\"https:\\\/\\\/physiolasalle.com\\\/?s={search_term_string}\"},\"query-input\":{\"@type\":\"PropertyValueSpecification\",\"valueRequired\":true,\"valueName\":\"search_term_string\"}}],\"inLanguage\":\"en-US\"},{\"@type\":\"Organization\",\"@id\":\"https:\\\/\\\/physiolasalle.com\\\/#organization\",\"name\":\"Physioth\u00e9rapie Solution Active\",\"url\":\"https:\\\/\\\/physiolasalle.com\\\/\",\"logo\":{\"@type\":\"ImageObject\",\"inLanguage\":\"en-US\",\"@id\":\"https:\\\/\\\/physiolasalle.com\\\/#\\\/schema\\\/logo\\\/image\\\/\",\"url\":\"https:\\\/\\\/physiolasalle.com\\\/wp-content\\\/uploads\\\/2022\\\/12\\\/New-Logo.png\",\"contentUrl\":\"https:\\\/\\\/physiolasalle.com\\\/wp-content\\\/uploads\\\/2022\\\/12\\\/New-Logo.png\",\"width\":1800,\"height\":566,\"caption\":\"Physioth\u00e9rapie Solution Active\"},\"image\":{\"@id\":\"https:\\\/\\\/physiolasalle.com\\\/#\\\/schema\\\/logo\\\/image\\\/\"},\"sameAs\":[\"https:\\\/\\\/www.facebook.com\\\/PhysioSolutionActiveVerdun\\\/\",\"https:\\\/\\\/www.facebook.com\\\/PhysioSolutionActiveMonk\"]}]}<\/script>\n<!-- \/ Yoast SEO plugin. -->","yoast_head_json":{"title":"Active Solution Physiotherapy's team","description":"Meet our dedicated team of therapists and support staff\u2014working together to provide quality evidence-based patient-centered care.","robots":{"index":"noindex","follow":"follow","max-snippet":"max-snippet:-1","max-image-preview":"max-image-preview:large","max-video-preview":"max-video-preview:-1"},"og_locale":"en_US","og_type":"article","og_title":"Notre \u00e9quipe chez Physioth\u00e9rapie Solution Active","og_description":"Rencontrez notre \u00e9quipe d\u00e9vou\u00e9e de th\u00e9rapeutes et personnel de soutien \u2014 unis pour offrir des soins de qualit\u00e9 centr\u00e9s sur le patient.","og_url":"https:\/\/physiolasalle.com\/en\/our-team\/","og_site_name":"Physioth\u00e9rapie Solution Active","article_publisher":"https:\/\/www.facebook.com\/PhysioSolutionActiveVerdun\/","article_modified_time":"2025-06-06T16:03:11+00:00","og_image":[{"width":2560,"height":819,"url":"https:\/\/physiolasalle.com\/wp-content\/uploads\/2023\/04\/iStock-1371711142-scaled.jpg","type":"image\/jpeg"}],"twitter_card":"summary_large_image","twitter_misc":{"Est. reading time":"1 minute"},"schema":{"@context":"https:\/\/schema.org","@graph":[{"@type":"WebPage","@id":"https:\/\/physiolasalle.com\/notre-equipe\/","url":"https:\/\/physiolasalle.com\/notre-equipe\/","name":"Active Solution Physiotherapy's team","isPartOf":{"@id":"https:\/\/physiolasalle.com\/#website"},"primaryImageOfPage":{"@id":"https:\/\/physiolasalle.com\/notre-equipe\/#primaryimage"},"image":{"@id":"https:\/\/physiolasalle.com\/notre-equipe\/#primaryimage"},"thumbnailUrl":"https:\/\/physiolasalle.com\/wp-content\/uploads\/2023\/04\/iStock-1371711142-scaled.jpg","datePublished":"2022-12-13T14:54:08+00:00","dateModified":"2025-06-06T16:03:11+00:00","description":"Meet our dedicated team of therapists and support staff\u2014working together to provide quality evidence-based patient-centered care.","breadcrumb":{"@id":"https:\/\/physiolasalle.com\/notre-equipe\/#breadcrumb"},"inLanguage":"en-US","potentialAction":[{"@type":"ReadAction","target":["https:\/\/physiolasalle.com\/notre-equipe\/"]}]},{"@type":"ImageObject","inLanguage":"en-US","@id":"https:\/\/physiolasalle.com\/notre-equipe\/#primaryimage","url":"https:\/\/physiolasalle.com\/wp-content\/uploads\/2023\/04\/iStock-1371711142-scaled.jpg","contentUrl":"https:\/\/physiolasalle.com\/wp-content\/uploads\/2023\/04\/iStock-1371711142-scaled.jpg"},{"@type":"BreadcrumbList","@id":"https:\/\/physiolasalle.com\/notre-equipe\/#breadcrumb","itemListElement":[{"@type":"ListItem","position":1,"name":"Home","item":"https:\/\/physiolasalle.com\/"},{"@type":"ListItem","position":2,"name":"4.0 &#8211; Notre \u00c9quipe"}]},{"@type":"WebSite","@id":"https:\/\/physiolasalle.com\/#website","url":"https:\/\/physiolasalle.com\/","name":"Active Solution Physiotherapy","description":"","publisher":{"@id":"https:\/\/physiolasalle.com\/#organization"},"alternateName":"Physioth\u00e9rapie Solution Active","potentialAction":[{"@type":"SearchAction","target":{"@type":"EntryPoint","urlTemplate":"https:\/\/physiolasalle.com\/?s={search_term_string}"},"query-input":{"@type":"PropertyValueSpecification","valueRequired":true,"valueName":"search_term_string"}}],"inLanguage":"en-US"},{"@type":"Organization","@id":"https:\/\/physiolasalle.com\/#organization","name":"Active Solution Physiotherapy","url":"https:\/\/physiolasalle.com\/","logo":{"@type":"ImageObject","inLanguage":"en-US","@id":"https:\/\/physiolasalle.com\/#\/schema\/logo\/image\/","url":"https:\/\/physiolasalle.com\/wp-content\/uploads\/2022\/12\/New-Logo.png","contentUrl":"https:\/\/physiolasalle.com\/wp-content\/uploads\/2022\/12\/New-Logo.png","width":1800,"height":566,"caption":"Physioth\u00e9rapie Solution Active"},"image":{"@id":"https:\/\/physiolasalle.com\/#\/schema\/logo\/image\/"},"sameAs":["https:\/\/www.facebook.com\/PhysioSolutionActiveVerdun\/","https:\/\/www.facebook.com\/PhysioSolutionActiveMonk"]}]}},"_links":{"self":[{"href":"https:\/\/physiolasalle.com\/en\/wp-json\/wp\/v2\/pages\/588","targetHints":{"allow":["GET"]}}],"collection":[{"href":"https:\/\/physiolasalle.com\/en\/wp-json\/wp\/v2\/pages"}],"about":[{"href":"https:\/\/physiolasalle.com\/en\/wp-json\/wp\/v2\/types\/page"}],"author":[{"embeddable":true,"href":"https:\/\/physiolasalle.com\/en\/wp-json\/wp\/v2\/users\/1"}],"replies":[{"embeddable":true,"href":"https:\/\/physiolasalle.com\/en\/wp-json\/wp\/v2\/comments?post=588"}],"version-history":[{"count":11,"href":"https:\/\/physiolasalle.com\/en\/wp-json\/wp\/v2\/pages\/588\/revisions"}],"predecessor-version":[{"id":20957,"href":"https:\/\/physiolasalle.com\/en\/wp-json\/wp\/v2\/pages\/588\/revisions\/20957"}],"wp:attachment":[{"href":"https:\/\/physiolasalle.com\/en\/wp-json\/wp\/v2\/media?parent=588"}],"wp:term":[{"taxonomy":"category","embeddable":true,"href":"https:\/\/physiolasalle.com\/en\/wp-json\/wp\/v2\/categories?post=588"},{"taxonomy":"post_tag","embeddable":true,"href":"https:\/\/physiolasalle.com\/en\/wp-json\/wp\/v2\/tags?post=588"}],"curies":[{"name":"wp","href":"https:\/\/api.w.org\/{rel}","templated":true}]}}