{"id":20885,"date":"2025-05-06T15:13:37","date_gmt":"2025-05-06T19:13:37","guid":{"rendered":"https:\/\/physiolasalle.com\/?page_id=20885"},"modified":"2026-02-10T13:27:10","modified_gmt":"2026-02-10T18:27:10","slug":"equipe-technologues-en-physiotherapie-lasalle","status":"publish","type":"page","link":"https:\/\/physiolasalle.com\/en\/equipe-technologues-en-physiotherapie-lasalle\/","title":{"rendered":"4.1.6  &#8211; T.Phys"},"content":{"rendered":"<div data-elementor-type=\"wp-page\" data-elementor-id=\"20885\" class=\"elementor elementor-20885\" data-elementor-post-type=\"page\">\n\t\t\t\t\t\t<section data-particle_enable=\"false\" data-particle-mobile-disabled=\"false\" class=\"elementor-section elementor-top-section elementor-element elementor-element-c16b951 elementor-section-height-full elementor-section-boxed elementor-section-height-default elementor-section-items-middle\" data-id=\"c16b951\" data-element_type=\"section\" data-e-type=\"section\" data-settings=\"{&quot;background_background&quot;:&quot;classic&quot;}\">\n\t\t\t\t\t\t<div class=\"elementor-container elementor-column-gap-default\">\n\t\t\t\t\t<div class=\"elementor-column elementor-col-100 elementor-top-column elementor-element elementor-element-fbc0732\" data-id=\"fbc0732\" data-element_type=\"column\" data-e-type=\"column\" data-settings=\"{&quot;background_background&quot;:&quot;classic&quot;}\">\n\t\t\t<div class=\"elementor-widget-wrap elementor-element-populated\">\n\t\t\t\t\t\t<section data-particle_enable=\"false\" data-particle-mobile-disabled=\"false\" class=\"elementor-section elementor-inner-section elementor-element elementor-element-69a2b4a elementor-section-boxed elementor-section-height-default elementor-section-height-default\" data-id=\"69a2b4a\" data-element_type=\"section\" data-e-type=\"section\">\n\t\t\t\t\t\t<div class=\"elementor-container elementor-column-gap-default\">\n\t\t\t\t\t<div class=\"elementor-column elementor-col-100 elementor-inner-column elementor-element elementor-element-1304ed0\" data-id=\"1304ed0\" data-element_type=\"column\" data-e-type=\"column\">\n\t\t\t<div class=\"elementor-widget-wrap elementor-element-populated\">\n\t\t\t\t\t\t<div class=\"elementor-element elementor-element-99b529c elementor-widget elementor-widget-heading\" data-id=\"99b529c\" data-element_type=\"widget\" data-e-type=\"widget\" data-widget_type=\"heading.default\">\n\t\t\t\t\t<h1 class=\"elementor-heading-title elementor-size-default\">Nos technologues en physioth\u00e9rapie \u00e0 <br>Active Solution Physiotherapy LaSalle<\/h1>\t\t\t\t<\/div>\n\t\t\t\t\t<\/div>\n\t\t<\/div>\n\t\t\t\t\t<\/div>\n\t\t<\/section>\n\t\t\t\t\t<\/div>\n\t\t<\/div>\n\t\t\t\t\t<\/div>\n\t\t<\/section>\n\t\t\t\t<section data-particle_enable=\"false\" data-particle-mobile-disabled=\"false\" class=\"elementor-section elementor-top-section elementor-element elementor-element-ac7f6ff elementor-section-boxed elementor-section-height-default elementor-section-height-default\" data-id=\"ac7f6ff\" data-element_type=\"section\" data-e-type=\"section\">\n\t\t\t\t\t\t<div class=\"elementor-container elementor-column-gap-default\">\n\t\t\t\t\t<div class=\"elementor-column elementor-col-25 elementor-top-column elementor-element elementor-element-fffc353\" data-id=\"fffc353\" data-element_type=\"column\" data-e-type=\"column\">\n\t\t\t<div class=\"elementor-widget-wrap elementor-element-populated\">\n\t\t\t\t\t\t<div class=\"elementor-element elementor-element-c3207f2 elementor-widget elementor-widget-image\" data-id=\"c3207f2\" data-element_type=\"widget\" data-e-type=\"widget\" data-widget_type=\"image.default\">\n\t\t\t\t\t\t\t\t\t\t\t\t\t\t\t\t<a href=\"https:\/\/physiolasalle.com\/en\/team-marie-julie-mailhot\/\">\n\t\t\t\t\t\t\t<img fetchpriority=\"high\" decoding=\"async\" width=\"535\" height=\"564\" src=\"https:\/\/physiolasalle.com\/wp-content\/uploads\/2026\/01\/main-page-marie-julie.png\" class=\"attachment-large size-large wp-image-21430\" alt=\"\" srcset=\"https:\/\/physiolasalle.com\/wp-content\/uploads\/2026\/01\/main-page-marie-julie.png 535w, https:\/\/physiolasalle.com\/wp-content\/uploads\/2026\/01\/main-page-marie-julie-285x300.png 285w, https:\/\/physiolasalle.com\/wp-content\/uploads\/2026\/01\/main-page-marie-julie-11x12.png 11w\" sizes=\"(max-width: 535px) 100vw, 535px\" \/>\t\t\t\t\t\t\t\t<\/a>\n\t\t\t\t\t\t\t\t\t\t\t\t\t\t\t<\/div>\n\t\t\t\t<div class=\"elementor-element elementor-element-d9ae89c elementor-widget elementor-widget-text-editor\" data-id=\"d9ae89c\" data-element_type=\"widget\" data-e-type=\"widget\" data-widget_type=\"text-editor.default\">\n\t\t\t\t\t\t\t\t\t<h6><a href=\"https:\/\/physiolasalle.com\/en\/team-marie-julie-mailhot\/\">Marie-Julie Mailhot<\/a><\/h6>\t\t\t\t\t\t\t\t<\/div>\n\t\t\t\t\t<\/div>\n\t\t<\/div>\n\t\t\t\t<div class=\"elementor-column elementor-col-25 elementor-top-column elementor-element elementor-element-d38bdd9\" data-id=\"d38bdd9\" data-element_type=\"column\" data-e-type=\"column\">\n\t\t\t<div class=\"elementor-widget-wrap elementor-element-populated\">\n\t\t\t\t\t\t<div class=\"elementor-element elementor-element-7b3e4ee elementor-widget elementor-widget-image\" data-id=\"7b3e4ee\" data-element_type=\"widget\" data-e-type=\"widget\" data-widget_type=\"image.default\">\n\t\t\t\t\t\t\t\t\t\t\t\t\t\t\t\t<a href=\"https:\/\/physiolasalle.com\/en\/team-khalil-sharifi\/\">\n\t\t\t\t\t\t\t<img decoding=\"async\" width=\"535\" height=\"564\" src=\"https:\/\/physiolasalle.com\/wp-content\/uploads\/2026\/02\/Khalil-main-page.jpg\" class=\"attachment-large size-large wp-image-21519\" alt=\"\" srcset=\"https:\/\/physiolasalle.com\/wp-content\/uploads\/2026\/02\/Khalil-main-page.jpg 535w, https:\/\/physiolasalle.com\/wp-content\/uploads\/2026\/02\/Khalil-main-page-285x300.jpg 285w, https:\/\/physiolasalle.com\/wp-content\/uploads\/2026\/02\/Khalil-main-page-11x12.jpg 11w\" sizes=\"(max-width: 535px) 100vw, 535px\" \/>\t\t\t\t\t\t\t\t<\/a>\n\t\t\t\t\t\t\t\t\t\t\t\t\t\t\t<\/div>\n\t\t\t\t<div class=\"elementor-element elementor-element-9487fa7 elementor-widget elementor-widget-text-editor\" data-id=\"9487fa7\" data-element_type=\"widget\" data-e-type=\"widget\" data-widget_type=\"text-editor.default\">\n\t\t\t\t\t\t\t\t\t<h6><a href=\"https:\/\/physiolasalle.com\/en\/team-khalil-sharifi\/\">Khalil Sharifi<\/a><\/h6>\t\t\t\t\t\t\t\t<\/div>\n\t\t\t\t\t<\/div>\n\t\t<\/div>\n\t\t\t\t<div class=\"elementor-column elementor-col-25 elementor-top-column elementor-element elementor-element-e3c4061\" data-id=\"e3c4061\" data-element_type=\"column\" data-e-type=\"column\">\n\t\t\t<div class=\"elementor-widget-wrap\">\n\t\t\t\t\t\t\t<\/div>\n\t\t<\/div>\n\t\t\t\t<div class=\"elementor-column elementor-col-25 elementor-top-column elementor-element elementor-element-a32b2a4\" data-id=\"a32b2a4\" data-element_type=\"column\" data-e-type=\"column\">\n\t\t\t<div class=\"elementor-widget-wrap\">\n\t\t\t\t\t\t\t<\/div>\n\t\t<\/div>\n\t\t\t\t\t<\/div>\n\t\t<\/section>\n\t\t\t\t<section data-particle_enable=\"false\" data-particle-mobile-disabled=\"false\" class=\"elementor-section elementor-top-section elementor-element elementor-element-1068232 elementor-section-boxed elementor-section-height-default elementor-section-height-default\" data-id=\"1068232\" data-element_type=\"section\" data-e-type=\"section\">\n\t\t\t\t\t\t<div class=\"elementor-container elementor-column-gap-default\">\n\t\t\t\t\t<div class=\"elementor-column elementor-col-100 elementor-top-column elementor-element elementor-element-f583fe7\" data-id=\"f583fe7\" data-element_type=\"column\" data-e-type=\"column\">\n\t\t\t<div class=\"elementor-widget-wrap elementor-element-populated\">\n\t\t\t\t\t\t<div class=\"elementor-element elementor-element-ed67ed3 elementor-widget elementor-widget-image\" data-id=\"ed67ed3\" data-element_type=\"widget\" data-e-type=\"widget\" data-widget_type=\"image.default\">\n\t\t\t\t\t\t\t\t\t\t\t\t\t\t\t<img decoding=\"async\" width=\"2560\" height=\"819\" src=\"https:\/\/physiolasalle.com\/wp-content\/uploads\/2023\/04\/iStock-1371711142-scaled.jpg\" class=\"attachment-full size-full wp-image-6397\" alt=\"\" srcset=\"https:\/\/physiolasalle.com\/wp-content\/uploads\/2023\/04\/iStock-1371711142-scaled.jpg 2560w, https:\/\/physiolasalle.com\/wp-content\/uploads\/2023\/04\/iStock-1371711142-scaled-600x192.jpg 600w, https:\/\/physiolasalle.com\/wp-content\/uploads\/2023\/04\/iStock-1371711142-300x96.jpg 300w, https:\/\/physiolasalle.com\/wp-content\/uploads\/2023\/04\/iStock-1371711142-1024x327.jpg 1024w, https:\/\/physiolasalle.com\/wp-content\/uploads\/2023\/04\/iStock-1371711142-768x246.jpg 768w, https:\/\/physiolasalle.com\/wp-content\/uploads\/2023\/04\/iStock-1371711142-1536x491.jpg 1536w, https:\/\/physiolasalle.com\/wp-content\/uploads\/2023\/04\/iStock-1371711142-2048x655.jpg 2048w, https:\/\/physiolasalle.com\/wp-content\/uploads\/2023\/04\/iStock-1371711142-18x6.jpg 18w\" sizes=\"(max-width: 2560px) 100vw, 2560px\" \/>\t\t\t\t\t\t\t\t\t\t\t\t\t\t\t<\/div>\n\t\t\t\t\t<\/div>\n\t\t<\/div>\n\t\t\t\t\t<\/div>\n\t\t<\/section>\n\t\t\t\t<\/div>","protected":false},"excerpt":{"rendered":"<p>Nos technologues en physioth\u00e9rapie \u00e0 Physioth\u00e9rapie Solution Active LaSalle Marie-Julie Mailhot Khalil Sharifi<\/p>","protected":false},"author":11,"featured_media":0,"parent":0,"menu_order":0,"comment_status":"closed","ping_status":"closed","template":"","meta":{"footnotes":""},"categories":[],"tags":[],"class_list":["post-20885","page","type-page","status-publish","hentry"],"yoast_head":"<!-- This site is optimized with the Yoast SEO plugin v27.4 - https:\/\/yoast.com\/product\/yoast-seo-wordpress\/ -->\n<title>Nos technologues en physioth\u00e9rapie - Physioth\u00e9rapie Solution Active LaSale<\/title>\n<meta name=\"description\" content=\"Nos technologues en physioth\u00e9rapie exp\u00e9riment\u00e9s sont essentiels \u00e0 votre \u00e9quipe de r\u00e9habilitation. L&#039;encouragement et le plaisir sont au RDV!\" \/>\n<meta name=\"robots\" content=\"noindex, follow, max-snippet:-1, max-image-preview:large, max-video-preview:-1\" \/>\n<meta property=\"og:locale\" content=\"en_US\" \/>\n<meta property=\"og:type\" content=\"article\" \/>\n<meta property=\"og:title\" content=\"Nos technologues en physioth\u00e9rapie - Physioth\u00e9rapie Solution Active LaSale\" \/>\n<meta property=\"og:description\" content=\"Nos technologues en physioth\u00e9rapie exp\u00e9riment\u00e9s sont essentiels \u00e0 votre \u00e9quipe de r\u00e9habilitation. L&#039;encouragement et le plaisir sont au RDV!\" \/>\n<meta property=\"og:url\" content=\"https:\/\/physiolasalle.com\/en\/equipe-technologues-en-physiotherapie-lasalle\/\" \/>\n<meta property=\"og:site_name\" content=\"Physioth\u00e9rapie Solution Active\" \/>\n<meta property=\"article:publisher\" content=\"https:\/\/www.facebook.com\/PhysioSolutionActiveVerdun\/\" \/>\n<meta property=\"article:modified_time\" content=\"2026-02-10T18:27:10+00:00\" \/>\n<meta property=\"og:image\" content=\"https:\/\/physiolasalle.com\/wp-content\/uploads\/2026\/01\/main-page-marie-julie.png\" \/>\n\t<meta property=\"og:image:width\" content=\"535\" \/>\n\t<meta property=\"og:image:height\" content=\"564\" \/>\n\t<meta property=\"og:image:type\" content=\"image\/png\" \/>\n<meta name=\"twitter:card\" content=\"summary_large_image\" \/>\n<meta name=\"twitter:label1\" content=\"Est. reading time\" \/>\n\t<meta name=\"twitter:data1\" content=\"1 minute\" \/>\n<script type=\"application\/ld+json\" class=\"yoast-schema-graph\">{\"@context\":\"https:\\\/\\\/schema.org\",\"@graph\":[{\"@type\":\"WebPage\",\"@id\":\"https:\\\/\\\/physiolasalle.com\\\/equipe-technologues-en-physiotherapie-lasalle\\\/\",\"url\":\"https:\\\/\\\/physiolasalle.com\\\/equipe-technologues-en-physiotherapie-lasalle\\\/\",\"name\":\"Nos technologues en physioth\u00e9rapie - Physioth\u00e9rapie Solution Active LaSale\",\"isPartOf\":{\"@id\":\"https:\\\/\\\/physiolasalle.com\\\/#website\"},\"primaryImageOfPage\":{\"@id\":\"https:\\\/\\\/physiolasalle.com\\\/equipe-technologues-en-physiotherapie-lasalle\\\/#primaryimage\"},\"image\":{\"@id\":\"https:\\\/\\\/physiolasalle.com\\\/equipe-technologues-en-physiotherapie-lasalle\\\/#primaryimage\"},\"thumbnailUrl\":\"https:\\\/\\\/physiolasalle.com\\\/wp-content\\\/uploads\\\/2026\\\/01\\\/main-page-marie-julie.png\",\"datePublished\":\"2025-05-06T19:13:37+00:00\",\"dateModified\":\"2026-02-10T18:27:10+00:00\",\"description\":\"Nos technologues en physioth\u00e9rapie exp\u00e9riment\u00e9s sont essentiels \u00e0 votre \u00e9quipe de r\u00e9habilitation. L'encouragement et le plaisir sont au RDV!\",\"breadcrumb\":{\"@id\":\"https:\\\/\\\/physiolasalle.com\\\/equipe-technologues-en-physiotherapie-lasalle\\\/#breadcrumb\"},\"inLanguage\":\"en-US\",\"potentialAction\":[{\"@type\":\"ReadAction\",\"target\":[\"https:\\\/\\\/physiolasalle.com\\\/equipe-technologues-en-physiotherapie-lasalle\\\/\"]}]},{\"@type\":\"ImageObject\",\"inLanguage\":\"en-US\",\"@id\":\"https:\\\/\\\/physiolasalle.com\\\/equipe-technologues-en-physiotherapie-lasalle\\\/#primaryimage\",\"url\":\"https:\\\/\\\/physiolasalle.com\\\/wp-content\\\/uploads\\\/2026\\\/01\\\/main-page-marie-julie.png\",\"contentUrl\":\"https:\\\/\\\/physiolasalle.com\\\/wp-content\\\/uploads\\\/2026\\\/01\\\/main-page-marie-julie.png\"},{\"@type\":\"BreadcrumbList\",\"@id\":\"https:\\\/\\\/physiolasalle.com\\\/equipe-technologues-en-physiotherapie-lasalle\\\/#breadcrumb\",\"itemListElement\":[{\"@type\":\"ListItem\",\"position\":1,\"name\":\"Home\",\"item\":\"https:\\\/\\\/physiolasalle.com\\\/\"},{\"@type\":\"ListItem\",\"position\":2,\"name\":\"4.1.6 &#8211; T.Phys\"}]},{\"@type\":\"WebSite\",\"@id\":\"https:\\\/\\\/physiolasalle.com\\\/#website\",\"url\":\"https:\\\/\\\/physiolasalle.com\\\/\",\"name\":\"Physioth\u00e9rapie Solution Active\",\"description\":\"\",\"publisher\":{\"@id\":\"https:\\\/\\\/physiolasalle.com\\\/#organization\"},\"alternateName\":\"Physioth\u00e9rapie Solution Active\",\"potentialAction\":[{\"@type\":\"SearchAction\",\"target\":{\"@type\":\"EntryPoint\",\"urlTemplate\":\"https:\\\/\\\/physiolasalle.com\\\/?s={search_term_string}\"},\"query-input\":{\"@type\":\"PropertyValueSpecification\",\"valueRequired\":true,\"valueName\":\"search_term_string\"}}],\"inLanguage\":\"en-US\"},{\"@type\":\"Organization\",\"@id\":\"https:\\\/\\\/physiolasalle.com\\\/#organization\",\"name\":\"Physioth\u00e9rapie Solution Active\",\"url\":\"https:\\\/\\\/physiolasalle.com\\\/\",\"logo\":{\"@type\":\"ImageObject\",\"inLanguage\":\"en-US\",\"@id\":\"https:\\\/\\\/physiolasalle.com\\\/#\\\/schema\\\/logo\\\/image\\\/\",\"url\":\"https:\\\/\\\/physiolasalle.com\\\/wp-content\\\/uploads\\\/2022\\\/12\\\/New-Logo.png\",\"contentUrl\":\"https:\\\/\\\/physiolasalle.com\\\/wp-content\\\/uploads\\\/2022\\\/12\\\/New-Logo.png\",\"width\":1800,\"height\":566,\"caption\":\"Physioth\u00e9rapie Solution Active\"},\"image\":{\"@id\":\"https:\\\/\\\/physiolasalle.com\\\/#\\\/schema\\\/logo\\\/image\\\/\"},\"sameAs\":[\"https:\\\/\\\/www.facebook.com\\\/PhysioSolutionActiveVerdun\\\/\",\"https:\\\/\\\/www.facebook.com\\\/PhysioSolutionActiveMonk\"]}]}<\/script>\n<!-- \/ Yoast SEO plugin. -->","yoast_head_json":{"title":"Our Physiotherapy Technologists - Active Solution Physiotherapy LaSalle","description":"Nos technologues en physioth\u00e9rapie exp\u00e9riment\u00e9s sont essentiels \u00e0 votre \u00e9quipe de r\u00e9habilitation. L'encouragement et le plaisir sont au RDV!","robots":{"index":"noindex","follow":"follow","max-snippet":"max-snippet:-1","max-image-preview":"max-image-preview:large","max-video-preview":"max-video-preview:-1"},"og_locale":"en_US","og_type":"article","og_title":"Nos technologues en physioth\u00e9rapie - Physioth\u00e9rapie Solution Active LaSale","og_description":"Nos technologues en physioth\u00e9rapie exp\u00e9riment\u00e9s sont essentiels \u00e0 votre \u00e9quipe de r\u00e9habilitation. L'encouragement et le plaisir sont au RDV!","og_url":"https:\/\/physiolasalle.com\/en\/equipe-technologues-en-physiotherapie-lasalle\/","og_site_name":"Physioth\u00e9rapie Solution Active","article_publisher":"https:\/\/www.facebook.com\/PhysioSolutionActiveVerdun\/","article_modified_time":"2026-02-10T18:27:10+00:00","og_image":[{"width":535,"height":564,"url":"https:\/\/physiolasalle.com\/wp-content\/uploads\/2026\/01\/main-page-marie-julie.png","type":"image\/png"}],"twitter_card":"summary_large_image","twitter_misc":{"Est. reading time":"1 minute"},"schema":{"@context":"https:\/\/schema.org","@graph":[{"@type":"WebPage","@id":"https:\/\/physiolasalle.com\/equipe-technologues-en-physiotherapie-lasalle\/","url":"https:\/\/physiolasalle.com\/equipe-technologues-en-physiotherapie-lasalle\/","name":"Our Physiotherapy Technologists - Active Solution Physiotherapy LaSalle","isPartOf":{"@id":"https:\/\/physiolasalle.com\/#website"},"primaryImageOfPage":{"@id":"https:\/\/physiolasalle.com\/equipe-technologues-en-physiotherapie-lasalle\/#primaryimage"},"image":{"@id":"https:\/\/physiolasalle.com\/equipe-technologues-en-physiotherapie-lasalle\/#primaryimage"},"thumbnailUrl":"https:\/\/physiolasalle.com\/wp-content\/uploads\/2026\/01\/main-page-marie-julie.png","datePublished":"2025-05-06T19:13:37+00:00","dateModified":"2026-02-10T18:27:10+00:00","description":"Nos technologues en physioth\u00e9rapie exp\u00e9riment\u00e9s sont essentiels \u00e0 votre \u00e9quipe de r\u00e9habilitation. L'encouragement et le plaisir sont au RDV!","breadcrumb":{"@id":"https:\/\/physiolasalle.com\/equipe-technologues-en-physiotherapie-lasalle\/#breadcrumb"},"inLanguage":"en-US","potentialAction":[{"@type":"ReadAction","target":["https:\/\/physiolasalle.com\/equipe-technologues-en-physiotherapie-lasalle\/"]}]},{"@type":"ImageObject","inLanguage":"en-US","@id":"https:\/\/physiolasalle.com\/equipe-technologues-en-physiotherapie-lasalle\/#primaryimage","url":"https:\/\/physiolasalle.com\/wp-content\/uploads\/2026\/01\/main-page-marie-julie.png","contentUrl":"https:\/\/physiolasalle.com\/wp-content\/uploads\/2026\/01\/main-page-marie-julie.png"},{"@type":"BreadcrumbList","@id":"https:\/\/physiolasalle.com\/equipe-technologues-en-physiotherapie-lasalle\/#breadcrumb","itemListElement":[{"@type":"ListItem","position":1,"name":"Home","item":"https:\/\/physiolasalle.com\/"},{"@type":"ListItem","position":2,"name":"4.1.6 &#8211; T.Phys"}]},{"@type":"WebSite","@id":"https:\/\/physiolasalle.com\/#website","url":"https:\/\/physiolasalle.com\/","name":"Active Solution Physiotherapy","description":"","publisher":{"@id":"https:\/\/physiolasalle.com\/#organization"},"alternateName":"Physioth\u00e9rapie Solution Active","potentialAction":[{"@type":"SearchAction","target":{"@type":"EntryPoint","urlTemplate":"https:\/\/physiolasalle.com\/?s={search_term_string}"},"query-input":{"@type":"PropertyValueSpecification","valueRequired":true,"valueName":"search_term_string"}}],"inLanguage":"en-US"},{"@type":"Organization","@id":"https:\/\/physiolasalle.com\/#organization","name":"Active Solution Physiotherapy","url":"https:\/\/physiolasalle.com\/","logo":{"@type":"ImageObject","inLanguage":"en-US","@id":"https:\/\/physiolasalle.com\/#\/schema\/logo\/image\/","url":"https:\/\/physiolasalle.com\/wp-content\/uploads\/2022\/12\/New-Logo.png","contentUrl":"https:\/\/physiolasalle.com\/wp-content\/uploads\/2022\/12\/New-Logo.png","width":1800,"height":566,"caption":"Physioth\u00e9rapie Solution Active"},"image":{"@id":"https:\/\/physiolasalle.com\/#\/schema\/logo\/image\/"},"sameAs":["https:\/\/www.facebook.com\/PhysioSolutionActiveVerdun\/","https:\/\/www.facebook.com\/PhysioSolutionActiveMonk"]}]}},"_links":{"self":[{"href":"https:\/\/physiolasalle.com\/en\/wp-json\/wp\/v2\/pages\/20885","targetHints":{"allow":["GET"]}}],"collection":[{"href":"https:\/\/physiolasalle.com\/en\/wp-json\/wp\/v2\/pages"}],"about":[{"href":"https:\/\/physiolasalle.com\/en\/wp-json\/wp\/v2\/types\/page"}],"author":[{"embeddable":true,"href":"https:\/\/physiolasalle.com\/en\/wp-json\/wp\/v2\/users\/11"}],"replies":[{"embeddable":true,"href":"https:\/\/physiolasalle.com\/en\/wp-json\/wp\/v2\/comments?post=20885"}],"version-history":[{"count":18,"href":"https:\/\/physiolasalle.com\/en\/wp-json\/wp\/v2\/pages\/20885\/revisions"}],"predecessor-version":[{"id":21522,"href":"https:\/\/physiolasalle.com\/en\/wp-json\/wp\/v2\/pages\/20885\/revisions\/21522"}],"wp:attachment":[{"href":"https:\/\/physiolasalle.com\/en\/wp-json\/wp\/v2\/media?parent=20885"}],"wp:term":[{"taxonomy":"category","embeddable":true,"href":"https:\/\/physiolasalle.com\/en\/wp-json\/wp\/v2\/categories?post=20885"},{"taxonomy":"post_tag","embeddable":true,"href":"https:\/\/physiolasalle.com\/en\/wp-json\/wp\/v2\/tags?post=20885"}],"curies":[{"name":"wp","href":"https:\/\/api.w.org\/{rel}","templated":true}]}}