{"id":20307,"date":"2025-05-06T14:51:13","date_gmt":"2025-05-06T18:51:13","guid":{"rendered":"https:\/\/physiolasalle.com\/?page_id=20307"},"modified":"2026-02-10T13:20:18","modified_gmt":"2026-02-10T18:20:18","slug":"team-admin-lasalle","status":"publish","type":"page","link":"https:\/\/physiolasalle.com\/en\/team-admin-lasalle\/","title":{"rendered":"4.1.1 LaSalle Administration"},"content":{"rendered":"<div data-elementor-type=\"wp-page\" data-elementor-id=\"20307\" class=\"elementor elementor-20307\" data-elementor-post-type=\"page\">\n\t\t\t\t\t\t<section data-particle_enable=\"false\" data-particle-mobile-disabled=\"false\" class=\"elementor-section elementor-top-section elementor-element elementor-element-2988834 elementor-section-height-full elementor-section-boxed elementor-section-height-default elementor-section-items-middle\" data-id=\"2988834\" data-element_type=\"section\" data-e-type=\"section\" data-settings=\"{&quot;background_background&quot;:&quot;classic&quot;}\">\n\t\t\t\t\t\t<div class=\"elementor-container elementor-column-gap-default\">\n\t\t\t\t\t<div class=\"elementor-column elementor-col-100 elementor-top-column elementor-element elementor-element-5835b59\" data-id=\"5835b59\" data-element_type=\"column\" data-e-type=\"column\" data-settings=\"{&quot;background_background&quot;:&quot;classic&quot;}\">\n\t\t\t<div class=\"elementor-widget-wrap elementor-element-populated\">\n\t\t\t\t\t\t<section data-particle_enable=\"false\" data-particle-mobile-disabled=\"false\" class=\"elementor-section elementor-inner-section elementor-element elementor-element-58d09e5 elementor-section-boxed elementor-section-height-default elementor-section-height-default\" data-id=\"58d09e5\" data-element_type=\"section\" data-e-type=\"section\">\n\t\t\t\t\t\t<div class=\"elementor-container elementor-column-gap-default\">\n\t\t\t\t\t<div class=\"elementor-column elementor-col-100 elementor-inner-column elementor-element elementor-element-78037fa\" data-id=\"78037fa\" data-element_type=\"column\" data-e-type=\"column\">\n\t\t\t<div class=\"elementor-widget-wrap elementor-element-populated\">\n\t\t\t\t\t\t<div class=\"elementor-element elementor-element-d2a835d elementor-widget elementor-widget-heading\" data-id=\"d2a835d\" data-element_type=\"widget\" data-e-type=\"widget\" data-widget_type=\"heading.default\">\n\t\t\t\t\t<h1 class=\"elementor-heading-title elementor-size-default\">Our Administrative Team - LaSalle<\/h1>\t\t\t\t<\/div>\n\t\t\t\t\t<\/div>\n\t\t<\/div>\n\t\t\t\t\t<\/div>\n\t\t<\/section>\n\t\t\t\t\t<\/div>\n\t\t<\/div>\n\t\t\t\t\t<\/div>\n\t\t<\/section>\n\t\t\t\t<section data-particle_enable=\"false\" data-particle-mobile-disabled=\"false\" class=\"elementor-section elementor-top-section elementor-element elementor-element-c3de3ad elementor-section-boxed elementor-section-height-default elementor-section-height-default\" data-id=\"c3de3ad\" data-element_type=\"section\" data-e-type=\"section\">\n\t\t\t\t\t\t<div class=\"elementor-container elementor-column-gap-default\">\n\t\t\t\t\t<div class=\"elementor-column elementor-col-100 elementor-top-column elementor-element elementor-element-0cd750d\" data-id=\"0cd750d\" data-element_type=\"column\" data-e-type=\"column\">\n\t\t\t<div class=\"elementor-widget-wrap elementor-element-populated\">\n\t\t\t\t\t\t<section data-particle_enable=\"false\" data-particle-mobile-disabled=\"false\" class=\"elementor-section elementor-inner-section elementor-element elementor-element-8a75184 elementor-section-boxed elementor-section-height-default elementor-section-height-default\" data-id=\"8a75184\" data-element_type=\"section\" data-e-type=\"section\">\n\t\t\t\t\t\t<div class=\"elementor-container elementor-column-gap-default\">\n\t\t\t\t\t<div class=\"elementor-column elementor-col-25 elementor-inner-column elementor-element elementor-element-4fdb20a\" data-id=\"4fdb20a\" data-element_type=\"column\" data-e-type=\"column\">\n\t\t\t<div class=\"elementor-widget-wrap elementor-element-populated\">\n\t\t\t\t\t\t<div class=\"elementor-element elementor-element-9e1556b elementor-widget elementor-widget-image\" data-id=\"9e1556b\" data-element_type=\"widget\" data-e-type=\"widget\" data-widget_type=\"image.default\">\n\t\t\t\t\t\t\t\t\t\t\t\t\t\t\t<img fetchpriority=\"high\" decoding=\"async\" width=\"535\" height=\"564\" src=\"https:\/\/physiolasalle.com\/wp-content\/uploads\/2026\/02\/no-photo-main-page.png\" class=\"attachment-large size-large wp-image-21493\" alt=\"\" srcset=\"https:\/\/physiolasalle.com\/wp-content\/uploads\/2026\/02\/no-photo-main-page.png 535w, https:\/\/physiolasalle.com\/wp-content\/uploads\/2026\/02\/no-photo-main-page-285x300.png 285w, https:\/\/physiolasalle.com\/wp-content\/uploads\/2026\/02\/no-photo-main-page-11x12.png 11w\" sizes=\"(max-width: 535px) 100vw, 535px\" \/>\t\t\t\t\t\t\t\t\t\t\t\t\t\t\t<\/div>\n\t\t\t\t<div class=\"elementor-element elementor-element-88b09eb elementor-widget elementor-widget-text-editor\" data-id=\"88b09eb\" data-element_type=\"widget\" data-e-type=\"widget\" data-widget_type=\"text-editor.default\">\n\t\t\t\t\t\t\t\t\t<h6><strong>Karine\n<\/strong><strong>\n<\/strong><br>Administrative Assistant\n<strong>\n<\/strong><\/h6>\t\t\t\t\t\t\t\t<\/div>\n\t\t\t\t\t<\/div>\n\t\t<\/div>\n\t\t\t\t<div class=\"elementor-column elementor-col-25 elementor-inner-column elementor-element elementor-element-952d410\" data-id=\"952d410\" data-element_type=\"column\" data-e-type=\"column\">\n\t\t\t<div class=\"elementor-widget-wrap elementor-element-populated\">\n\t\t\t\t\t\t<div class=\"elementor-element elementor-element-671c2cf elementor-widget elementor-widget-image\" data-id=\"671c2cf\" data-element_type=\"widget\" data-e-type=\"widget\" data-widget_type=\"image.default\">\n\t\t\t\t\t\t\t\t\t\t\t\t\t\t\t<img fetchpriority=\"high\" decoding=\"async\" width=\"535\" height=\"564\" src=\"https:\/\/physiolasalle.com\/wp-content\/uploads\/2026\/02\/no-photo-main-page.png\" class=\"attachment-large size-large wp-image-21493\" alt=\"\" srcset=\"https:\/\/physiolasalle.com\/wp-content\/uploads\/2026\/02\/no-photo-main-page.png 535w, https:\/\/physiolasalle.com\/wp-content\/uploads\/2026\/02\/no-photo-main-page-285x300.png 285w, https:\/\/physiolasalle.com\/wp-content\/uploads\/2026\/02\/no-photo-main-page-11x12.png 11w\" sizes=\"(max-width: 535px) 100vw, 535px\" \/>\t\t\t\t\t\t\t\t\t\t\t\t\t\t\t<\/div>\n\t\t\t\t<div class=\"elementor-element elementor-element-c3b2926 elementor-widget elementor-widget-text-editor\" data-id=\"c3b2926\" data-element_type=\"widget\" data-e-type=\"widget\" data-widget_type=\"text-editor.default\">\n\t\t\t\t\t\t\t\t\t<h6><strong>Manon<\/strong><br \/>Receptionnist<\/h6>\t\t\t\t\t\t\t\t<\/div>\n\t\t\t\t\t<\/div>\n\t\t<\/div>\n\t\t\t\t<div class=\"elementor-column elementor-col-25 elementor-inner-column elementor-element elementor-element-541eb9e\" data-id=\"541eb9e\" data-element_type=\"column\" data-e-type=\"column\">\n\t\t\t<div class=\"elementor-widget-wrap elementor-element-populated\">\n\t\t\t\t\t\t<div class=\"elementor-element elementor-element-c34474a elementor-widget elementor-widget-image\" data-id=\"c34474a\" data-element_type=\"widget\" data-e-type=\"widget\" data-widget_type=\"image.default\">\n\t\t\t\t\t\t\t\t\t\t\t\t\t\t\t<img decoding=\"async\" width=\"535\" height=\"564\" src=\"https:\/\/physiolasalle.com\/wp-content\/uploads\/2026\/01\/main-page-sara.png\" class=\"attachment-large size-large wp-image-21425\" alt=\"\" srcset=\"https:\/\/physiolasalle.com\/wp-content\/uploads\/2026\/01\/main-page-sara.png 535w, https:\/\/physiolasalle.com\/wp-content\/uploads\/2026\/01\/main-page-sara-285x300.png 285w, https:\/\/physiolasalle.com\/wp-content\/uploads\/2026\/01\/main-page-sara-11x12.png 11w\" sizes=\"(max-width: 535px) 100vw, 535px\" \/>\t\t\t\t\t\t\t\t\t\t\t\t\t\t\t<\/div>\n\t\t\t\t<div class=\"elementor-element elementor-element-ef373cf elementor-widget elementor-widget-text-editor\" data-id=\"ef373cf\" data-element_type=\"widget\" data-e-type=\"widget\" data-widget_type=\"text-editor.default\">\n\t\t\t\t\t\t\t\t\t<h6><strong>Sara\n<\/strong><strong> <br>\n<\/strong>Receptionnist\n<strong>\n<\/strong><\/h6>\t\t\t\t\t\t\t\t<\/div>\n\t\t\t\t\t<\/div>\n\t\t<\/div>\n\t\t\t\t<div class=\"elementor-column elementor-col-25 elementor-inner-column elementor-element elementor-element-2c2399d\" data-id=\"2c2399d\" data-element_type=\"column\" data-e-type=\"column\">\n\t\t\t<div class=\"elementor-widget-wrap elementor-element-populated\">\n\t\t\t\t\t\t<div class=\"elementor-element elementor-element-7f2282d elementor-widget elementor-widget-image\" data-id=\"7f2282d\" data-element_type=\"widget\" data-e-type=\"widget\" data-widget_type=\"image.default\">\n\t\t\t\t\t\t\t\t\t\t\t\t\t\t\t<img decoding=\"async\" width=\"535\" height=\"564\" src=\"https:\/\/physiolasalle.com\/wp-content\/uploads\/2026\/01\/main-page-Gabrielle.png\" class=\"attachment-large size-large wp-image-21426\" alt=\"\" srcset=\"https:\/\/physiolasalle.com\/wp-content\/uploads\/2026\/01\/main-page-Gabrielle.png 535w, https:\/\/physiolasalle.com\/wp-content\/uploads\/2026\/01\/main-page-Gabrielle-285x300.png 285w, https:\/\/physiolasalle.com\/wp-content\/uploads\/2026\/01\/main-page-Gabrielle-11x12.png 11w\" sizes=\"(max-width: 535px) 100vw, 535px\" \/>\t\t\t\t\t\t\t\t\t\t\t\t\t\t\t<\/div>\n\t\t\t\t<div class=\"elementor-element elementor-element-2b0354f elementor-widget elementor-widget-text-editor\" data-id=\"2b0354f\" data-element_type=\"widget\" data-e-type=\"widget\" data-widget_type=\"text-editor.default\">\n\t\t\t\t\t\t\t\t\t<h6><strong>Gabrielle\n<\/strong><strong> <br>\n<\/strong>Receptionnist\n<strong>\n<\/strong><\/h6>\t\t\t\t\t\t\t\t<\/div>\n\t\t\t\t\t<\/div>\n\t\t<\/div>\n\t\t\t\t\t<\/div>\n\t\t<\/section>\n\t\t\t\t\t<\/div>\n\t\t<\/div>\n\t\t\t\t\t<\/div>\n\t\t<\/section>\n\t\t\t\t<section data-particle_enable=\"false\" data-particle-mobile-disabled=\"false\" class=\"elementor-section elementor-top-section elementor-element elementor-element-df1b171 elementor-section-boxed elementor-section-height-default elementor-section-height-default\" data-id=\"df1b171\" data-element_type=\"section\" data-e-type=\"section\">\n\t\t\t\t\t\t<div class=\"elementor-container elementor-column-gap-default\">\n\t\t\t\t\t<div class=\"elementor-column elementor-col-100 elementor-top-column elementor-element elementor-element-fdd97ab\" data-id=\"fdd97ab\" data-element_type=\"column\" data-e-type=\"column\">\n\t\t\t<div class=\"elementor-widget-wrap elementor-element-populated\">\n\t\t\t\t\t\t<section data-particle_enable=\"false\" data-particle-mobile-disabled=\"false\" class=\"elementor-section elementor-inner-section elementor-element elementor-element-3da2143 elementor-section-boxed elementor-section-height-default elementor-section-height-default\" data-id=\"3da2143\" data-element_type=\"section\" data-e-type=\"section\">\n\t\t\t\t\t\t<div class=\"elementor-container elementor-column-gap-default\">\n\t\t\t\t\t<div class=\"elementor-column elementor-col-33 elementor-inner-column elementor-element elementor-element-2231fae\" data-id=\"2231fae\" data-element_type=\"column\" data-e-type=\"column\">\n\t\t\t<div class=\"elementor-widget-wrap\">\n\t\t\t\t\t\t\t<\/div>\n\t\t<\/div>\n\t\t\t\t<div class=\"elementor-column elementor-col-33 elementor-inner-column elementor-element elementor-element-08ea273\" data-id=\"08ea273\" data-element_type=\"column\" data-e-type=\"column\">\n\t\t\t<div class=\"elementor-widget-wrap\">\n\t\t\t\t\t\t\t<\/div>\n\t\t<\/div>\n\t\t\t\t<div class=\"elementor-column elementor-col-33 elementor-inner-column elementor-element elementor-element-24e7868\" data-id=\"24e7868\" data-element_type=\"column\" data-e-type=\"column\">\n\t\t\t<div class=\"elementor-widget-wrap\">\n\t\t\t\t\t\t\t<\/div>\n\t\t<\/div>\n\t\t\t\t\t<\/div>\n\t\t<\/section>\n\t\t\t\t\t<\/div>\n\t\t<\/div>\n\t\t\t\t\t<\/div>\n\t\t<\/section>\n\t\t\t\t<section data-particle_enable=\"false\" data-particle-mobile-disabled=\"false\" class=\"elementor-section elementor-top-section elementor-element elementor-element-8df8f99 elementor-section-boxed elementor-section-height-default elementor-section-height-default\" data-id=\"8df8f99\" data-element_type=\"section\" data-e-type=\"section\">\n\t\t\t\t\t\t<div class=\"elementor-container elementor-column-gap-default\">\n\t\t\t\t\t<div class=\"elementor-column elementor-col-100 elementor-top-column elementor-element elementor-element-71b9648\" data-id=\"71b9648\" data-element_type=\"column\" data-e-type=\"column\">\n\t\t\t<div class=\"elementor-widget-wrap elementor-element-populated\">\n\t\t\t\t\t\t<div class=\"elementor-element elementor-element-a6a03f8 elementor-widget elementor-widget-image\" data-id=\"a6a03f8\" data-element_type=\"widget\" data-e-type=\"widget\" data-widget_type=\"image.default\">\n\t\t\t\t\t\t\t\t\t\t\t\t\t\t\t<img loading=\"lazy\" decoding=\"async\" width=\"2560\" height=\"819\" src=\"https:\/\/physiolasalle.com\/wp-content\/uploads\/2023\/04\/iStock-1371711142-scaled.jpg\" class=\"attachment-full size-full wp-image-6397\" alt=\"\" srcset=\"https:\/\/physiolasalle.com\/wp-content\/uploads\/2023\/04\/iStock-1371711142-scaled.jpg 2560w, https:\/\/physiolasalle.com\/wp-content\/uploads\/2023\/04\/iStock-1371711142-scaled-600x192.jpg 600w, https:\/\/physiolasalle.com\/wp-content\/uploads\/2023\/04\/iStock-1371711142-300x96.jpg 300w, https:\/\/physiolasalle.com\/wp-content\/uploads\/2023\/04\/iStock-1371711142-1024x327.jpg 1024w, https:\/\/physiolasalle.com\/wp-content\/uploads\/2023\/04\/iStock-1371711142-768x246.jpg 768w, https:\/\/physiolasalle.com\/wp-content\/uploads\/2023\/04\/iStock-1371711142-1536x491.jpg 1536w, https:\/\/physiolasalle.com\/wp-content\/uploads\/2023\/04\/iStock-1371711142-2048x655.jpg 2048w, https:\/\/physiolasalle.com\/wp-content\/uploads\/2023\/04\/iStock-1371711142-18x6.jpg 18w\" sizes=\"(max-width: 2560px) 100vw, 2560px\" \/>\t\t\t\t\t\t\t\t\t\t\t\t\t\t\t<\/div>\n\t\t\t\t\t<\/div>\n\t\t<\/div>\n\t\t\t\t\t<\/div>\n\t\t<\/section>\n\t\t\t\t<\/div>","protected":false},"excerpt":{"rendered":"<p>Notre \u00e9quipe administrative \u00e0 LaSalle Karine Adjointe administrative ManonAgente d&rsquo;accueil Sara Agente d&rsquo;accueil Gabrielle Agente d&rsquo;accueil<\/p>","protected":false},"author":11,"featured_media":0,"parent":0,"menu_order":0,"comment_status":"closed","ping_status":"closed","template":"","meta":{"footnotes":""},"categories":[],"tags":[],"class_list":["post-20307","page","type-page","status-publish","hentry"],"yoast_head":"<!-- This site is optimized with the Yoast SEO plugin v27.4 - https:\/\/yoast.com\/product\/yoast-seo-wordpress\/ -->\n<title>\u00c9quipe administrative - Physioth\u00e9rapie Solution Active LaSalle<\/title>\n<meta name=\"description\" content=\"Notre \u00e9quipe administrative de la clinique de LaSalle est engag\u00e9e \u00e0 fournir un support exceptionnel et un service sans faille pour garantir une exp\u00e9rience fluide pour chaque patient.\" \/>\n<meta name=\"robots\" content=\"noindex, follow, max-snippet:-1, max-image-preview:large, max-video-preview:-1\" \/>\n<meta property=\"og:locale\" content=\"en_US\" \/>\n<meta property=\"og:type\" content=\"article\" \/>\n<meta property=\"og:title\" content=\"\u00c9quipe administrative - Physioth\u00e9rapie Solution Active LaSalle\" \/>\n<meta property=\"og:description\" content=\"Notre \u00e9quipe administrative de la clinique de LaSalle est engag\u00e9e \u00e0 fournir un support exceptionnel et un service sans faille pour garantir une exp\u00e9rience fluide pour chaque patient.\" \/>\n<meta property=\"og:url\" content=\"https:\/\/physiolasalle.com\/en\/team-admin-lasalle\/\" \/>\n<meta property=\"og:site_name\" content=\"Physioth\u00e9rapie Solution Active\" \/>\n<meta property=\"article:publisher\" content=\"https:\/\/www.facebook.com\/PhysioSolutionActiveVerdun\/\" \/>\n<meta property=\"article:modified_time\" content=\"2026-02-10T18:20:18+00:00\" \/>\n<meta property=\"og:image\" content=\"https:\/\/physiolasalle.com\/wp-content\/uploads\/2026\/02\/no-photo-main-page.png\" \/>\n<meta name=\"twitter:card\" content=\"summary_large_image\" \/>\n<meta name=\"twitter:label1\" content=\"Est. reading time\" \/>\n\t<meta name=\"twitter:data1\" content=\"1 minute\" \/>\n<script type=\"application\/ld+json\" class=\"yoast-schema-graph\">{\"@context\":\"https:\\\/\\\/schema.org\",\"@graph\":[{\"@type\":\"WebPage\",\"@id\":\"https:\\\/\\\/physiolasalle.com\\\/equipe-administration-lasalle\\\/\",\"url\":\"https:\\\/\\\/physiolasalle.com\\\/equipe-administration-lasalle\\\/\",\"name\":\"\u00c9quipe administrative - Physioth\u00e9rapie Solution Active LaSalle\",\"isPartOf\":{\"@id\":\"https:\\\/\\\/physiolasalle.com\\\/#website\"},\"primaryImageOfPage\":{\"@id\":\"https:\\\/\\\/physiolasalle.com\\\/equipe-administration-lasalle\\\/#primaryimage\"},\"image\":{\"@id\":\"https:\\\/\\\/physiolasalle.com\\\/equipe-administration-lasalle\\\/#primaryimage\"},\"thumbnailUrl\":\"https:\\\/\\\/physiolasalle.com\\\/wp-content\\\/uploads\\\/2026\\\/02\\\/no-photo-main-page.png\",\"datePublished\":\"2025-05-06T18:51:13+00:00\",\"dateModified\":\"2026-02-10T18:20:18+00:00\",\"description\":\"Notre \u00e9quipe administrative de la clinique de LaSalle est engag\u00e9e \u00e0 fournir un support exceptionnel et un service sans faille pour garantir une exp\u00e9rience fluide pour chaque patient.\",\"breadcrumb\":{\"@id\":\"https:\\\/\\\/physiolasalle.com\\\/equipe-administration-lasalle\\\/#breadcrumb\"},\"inLanguage\":\"en-US\",\"potentialAction\":[{\"@type\":\"ReadAction\",\"target\":[\"https:\\\/\\\/physiolasalle.com\\\/equipe-administration-lasalle\\\/\"]}]},{\"@type\":\"ImageObject\",\"inLanguage\":\"en-US\",\"@id\":\"https:\\\/\\\/physiolasalle.com\\\/equipe-administration-lasalle\\\/#primaryimage\",\"url\":\"https:\\\/\\\/physiolasalle.com\\\/wp-content\\\/uploads\\\/2026\\\/02\\\/no-photo-main-page.png\",\"contentUrl\":\"https:\\\/\\\/physiolasalle.com\\\/wp-content\\\/uploads\\\/2026\\\/02\\\/no-photo-main-page.png\"},{\"@type\":\"BreadcrumbList\",\"@id\":\"https:\\\/\\\/physiolasalle.com\\\/equipe-administration-lasalle\\\/#breadcrumb\",\"itemListElement\":[{\"@type\":\"ListItem\",\"position\":1,\"name\":\"Home\",\"item\":\"https:\\\/\\\/physiolasalle.com\\\/\"},{\"@type\":\"ListItem\",\"position\":2,\"name\":\"4.1.1 LaSalle Administration\"}]},{\"@type\":\"WebSite\",\"@id\":\"https:\\\/\\\/physiolasalle.com\\\/#website\",\"url\":\"https:\\\/\\\/physiolasalle.com\\\/\",\"name\":\"Physioth\u00e9rapie Solution Active\",\"description\":\"\",\"publisher\":{\"@id\":\"https:\\\/\\\/physiolasalle.com\\\/#organization\"},\"alternateName\":\"Physioth\u00e9rapie Solution Active\",\"potentialAction\":[{\"@type\":\"SearchAction\",\"target\":{\"@type\":\"EntryPoint\",\"urlTemplate\":\"https:\\\/\\\/physiolasalle.com\\\/?s={search_term_string}\"},\"query-input\":{\"@type\":\"PropertyValueSpecification\",\"valueRequired\":true,\"valueName\":\"search_term_string\"}}],\"inLanguage\":\"en-US\"},{\"@type\":\"Organization\",\"@id\":\"https:\\\/\\\/physiolasalle.com\\\/#organization\",\"name\":\"Physioth\u00e9rapie Solution Active\",\"url\":\"https:\\\/\\\/physiolasalle.com\\\/\",\"logo\":{\"@type\":\"ImageObject\",\"inLanguage\":\"en-US\",\"@id\":\"https:\\\/\\\/physiolasalle.com\\\/#\\\/schema\\\/logo\\\/image\\\/\",\"url\":\"https:\\\/\\\/physiolasalle.com\\\/wp-content\\\/uploads\\\/2022\\\/12\\\/New-Logo.png\",\"contentUrl\":\"https:\\\/\\\/physiolasalle.com\\\/wp-content\\\/uploads\\\/2022\\\/12\\\/New-Logo.png\",\"width\":1800,\"height\":566,\"caption\":\"Physioth\u00e9rapie Solution Active\"},\"image\":{\"@id\":\"https:\\\/\\\/physiolasalle.com\\\/#\\\/schema\\\/logo\\\/image\\\/\"},\"sameAs\":[\"https:\\\/\\\/www.facebook.com\\\/PhysioSolutionActiveVerdun\\\/\",\"https:\\\/\\\/www.facebook.com\\\/PhysioSolutionActiveMonk\"]}]}<\/script>\n<!-- \/ Yoast SEO plugin. -->","yoast_head_json":{"title":"Administrative Team - Active Solution Physiotherapy LaSalle","description":"Our LaSalle clinic's administrative team is dedicated to provide exceptionnal support and seamless service to guarantee a fluid experience for each patient.","robots":{"index":"noindex","follow":"follow","max-snippet":"max-snippet:-1","max-image-preview":"max-image-preview:large","max-video-preview":"max-video-preview:-1"},"og_locale":"en_US","og_type":"article","og_title":"\u00c9quipe administrative - Physioth\u00e9rapie Solution Active LaSalle","og_description":"Notre \u00e9quipe administrative de la clinique de LaSalle est engag\u00e9e \u00e0 fournir un support exceptionnel et un service sans faille pour garantir une exp\u00e9rience fluide pour chaque patient.","og_url":"https:\/\/physiolasalle.com\/en\/team-admin-lasalle\/","og_site_name":"Physioth\u00e9rapie Solution Active","article_publisher":"https:\/\/www.facebook.com\/PhysioSolutionActiveVerdun\/","article_modified_time":"2026-02-10T18:20:18+00:00","og_image":[{"url":"https:\/\/physiolasalle.com\/wp-content\/uploads\/2026\/02\/no-photo-main-page.png","type":"","width":"","height":""}],"twitter_card":"summary_large_image","twitter_misc":{"Est. reading time":"1 minute"},"schema":{"@context":"https:\/\/schema.org","@graph":[{"@type":"WebPage","@id":"https:\/\/physiolasalle.com\/equipe-administration-lasalle\/","url":"https:\/\/physiolasalle.com\/equipe-administration-lasalle\/","name":"Administrative Team - Active Solution Physiotherapy LaSalle","isPartOf":{"@id":"https:\/\/physiolasalle.com\/#website"},"primaryImageOfPage":{"@id":"https:\/\/physiolasalle.com\/equipe-administration-lasalle\/#primaryimage"},"image":{"@id":"https:\/\/physiolasalle.com\/equipe-administration-lasalle\/#primaryimage"},"thumbnailUrl":"https:\/\/physiolasalle.com\/wp-content\/uploads\/2026\/02\/no-photo-main-page.png","datePublished":"2025-05-06T18:51:13+00:00","dateModified":"2026-02-10T18:20:18+00:00","description":"Our LaSalle clinic's administrative team is dedicated to provide exceptionnal support and seamless service to guarantee a fluid experience for each patient.","breadcrumb":{"@id":"https:\/\/physiolasalle.com\/equipe-administration-lasalle\/#breadcrumb"},"inLanguage":"en-US","potentialAction":[{"@type":"ReadAction","target":["https:\/\/physiolasalle.com\/equipe-administration-lasalle\/"]}]},{"@type":"ImageObject","inLanguage":"en-US","@id":"https:\/\/physiolasalle.com\/equipe-administration-lasalle\/#primaryimage","url":"https:\/\/physiolasalle.com\/wp-content\/uploads\/2026\/02\/no-photo-main-page.png","contentUrl":"https:\/\/physiolasalle.com\/wp-content\/uploads\/2026\/02\/no-photo-main-page.png"},{"@type":"BreadcrumbList","@id":"https:\/\/physiolasalle.com\/equipe-administration-lasalle\/#breadcrumb","itemListElement":[{"@type":"ListItem","position":1,"name":"Home","item":"https:\/\/physiolasalle.com\/"},{"@type":"ListItem","position":2,"name":"4.1.1 LaSalle Administration"}]},{"@type":"WebSite","@id":"https:\/\/physiolasalle.com\/#website","url":"https:\/\/physiolasalle.com\/","name":"Active Solution Physiotherapy","description":"","publisher":{"@id":"https:\/\/physiolasalle.com\/#organization"},"alternateName":"Physioth\u00e9rapie Solution Active","potentialAction":[{"@type":"SearchAction","target":{"@type":"EntryPoint","urlTemplate":"https:\/\/physiolasalle.com\/?s={search_term_string}"},"query-input":{"@type":"PropertyValueSpecification","valueRequired":true,"valueName":"search_term_string"}}],"inLanguage":"en-US"},{"@type":"Organization","@id":"https:\/\/physiolasalle.com\/#organization","name":"Active Solution Physiotherapy","url":"https:\/\/physiolasalle.com\/","logo":{"@type":"ImageObject","inLanguage":"en-US","@id":"https:\/\/physiolasalle.com\/#\/schema\/logo\/image\/","url":"https:\/\/physiolasalle.com\/wp-content\/uploads\/2022\/12\/New-Logo.png","contentUrl":"https:\/\/physiolasalle.com\/wp-content\/uploads\/2022\/12\/New-Logo.png","width":1800,"height":566,"caption":"Physioth\u00e9rapie Solution Active"},"image":{"@id":"https:\/\/physiolasalle.com\/#\/schema\/logo\/image\/"},"sameAs":["https:\/\/www.facebook.com\/PhysioSolutionActiveVerdun\/","https:\/\/www.facebook.com\/PhysioSolutionActiveMonk"]}]}},"_links":{"self":[{"href":"https:\/\/physiolasalle.com\/en\/wp-json\/wp\/v2\/pages\/20307","targetHints":{"allow":["GET"]}}],"collection":[{"href":"https:\/\/physiolasalle.com\/en\/wp-json\/wp\/v2\/pages"}],"about":[{"href":"https:\/\/physiolasalle.com\/en\/wp-json\/wp\/v2\/types\/page"}],"author":[{"embeddable":true,"href":"https:\/\/physiolasalle.com\/en\/wp-json\/wp\/v2\/users\/11"}],"replies":[{"embeddable":true,"href":"https:\/\/physiolasalle.com\/en\/wp-json\/wp\/v2\/comments?post=20307"}],"version-history":[{"count":26,"href":"https:\/\/physiolasalle.com\/en\/wp-json\/wp\/v2\/pages\/20307\/revisions"}],"predecessor-version":[{"id":21496,"href":"https:\/\/physiolasalle.com\/en\/wp-json\/wp\/v2\/pages\/20307\/revisions\/21496"}],"wp:attachment":[{"href":"https:\/\/physiolasalle.com\/en\/wp-json\/wp\/v2\/media?parent=20307"}],"wp:term":[{"taxonomy":"category","embeddable":true,"href":"https:\/\/physiolasalle.com\/en\/wp-json\/wp\/v2\/categories?post=20307"},{"taxonomy":"post_tag","embeddable":true,"href":"https:\/\/physiolasalle.com\/en\/wp-json\/wp\/v2\/tags?post=20307"}],"curies":[{"name":"wp","href":"https:\/\/api.w.org\/{rel}","templated":true}]}}