{"id":20234,"date":"2025-05-06T14:58:29","date_gmt":"2025-05-06T18:58:29","guid":{"rendered":"https:\/\/physiolasalle.com\/?page_id=20234"},"modified":"2026-02-10T13:23:17","modified_gmt":"2026-02-10T18:23:17","slug":"equipe-physiotherapeutes-lasalle","status":"publish","type":"page","link":"https:\/\/physiolasalle.com\/en\/equipe-physiotherapeutes-lasalle\/","title":{"rendered":"4.1.5 LaSalle Physiotherapists"},"content":{"rendered":"<div data-elementor-type=\"wp-page\" data-elementor-id=\"20234\" class=\"elementor elementor-20234\" data-elementor-post-type=\"page\">\n\t\t\t\t\t\t<section data-particle_enable=\"false\" data-particle-mobile-disabled=\"false\" class=\"elementor-section elementor-top-section elementor-element elementor-element-6c50468 elementor-section-height-full elementor-section-boxed elementor-section-height-default elementor-section-items-middle\" data-id=\"6c50468\" data-element_type=\"section\" data-e-type=\"section\" data-settings=\"{&quot;background_background&quot;:&quot;classic&quot;}\">\n\t\t\t\t\t\t<div class=\"elementor-container elementor-column-gap-default\">\n\t\t\t\t\t<div class=\"elementor-column elementor-col-100 elementor-top-column elementor-element elementor-element-f0eb4bd\" data-id=\"f0eb4bd\" data-element_type=\"column\" data-e-type=\"column\" data-settings=\"{&quot;background_background&quot;:&quot;classic&quot;}\">\n\t\t\t<div class=\"elementor-widget-wrap elementor-element-populated\">\n\t\t\t\t\t\t<section data-particle_enable=\"false\" data-particle-mobile-disabled=\"false\" class=\"elementor-section elementor-inner-section elementor-element elementor-element-89968a5 elementor-section-boxed elementor-section-height-default elementor-section-height-default\" data-id=\"89968a5\" data-element_type=\"section\" data-e-type=\"section\">\n\t\t\t\t\t\t<div class=\"elementor-container elementor-column-gap-default\">\n\t\t\t\t\t<div class=\"elementor-column elementor-col-100 elementor-inner-column elementor-element elementor-element-789be19\" data-id=\"789be19\" data-element_type=\"column\" data-e-type=\"column\">\n\t\t\t<div class=\"elementor-widget-wrap elementor-element-populated\">\n\t\t\t\t\t\t<div class=\"elementor-element elementor-element-0fd431f elementor-widget elementor-widget-heading\" data-id=\"0fd431f\" data-element_type=\"widget\" data-e-type=\"widget\" data-widget_type=\"heading.default\">\n\t\t\t\t\t<h1 class=\"elementor-heading-title elementor-size-default\">Our physiotherapists at <br>Active Solution Physiotherapy LaSalle<\/h1>\t\t\t\t<\/div>\n\t\t\t\t\t<\/div>\n\t\t<\/div>\n\t\t\t\t\t<\/div>\n\t\t<\/section>\n\t\t\t\t\t<\/div>\n\t\t<\/div>\n\t\t\t\t\t<\/div>\n\t\t<\/section>\n\t\t\t\t<section data-particle_enable=\"false\" data-particle-mobile-disabled=\"false\" class=\"elementor-section elementor-top-section elementor-element elementor-element-6b760cd elementor-section-boxed elementor-section-height-default elementor-section-height-default\" data-id=\"6b760cd\" data-element_type=\"section\" data-e-type=\"section\">\n\t\t\t\t\t\t<div class=\"elementor-container elementor-column-gap-default\">\n\t\t\t\t\t<div class=\"elementor-column elementor-col-25 elementor-top-column elementor-element elementor-element-b270da8\" data-id=\"b270da8\" data-element_type=\"column\" data-e-type=\"column\">\n\t\t\t<div class=\"elementor-widget-wrap elementor-element-populated\">\n\t\t\t\t\t\t<div class=\"elementor-element elementor-element-c0d2793 elementor-widget elementor-widget-image\" data-id=\"c0d2793\" data-element_type=\"widget\" data-e-type=\"widget\" data-widget_type=\"image.default\">\n\t\t\t\t\t\t\t\t\t\t\t\t\t\t\t\t<a href=\"https:\/\/physiolasalle.com\/en\/team-laetitia-bourgeon\/\">\n\t\t\t\t\t\t\t<img fetchpriority=\"high\" decoding=\"async\" width=\"535\" height=\"564\" src=\"https:\/\/physiolasalle.com\/wp-content\/uploads\/2023\/04\/main-page-Laetitia-1.png\" class=\"attachment-large size-large wp-image-5641\" alt=\"\" srcset=\"https:\/\/physiolasalle.com\/wp-content\/uploads\/2023\/04\/main-page-Laetitia-1.png 535w, https:\/\/physiolasalle.com\/wp-content\/uploads\/2023\/04\/main-page-Laetitia-1-285x300.png 285w, https:\/\/physiolasalle.com\/wp-content\/uploads\/2023\/04\/main-page-Laetitia-1-11x12.png 11w\" sizes=\"(max-width: 535px) 100vw, 535px\" \/>\t\t\t\t\t\t\t\t<\/a>\n\t\t\t\t\t\t\t\t\t\t\t\t\t\t\t<\/div>\n\t\t\t\t<div class=\"elementor-element elementor-element-835319e elementor-widget elementor-widget-text-editor\" data-id=\"835319e\" data-element_type=\"widget\" data-e-type=\"widget\" data-widget_type=\"text-editor.default\">\n\t\t\t\t\t\t\t\t\t<h6><a href=\"https:\/\/physiolasalle.com\/en\/team-laetitia-bourgeon\/\">Laetitia Bourgeon\u00a0<\/a><\/h6>\t\t\t\t\t\t\t\t<\/div>\n\t\t\t\t\t<\/div>\n\t\t<\/div>\n\t\t\t\t<div class=\"elementor-column elementor-col-25 elementor-top-column elementor-element elementor-element-bb95ff2\" data-id=\"bb95ff2\" data-element_type=\"column\" data-e-type=\"column\">\n\t\t\t<div class=\"elementor-widget-wrap elementor-element-populated\">\n\t\t\t\t\t\t<div class=\"elementor-element elementor-element-1c33943 elementor-widget elementor-widget-image\" data-id=\"1c33943\" data-element_type=\"widget\" data-e-type=\"widget\" data-widget_type=\"image.default\">\n\t\t\t\t\t\t\t\t\t\t\t\t\t\t\t\t<a href=\"https:\/\/physiolasalle.com\/en\/team-pablo-rodriguez\/\">\n\t\t\t\t\t\t\t<img decoding=\"async\" width=\"535\" height=\"564\" src=\"https:\/\/physiolasalle.com\/wp-content\/uploads\/2026\/02\/no-photo-main-page.png\" class=\"attachment-large size-large wp-image-21493\" alt=\"\" srcset=\"https:\/\/physiolasalle.com\/wp-content\/uploads\/2026\/02\/no-photo-main-page.png 535w, https:\/\/physiolasalle.com\/wp-content\/uploads\/2026\/02\/no-photo-main-page-285x300.png 285w, https:\/\/physiolasalle.com\/wp-content\/uploads\/2026\/02\/no-photo-main-page-11x12.png 11w\" sizes=\"(max-width: 535px) 100vw, 535px\" \/>\t\t\t\t\t\t\t\t<\/a>\n\t\t\t\t\t\t\t\t\t\t\t\t\t\t\t<\/div>\n\t\t\t\t<div class=\"elementor-element elementor-element-ea07d89 elementor-widget elementor-widget-text-editor\" data-id=\"ea07d89\" data-element_type=\"widget\" data-e-type=\"widget\" data-widget_type=\"text-editor.default\">\n\t\t\t\t\t\t\t\t\t<h6><a href=\"https:\/\/physiolasalle.com\/en\/team-pablo-rodriguez\/\">Pablo Rodriguez<\/a><\/h6>\t\t\t\t\t\t\t\t<\/div>\n\t\t\t\t\t<\/div>\n\t\t<\/div>\n\t\t\t\t<div class=\"elementor-column elementor-col-25 elementor-top-column elementor-element elementor-element-18067ab\" data-id=\"18067ab\" data-element_type=\"column\" data-e-type=\"column\">\n\t\t\t<div class=\"elementor-widget-wrap elementor-element-populated\">\n\t\t\t\t\t\t<div class=\"elementor-element elementor-element-590ef49 elementor-widget elementor-widget-image\" data-id=\"590ef49\" data-element_type=\"widget\" data-e-type=\"widget\" data-widget_type=\"image.default\">\n\t\t\t\t\t\t\t\t\t\t\t\t\t\t\t\t<a href=\"https:\/\/physiosa.ca\/equipe-duc-nguyen\/\">\n\t\t\t\t\t\t\t<img decoding=\"async\" width=\"535\" height=\"564\" src=\"https:\/\/physiolasalle.com\/wp-content\/uploads\/2023\/04\/main-page-duc-1.png\" class=\"attachment-large size-large wp-image-5646\" alt=\"\" srcset=\"https:\/\/physiolasalle.com\/wp-content\/uploads\/2023\/04\/main-page-duc-1.png 535w, https:\/\/physiolasalle.com\/wp-content\/uploads\/2023\/04\/main-page-duc-1-285x300.png 285w, https:\/\/physiolasalle.com\/wp-content\/uploads\/2023\/04\/main-page-duc-1-11x12.png 11w\" sizes=\"(max-width: 535px) 100vw, 535px\" \/>\t\t\t\t\t\t\t\t<\/a>\n\t\t\t\t\t\t\t\t\t\t\t\t\t\t\t<\/div>\n\t\t\t\t<div class=\"elementor-element elementor-element-324b323 elementor-widget elementor-widget-text-editor\" data-id=\"324b323\" data-element_type=\"widget\" data-e-type=\"widget\" data-widget_type=\"text-editor.default\">\n\t\t\t\t\t\t\t\t\t<h6><a href=\"https:\/\/physiosa.ca\/equipe-duc-nguyen\/\">\u200bDuc Nguyen<\/a><\/h6>\t\t\t\t\t\t\t\t<\/div>\n\t\t\t\t\t<\/div>\n\t\t<\/div>\n\t\t\t\t<div class=\"elementor-column elementor-col-25 elementor-top-column elementor-element elementor-element-e2658b0\" data-id=\"e2658b0\" data-element_type=\"column\" data-e-type=\"column\">\n\t\t\t<div class=\"elementor-widget-wrap\">\n\t\t\t\t\t\t\t<\/div>\n\t\t<\/div>\n\t\t\t\t\t<\/div>\n\t\t<\/section>\n\t\t\t\t<section data-particle_enable=\"false\" data-particle-mobile-disabled=\"false\" class=\"elementor-section elementor-top-section elementor-element elementor-element-62e9285 elementor-section-boxed elementor-section-height-default elementor-section-height-default\" data-id=\"62e9285\" data-element_type=\"section\" data-e-type=\"section\">\n\t\t\t\t\t\t<div class=\"elementor-container elementor-column-gap-default\">\n\t\t\t\t\t<div class=\"elementor-column elementor-col-25 elementor-top-column elementor-element elementor-element-7302e16\" data-id=\"7302e16\" data-element_type=\"column\" data-e-type=\"column\">\n\t\t\t<div class=\"elementor-widget-wrap\">\n\t\t\t\t\t\t\t<\/div>\n\t\t<\/div>\n\t\t\t\t<div class=\"elementor-column elementor-col-25 elementor-top-column elementor-element elementor-element-e4b0911\" data-id=\"e4b0911\" data-element_type=\"column\" data-e-type=\"column\">\n\t\t\t<div class=\"elementor-widget-wrap\">\n\t\t\t\t\t\t\t<\/div>\n\t\t<\/div>\n\t\t\t\t<div class=\"elementor-column elementor-col-25 elementor-top-column elementor-element elementor-element-e0dd506\" data-id=\"e0dd506\" data-element_type=\"column\" data-e-type=\"column\">\n\t\t\t<div class=\"elementor-widget-wrap\">\n\t\t\t\t\t\t\t<\/div>\n\t\t<\/div>\n\t\t\t\t<div class=\"elementor-column elementor-col-25 elementor-top-column elementor-element elementor-element-19a04c3\" data-id=\"19a04c3\" data-element_type=\"column\" data-e-type=\"column\">\n\t\t\t<div class=\"elementor-widget-wrap\">\n\t\t\t\t\t\t\t<\/div>\n\t\t<\/div>\n\t\t\t\t\t<\/div>\n\t\t<\/section>\n\t\t\t\t<section data-particle_enable=\"false\" data-particle-mobile-disabled=\"false\" class=\"elementor-section elementor-top-section elementor-element elementor-element-8953714 elementor-section-boxed elementor-section-height-default elementor-section-height-default\" data-id=\"8953714\" data-element_type=\"section\" data-e-type=\"section\">\n\t\t\t\t\t\t<div class=\"elementor-container elementor-column-gap-default\">\n\t\t\t\t\t<div class=\"elementor-column elementor-col-100 elementor-top-column elementor-element elementor-element-b4d6c26\" data-id=\"b4d6c26\" data-element_type=\"column\" data-e-type=\"column\">\n\t\t\t<div class=\"elementor-widget-wrap elementor-element-populated\">\n\t\t\t\t\t\t<div class=\"elementor-element elementor-element-56ff729 elementor-widget elementor-widget-image\" data-id=\"56ff729\" data-element_type=\"widget\" data-e-type=\"widget\" data-widget_type=\"image.default\">\n\t\t\t\t\t\t\t\t\t\t\t\t\t\t\t<img loading=\"lazy\" decoding=\"async\" width=\"2560\" height=\"819\" src=\"https:\/\/physiolasalle.com\/wp-content\/uploads\/2023\/04\/iStock-1371711142-scaled.jpg\" class=\"attachment-full size-full wp-image-6397\" alt=\"\" srcset=\"https:\/\/physiolasalle.com\/wp-content\/uploads\/2023\/04\/iStock-1371711142-scaled.jpg 2560w, https:\/\/physiolasalle.com\/wp-content\/uploads\/2023\/04\/iStock-1371711142-scaled-600x192.jpg 600w, https:\/\/physiolasalle.com\/wp-content\/uploads\/2023\/04\/iStock-1371711142-300x96.jpg 300w, https:\/\/physiolasalle.com\/wp-content\/uploads\/2023\/04\/iStock-1371711142-1024x327.jpg 1024w, https:\/\/physiolasalle.com\/wp-content\/uploads\/2023\/04\/iStock-1371711142-768x246.jpg 768w, https:\/\/physiolasalle.com\/wp-content\/uploads\/2023\/04\/iStock-1371711142-1536x491.jpg 1536w, https:\/\/physiolasalle.com\/wp-content\/uploads\/2023\/04\/iStock-1371711142-2048x655.jpg 2048w, https:\/\/physiolasalle.com\/wp-content\/uploads\/2023\/04\/iStock-1371711142-18x6.jpg 18w\" sizes=\"(max-width: 2560px) 100vw, 2560px\" \/>\t\t\t\t\t\t\t\t\t\t\t\t\t\t\t<\/div>\n\t\t\t\t\t<\/div>\n\t\t<\/div>\n\t\t\t\t\t<\/div>\n\t\t<\/section>\n\t\t\t\t<\/div>","protected":false},"excerpt":{"rendered":"<p>Nos physioth\u00e9rapeutes \u00e0 Physioth\u00e9rapie Solution Active LaSalle Laetitia Bourgeon\u00a0 Pablo Rodriguez Duc Nguyen<\/p>","protected":false},"author":11,"featured_media":0,"parent":0,"menu_order":0,"comment_status":"closed","ping_status":"closed","template":"","meta":{"footnotes":""},"categories":[],"tags":[],"class_list":["post-20234","page","type-page","status-publish","hentry"],"yoast_head":"<!-- This site is optimized with the Yoast SEO plugin v27.5 - https:\/\/yoast.com\/product\/yoast-seo-wordpress\/ -->\n<title>Nos physioth\u00e9rapeutes - Physioth\u00e9rapie Solution Active LaSalle<\/title>\n<meta name=\"description\" content=\"Sp\u00e9cialistes en physioth\u00e9rapie p\u00e9rin\u00e9ale, pr\u00e9natale, postpartum, p\u00e9diatrique, sportive, r\u00e9\u00e9ducation posturale globale, vestibulaire, et plus!\" \/>\n<meta name=\"robots\" content=\"noindex, follow, max-snippet:-1, max-image-preview:large, max-video-preview:-1\" \/>\n<meta property=\"og:locale\" content=\"en_US\" \/>\n<meta property=\"og:type\" content=\"article\" \/>\n<meta property=\"og:title\" content=\"Nos physioth\u00e9rapeutes - Physioth\u00e9rapie Solution Active LaSalle\" \/>\n<meta property=\"og:description\" content=\"Sp\u00e9cialistes en physioth\u00e9rapie p\u00e9rin\u00e9ale, pr\u00e9natale, postpartum, p\u00e9diatrique, sportive, r\u00e9\u00e9ducation posturale globale, vestibulaire, et plus!\" \/>\n<meta property=\"og:url\" content=\"https:\/\/physiolasalle.com\/en\/equipe-physiotherapeutes-lasalle\/\" \/>\n<meta property=\"og:site_name\" content=\"Physioth\u00e9rapie Solution Active\" \/>\n<meta property=\"article:publisher\" content=\"https:\/\/www.facebook.com\/PhysioSolutionActiveVerdun\/\" \/>\n<meta property=\"article:modified_time\" content=\"2026-02-10T18:23:17+00:00\" \/>\n<meta property=\"og:image\" content=\"https:\/\/physiolasalle.com\/wp-content\/uploads\/2023\/04\/main-page-Laetitia-1.png\" \/>\n\t<meta property=\"og:image:width\" content=\"535\" \/>\n\t<meta property=\"og:image:height\" content=\"564\" \/>\n\t<meta property=\"og:image:type\" content=\"image\/png\" \/>\n<meta name=\"twitter:card\" content=\"summary_large_image\" \/>\n<meta name=\"twitter:label1\" content=\"Est. reading time\" \/>\n\t<meta name=\"twitter:data1\" content=\"1 minute\" \/>\n<script type=\"application\/ld+json\" class=\"yoast-schema-graph\">{\"@context\":\"https:\\\/\\\/schema.org\",\"@graph\":[{\"@type\":\"WebPage\",\"@id\":\"https:\\\/\\\/physiolasalle.com\\\/equipe-physiotherapeutes-lasalle\\\/\",\"url\":\"https:\\\/\\\/physiolasalle.com\\\/equipe-physiotherapeutes-lasalle\\\/\",\"name\":\"Nos physioth\u00e9rapeutes - Physioth\u00e9rapie Solution Active LaSalle\",\"isPartOf\":{\"@id\":\"https:\\\/\\\/physiolasalle.com\\\/#website\"},\"primaryImageOfPage\":{\"@id\":\"https:\\\/\\\/physiolasalle.com\\\/equipe-physiotherapeutes-lasalle\\\/#primaryimage\"},\"image\":{\"@id\":\"https:\\\/\\\/physiolasalle.com\\\/equipe-physiotherapeutes-lasalle\\\/#primaryimage\"},\"thumbnailUrl\":\"https:\\\/\\\/physiolasalle.com\\\/wp-content\\\/uploads\\\/2023\\\/04\\\/main-page-Laetitia-1.png\",\"datePublished\":\"2025-05-06T18:58:29+00:00\",\"dateModified\":\"2026-02-10T18:23:17+00:00\",\"description\":\"Sp\u00e9cialistes en physioth\u00e9rapie p\u00e9rin\u00e9ale, pr\u00e9natale, postpartum, p\u00e9diatrique, sportive, r\u00e9\u00e9ducation posturale globale, vestibulaire, et plus!\",\"breadcrumb\":{\"@id\":\"https:\\\/\\\/physiolasalle.com\\\/equipe-physiotherapeutes-lasalle\\\/#breadcrumb\"},\"inLanguage\":\"en-US\",\"potentialAction\":[{\"@type\":\"ReadAction\",\"target\":[\"https:\\\/\\\/physiolasalle.com\\\/equipe-physiotherapeutes-lasalle\\\/\"]}]},{\"@type\":\"ImageObject\",\"inLanguage\":\"en-US\",\"@id\":\"https:\\\/\\\/physiolasalle.com\\\/equipe-physiotherapeutes-lasalle\\\/#primaryimage\",\"url\":\"https:\\\/\\\/physiolasalle.com\\\/wp-content\\\/uploads\\\/2023\\\/04\\\/main-page-Laetitia-1.png\",\"contentUrl\":\"https:\\\/\\\/physiolasalle.com\\\/wp-content\\\/uploads\\\/2023\\\/04\\\/main-page-Laetitia-1.png\"},{\"@type\":\"BreadcrumbList\",\"@id\":\"https:\\\/\\\/physiolasalle.com\\\/equipe-physiotherapeutes-lasalle\\\/#breadcrumb\",\"itemListElement\":[{\"@type\":\"ListItem\",\"position\":1,\"name\":\"Home\",\"item\":\"https:\\\/\\\/physiolasalle.com\\\/\"},{\"@type\":\"ListItem\",\"position\":2,\"name\":\"4.1.5 LaSalle Physiotherapists\"}]},{\"@type\":\"WebSite\",\"@id\":\"https:\\\/\\\/physiolasalle.com\\\/#website\",\"url\":\"https:\\\/\\\/physiolasalle.com\\\/\",\"name\":\"Physioth\u00e9rapie Solution Active\",\"description\":\"\",\"publisher\":{\"@id\":\"https:\\\/\\\/physiolasalle.com\\\/#organization\"},\"alternateName\":\"Physioth\u00e9rapie Solution Active\",\"potentialAction\":[{\"@type\":\"SearchAction\",\"target\":{\"@type\":\"EntryPoint\",\"urlTemplate\":\"https:\\\/\\\/physiolasalle.com\\\/?s={search_term_string}\"},\"query-input\":{\"@type\":\"PropertyValueSpecification\",\"valueRequired\":true,\"valueName\":\"search_term_string\"}}],\"inLanguage\":\"en-US\"},{\"@type\":\"Organization\",\"@id\":\"https:\\\/\\\/physiolasalle.com\\\/#organization\",\"name\":\"Physioth\u00e9rapie Solution Active\",\"url\":\"https:\\\/\\\/physiolasalle.com\\\/\",\"logo\":{\"@type\":\"ImageObject\",\"inLanguage\":\"en-US\",\"@id\":\"https:\\\/\\\/physiolasalle.com\\\/#\\\/schema\\\/logo\\\/image\\\/\",\"url\":\"https:\\\/\\\/physiolasalle.com\\\/wp-content\\\/uploads\\\/2022\\\/12\\\/New-Logo.png\",\"contentUrl\":\"https:\\\/\\\/physiolasalle.com\\\/wp-content\\\/uploads\\\/2022\\\/12\\\/New-Logo.png\",\"width\":1800,\"height\":566,\"caption\":\"Physioth\u00e9rapie Solution Active\"},\"image\":{\"@id\":\"https:\\\/\\\/physiolasalle.com\\\/#\\\/schema\\\/logo\\\/image\\\/\"},\"sameAs\":[\"https:\\\/\\\/www.facebook.com\\\/PhysioSolutionActiveVerdun\\\/\",\"https:\\\/\\\/www.facebook.com\\\/PhysioSolutionActiveMonk\"]}]}<\/script>\n<!-- \/ Yoast SEO plugin. -->","yoast_head_json":{"title":"Our Physiotherapists - Active Solution Physiotherapy LaSalle","description":"Specialists in perineal, prenatal, postpartum, pediatric, sports physiotherapy, global postural reedicuation, vestibular rehabilitation, and more!","robots":{"index":"noindex","follow":"follow","max-snippet":"max-snippet:-1","max-image-preview":"max-image-preview:large","max-video-preview":"max-video-preview:-1"},"og_locale":"en_US","og_type":"article","og_title":"Nos physioth\u00e9rapeutes - Physioth\u00e9rapie Solution Active LaSalle","og_description":"Sp\u00e9cialistes en physioth\u00e9rapie p\u00e9rin\u00e9ale, pr\u00e9natale, postpartum, p\u00e9diatrique, sportive, r\u00e9\u00e9ducation posturale globale, vestibulaire, et plus!","og_url":"https:\/\/physiolasalle.com\/en\/equipe-physiotherapeutes-lasalle\/","og_site_name":"Physioth\u00e9rapie Solution Active","article_publisher":"https:\/\/www.facebook.com\/PhysioSolutionActiveVerdun\/","article_modified_time":"2026-02-10T18:23:17+00:00","og_image":[{"width":535,"height":564,"url":"https:\/\/physiolasalle.com\/wp-content\/uploads\/2023\/04\/main-page-Laetitia-1.png","type":"image\/png"}],"twitter_card":"summary_large_image","twitter_misc":{"Est. reading time":"1 minute"},"schema":{"@context":"https:\/\/schema.org","@graph":[{"@type":"WebPage","@id":"https:\/\/physiolasalle.com\/equipe-physiotherapeutes-lasalle\/","url":"https:\/\/physiolasalle.com\/equipe-physiotherapeutes-lasalle\/","name":"Our Physiotherapists - Active Solution Physiotherapy LaSalle","isPartOf":{"@id":"https:\/\/physiolasalle.com\/#website"},"primaryImageOfPage":{"@id":"https:\/\/physiolasalle.com\/equipe-physiotherapeutes-lasalle\/#primaryimage"},"image":{"@id":"https:\/\/physiolasalle.com\/equipe-physiotherapeutes-lasalle\/#primaryimage"},"thumbnailUrl":"https:\/\/physiolasalle.com\/wp-content\/uploads\/2023\/04\/main-page-Laetitia-1.png","datePublished":"2025-05-06T18:58:29+00:00","dateModified":"2026-02-10T18:23:17+00:00","description":"Specialists in perineal, prenatal, postpartum, pediatric, sports physiotherapy, global postural reedicuation, vestibular rehabilitation, and more!","breadcrumb":{"@id":"https:\/\/physiolasalle.com\/equipe-physiotherapeutes-lasalle\/#breadcrumb"},"inLanguage":"en-US","potentialAction":[{"@type":"ReadAction","target":["https:\/\/physiolasalle.com\/equipe-physiotherapeutes-lasalle\/"]}]},{"@type":"ImageObject","inLanguage":"en-US","@id":"https:\/\/physiolasalle.com\/equipe-physiotherapeutes-lasalle\/#primaryimage","url":"https:\/\/physiolasalle.com\/wp-content\/uploads\/2023\/04\/main-page-Laetitia-1.png","contentUrl":"https:\/\/physiolasalle.com\/wp-content\/uploads\/2023\/04\/main-page-Laetitia-1.png"},{"@type":"BreadcrumbList","@id":"https:\/\/physiolasalle.com\/equipe-physiotherapeutes-lasalle\/#breadcrumb","itemListElement":[{"@type":"ListItem","position":1,"name":"Home","item":"https:\/\/physiolasalle.com\/"},{"@type":"ListItem","position":2,"name":"4.1.5 LaSalle Physiotherapists"}]},{"@type":"WebSite","@id":"https:\/\/physiolasalle.com\/#website","url":"https:\/\/physiolasalle.com\/","name":"Active Solution Physiotherapy","description":"","publisher":{"@id":"https:\/\/physiolasalle.com\/#organization"},"alternateName":"Physioth\u00e9rapie Solution Active","potentialAction":[{"@type":"SearchAction","target":{"@type":"EntryPoint","urlTemplate":"https:\/\/physiolasalle.com\/?s={search_term_string}"},"query-input":{"@type":"PropertyValueSpecification","valueRequired":true,"valueName":"search_term_string"}}],"inLanguage":"en-US"},{"@type":"Organization","@id":"https:\/\/physiolasalle.com\/#organization","name":"Active Solution Physiotherapy","url":"https:\/\/physiolasalle.com\/","logo":{"@type":"ImageObject","inLanguage":"en-US","@id":"https:\/\/physiolasalle.com\/#\/schema\/logo\/image\/","url":"https:\/\/physiolasalle.com\/wp-content\/uploads\/2022\/12\/New-Logo.png","contentUrl":"https:\/\/physiolasalle.com\/wp-content\/uploads\/2022\/12\/New-Logo.png","width":1800,"height":566,"caption":"Physioth\u00e9rapie Solution Active"},"image":{"@id":"https:\/\/physiolasalle.com\/#\/schema\/logo\/image\/"},"sameAs":["https:\/\/www.facebook.com\/PhysioSolutionActiveVerdun\/","https:\/\/www.facebook.com\/PhysioSolutionActiveMonk"]}]}},"_links":{"self":[{"href":"https:\/\/physiolasalle.com\/en\/wp-json\/wp\/v2\/pages\/20234","targetHints":{"allow":["GET"]}}],"collection":[{"href":"https:\/\/physiolasalle.com\/en\/wp-json\/wp\/v2\/pages"}],"about":[{"href":"https:\/\/physiolasalle.com\/en\/wp-json\/wp\/v2\/types\/page"}],"author":[{"embeddable":true,"href":"https:\/\/physiolasalle.com\/en\/wp-json\/wp\/v2\/users\/11"}],"replies":[{"embeddable":true,"href":"https:\/\/physiolasalle.com\/en\/wp-json\/wp\/v2\/comments?post=20234"}],"version-history":[{"count":32,"href":"https:\/\/physiolasalle.com\/en\/wp-json\/wp\/v2\/pages\/20234\/revisions"}],"predecessor-version":[{"id":21509,"href":"https:\/\/physiolasalle.com\/en\/wp-json\/wp\/v2\/pages\/20234\/revisions\/21509"}],"wp:attachment":[{"href":"https:\/\/physiolasalle.com\/en\/wp-json\/wp\/v2\/media?parent=20234"}],"wp:term":[{"taxonomy":"category","embeddable":true,"href":"https:\/\/physiolasalle.com\/en\/wp-json\/wp\/v2\/categories?post=20234"},{"taxonomy":"post_tag","embeddable":true,"href":"https:\/\/physiolasalle.com\/en\/wp-json\/wp\/v2\/tags?post=20234"}],"curies":[{"name":"wp","href":"https:\/\/api.w.org\/{rel}","templated":true}]}}