{"id":20220,"date":"2025-05-06T14:52:45","date_gmt":"2025-05-06T18:52:45","guid":{"rendered":"https:\/\/physiolasalle.com\/?page_id=20220"},"modified":"2026-02-10T13:24:04","modified_gmt":"2026-02-10T18:24:04","slug":"equipe-massotherapeutes-lasalle","status":"publish","type":"page","link":"https:\/\/physiolasalle.com\/en\/equipe-massotherapeutes-lasalle\/","title":{"rendered":"4.1.2 LaSalle Massotherapists"},"content":{"rendered":"<div data-elementor-type=\"wp-page\" data-elementor-id=\"20220\" class=\"elementor elementor-20220\" data-elementor-post-type=\"page\">\n\t\t\t\t\t\t<section data-particle_enable=\"false\" data-particle-mobile-disabled=\"false\" class=\"elementor-section elementor-top-section elementor-element elementor-element-0e4f0e6 elementor-section-height-full elementor-section-boxed elementor-section-height-default elementor-section-items-middle\" data-id=\"0e4f0e6\" data-element_type=\"section\" data-e-type=\"section\" data-settings=\"{&quot;background_background&quot;:&quot;classic&quot;}\">\n\t\t\t\t\t\t<div class=\"elementor-container elementor-column-gap-default\">\n\t\t\t\t\t<div class=\"elementor-column elementor-col-100 elementor-top-column elementor-element elementor-element-49d1a9e\" data-id=\"49d1a9e\" data-element_type=\"column\" data-e-type=\"column\" data-settings=\"{&quot;background_background&quot;:&quot;classic&quot;}\">\n\t\t\t<div class=\"elementor-widget-wrap elementor-element-populated\">\n\t\t\t\t\t\t<section data-particle_enable=\"false\" data-particle-mobile-disabled=\"false\" class=\"elementor-section elementor-inner-section elementor-element elementor-element-acee91d elementor-section-boxed elementor-section-height-default elementor-section-height-default\" data-id=\"acee91d\" data-element_type=\"section\" data-e-type=\"section\">\n\t\t\t\t\t\t<div class=\"elementor-container elementor-column-gap-default\">\n\t\t\t\t\t<div class=\"elementor-column elementor-col-100 elementor-inner-column elementor-element elementor-element-dd69967\" data-id=\"dd69967\" data-element_type=\"column\" data-e-type=\"column\">\n\t\t\t<div class=\"elementor-widget-wrap elementor-element-populated\">\n\t\t\t\t\t\t<div class=\"elementor-element elementor-element-53ded04 elementor-widget elementor-widget-heading\" data-id=\"53ded04\" data-element_type=\"widget\" data-e-type=\"widget\" data-widget_type=\"heading.default\">\n\t\t\t\t\t<h1 class=\"elementor-heading-title elementor-size-default\">Our massage therapists at <br>Active Solution Physiotherapy LaSalle<\/h1>\t\t\t\t<\/div>\n\t\t\t\t\t<\/div>\n\t\t<\/div>\n\t\t\t\t\t<\/div>\n\t\t<\/section>\n\t\t\t\t\t<\/div>\n\t\t<\/div>\n\t\t\t\t\t<\/div>\n\t\t<\/section>\n\t\t\t\t<section data-particle_enable=\"false\" data-particle-mobile-disabled=\"false\" class=\"elementor-section elementor-top-section elementor-element elementor-element-4915846 elementor-section-boxed elementor-section-height-default elementor-section-height-default\" data-id=\"4915846\" data-element_type=\"section\" data-e-type=\"section\">\n\t\t\t\t\t\t<div class=\"elementor-container elementor-column-gap-default\">\n\t\t\t\t\t<div class=\"elementor-column elementor-col-100 elementor-top-column elementor-element elementor-element-ce149d8\" data-id=\"ce149d8\" data-element_type=\"column\" data-e-type=\"column\">\n\t\t\t<div class=\"elementor-widget-wrap elementor-element-populated\">\n\t\t\t\t\t\t<section data-particle_enable=\"false\" data-particle-mobile-disabled=\"false\" class=\"elementor-section elementor-inner-section elementor-element elementor-element-289453e elementor-section-boxed elementor-section-height-default elementor-section-height-default\" data-id=\"289453e\" data-element_type=\"section\" data-e-type=\"section\">\n\t\t\t\t\t\t<div class=\"elementor-container elementor-column-gap-default\">\n\t\t\t\t\t<div class=\"elementor-column elementor-col-25 elementor-inner-column elementor-element elementor-element-242a178\" data-id=\"242a178\" data-element_type=\"column\" data-e-type=\"column\">\n\t\t\t<div class=\"elementor-widget-wrap elementor-element-populated\">\n\t\t\t\t\t\t<div class=\"elementor-element elementor-element-e99a1ff elementor-widget elementor-widget-image\" data-id=\"e99a1ff\" data-element_type=\"widget\" data-e-type=\"widget\" data-widget_type=\"image.default\">\n\t\t\t\t\t\t\t\t\t\t\t\t\t\t\t\t<a href=\"https:\/\/physiolasalle.com\/en\/team-marie-julie-mailhot\/\">\n\t\t\t\t\t\t\t<img fetchpriority=\"high\" decoding=\"async\" width=\"535\" height=\"564\" src=\"https:\/\/physiolasalle.com\/wp-content\/uploads\/2026\/01\/main-page-marie-julie.png\" class=\"attachment-large size-large wp-image-21430\" alt=\"\" srcset=\"https:\/\/physiolasalle.com\/wp-content\/uploads\/2026\/01\/main-page-marie-julie.png 535w, https:\/\/physiolasalle.com\/wp-content\/uploads\/2026\/01\/main-page-marie-julie-285x300.png 285w, https:\/\/physiolasalle.com\/wp-content\/uploads\/2026\/01\/main-page-marie-julie-11x12.png 11w\" sizes=\"(max-width: 535px) 100vw, 535px\" \/>\t\t\t\t\t\t\t\t<\/a>\n\t\t\t\t\t\t\t\t\t\t\t\t\t\t\t<\/div>\n\t\t\t\t<div class=\"elementor-element elementor-element-d95f9b5 elementor-widget elementor-widget-text-editor\" data-id=\"d95f9b5\" data-element_type=\"widget\" data-e-type=\"widget\" data-widget_type=\"text-editor.default\">\n\t\t\t\t\t\t\t\t\t<h6><a href=\"https:\/\/physiolasalle.com\/en\/team-marie-julie-mailhot\/\">Marie-Julie Mailhot<\/a><\/h6>\t\t\t\t\t\t\t\t<\/div>\n\t\t\t\t\t<\/div>\n\t\t<\/div>\n\t\t\t\t<div class=\"elementor-column elementor-col-25 elementor-inner-column elementor-element elementor-element-e5f6a1f\" data-id=\"e5f6a1f\" data-element_type=\"column\" data-e-type=\"column\">\n\t\t\t<div class=\"elementor-widget-wrap elementor-element-populated\">\n\t\t\t\t\t\t<div class=\"elementor-element elementor-element-e89d900 elementor-widget elementor-widget-image\" data-id=\"e89d900\" data-element_type=\"widget\" data-e-type=\"widget\" data-widget_type=\"image.default\">\n\t\t\t\t\t\t\t\t\t\t\t\t\t\t\t\t<a href=\"https:\/\/physiolasalle.com\/en\/equipe-simon-dayan\/\">\n\t\t\t\t\t\t\t<img decoding=\"async\" width=\"535\" height=\"564\" src=\"https:\/\/physiolasalle.com\/wp-content\/uploads\/2026\/02\/no-photo-main-page.png\" class=\"attachment-large size-large wp-image-21493\" alt=\"\" srcset=\"https:\/\/physiolasalle.com\/wp-content\/uploads\/2026\/02\/no-photo-main-page.png 535w, https:\/\/physiolasalle.com\/wp-content\/uploads\/2026\/02\/no-photo-main-page-285x300.png 285w, https:\/\/physiolasalle.com\/wp-content\/uploads\/2026\/02\/no-photo-main-page-11x12.png 11w\" sizes=\"(max-width: 535px) 100vw, 535px\" \/>\t\t\t\t\t\t\t\t<\/a>\n\t\t\t\t\t\t\t\t\t\t\t\t\t\t\t<\/div>\n\t\t\t\t<div class=\"elementor-element elementor-element-0eb9aa6 elementor-widget elementor-widget-text-editor\" data-id=\"0eb9aa6\" data-element_type=\"widget\" data-e-type=\"widget\" data-widget_type=\"text-editor.default\">\n\t\t\t\t\t\t\t\t\t<h6><a href=\"https:\/\/physiolasalle.com\/en\/equipe-simon-dayan\/\">Simon Dayan<\/a><\/h6>\t\t\t\t\t\t\t\t<\/div>\n\t\t\t\t\t<\/div>\n\t\t<\/div>\n\t\t\t\t<div class=\"elementor-column elementor-col-25 elementor-inner-column elementor-element elementor-element-818672b\" data-id=\"818672b\" data-element_type=\"column\" data-e-type=\"column\">\n\t\t\t<div class=\"elementor-widget-wrap elementor-element-populated\">\n\t\t\t\t\t\t<div class=\"elementor-element elementor-element-d72bd6f elementor-widget elementor-widget-image\" data-id=\"d72bd6f\" data-element_type=\"widget\" data-e-type=\"widget\" data-widget_type=\"image.default\">\n\t\t\t\t\t\t\t\t\t\t\t\t\t\t\t<img decoding=\"async\" width=\"535\" height=\"564\" src=\"https:\/\/physiolasalle.com\/wp-content\/uploads\/2026\/02\/no-photo-main-page.png\" class=\"attachment-large size-large wp-image-21493\" alt=\"\" srcset=\"https:\/\/physiolasalle.com\/wp-content\/uploads\/2026\/02\/no-photo-main-page.png 535w, https:\/\/physiolasalle.com\/wp-content\/uploads\/2026\/02\/no-photo-main-page-285x300.png 285w, https:\/\/physiolasalle.com\/wp-content\/uploads\/2026\/02\/no-photo-main-page-11x12.png 11w\" sizes=\"(max-width: 535px) 100vw, 535px\" \/>\t\t\t\t\t\t\t\t\t\t\t\t\t\t\t<\/div>\n\t\t\t\t<div class=\"elementor-element elementor-element-c353487 elementor-widget elementor-widget-text-editor\" data-id=\"c353487\" data-element_type=\"widget\" data-e-type=\"widget\" data-widget_type=\"text-editor.default\">\n\t\t\t\t\t\t\t\t\t<h6>Amanda McIntyre<\/h6>\t\t\t\t\t\t\t\t<\/div>\n\t\t\t\t\t<\/div>\n\t\t<\/div>\n\t\t\t\t<div class=\"elementor-column elementor-col-25 elementor-inner-column elementor-element elementor-element-ef89ad1\" data-id=\"ef89ad1\" data-element_type=\"column\" data-e-type=\"column\">\n\t\t\t<div class=\"elementor-widget-wrap\">\n\t\t\t\t\t\t\t<\/div>\n\t\t<\/div>\n\t\t\t\t\t<\/div>\n\t\t<\/section>\n\t\t\t\t<section data-particle_enable=\"false\" data-particle-mobile-disabled=\"false\" class=\"elementor-section elementor-inner-section elementor-element elementor-element-a0593ec elementor-section-boxed elementor-section-height-default elementor-section-height-default\" data-id=\"a0593ec\" data-element_type=\"section\" data-e-type=\"section\">\n\t\t\t\t\t\t<div class=\"elementor-container elementor-column-gap-default\">\n\t\t\t\t\t<div class=\"elementor-column elementor-col-25 elementor-inner-column elementor-element elementor-element-2a995cc\" data-id=\"2a995cc\" data-element_type=\"column\" data-e-type=\"column\">\n\t\t\t<div class=\"elementor-widget-wrap\">\n\t\t\t\t\t\t\t<\/div>\n\t\t<\/div>\n\t\t\t\t<div class=\"elementor-column elementor-col-25 elementor-inner-column elementor-element elementor-element-98ea5e2\" data-id=\"98ea5e2\" data-element_type=\"column\" data-e-type=\"column\">\n\t\t\t<div class=\"elementor-widget-wrap\">\n\t\t\t\t\t\t\t<\/div>\n\t\t<\/div>\n\t\t\t\t<div class=\"elementor-column elementor-col-25 elementor-inner-column elementor-element elementor-element-4a26fdf\" data-id=\"4a26fdf\" data-element_type=\"column\" data-e-type=\"column\">\n\t\t\t<div class=\"elementor-widget-wrap\">\n\t\t\t\t\t\t\t<\/div>\n\t\t<\/div>\n\t\t\t\t<div class=\"elementor-column elementor-col-25 elementor-inner-column elementor-element elementor-element-f80e225\" data-id=\"f80e225\" data-element_type=\"column\" data-e-type=\"column\">\n\t\t\t<div class=\"elementor-widget-wrap\">\n\t\t\t\t\t\t\t<\/div>\n\t\t<\/div>\n\t\t\t\t\t<\/div>\n\t\t<\/section>\n\t\t\t\t\t<\/div>\n\t\t<\/div>\n\t\t\t\t\t<\/div>\n\t\t<\/section>\n\t\t\t\t<\/div>","protected":false},"excerpt":{"rendered":"<p>Nos massoth\u00e9rapeutes chez Physioth\u00e9rapie Solution Active LaSalle Marie-Julie Mailhot Simon Dayan Amanda McIntyre<\/p>","protected":false},"author":11,"featured_media":0,"parent":0,"menu_order":0,"comment_status":"closed","ping_status":"closed","template":"","meta":{"footnotes":""},"categories":[],"tags":[],"class_list":["post-20220","page","type-page","status-publish","hentry"],"yoast_head":"<!-- This site is optimized with the Yoast SEO plugin v27.4 - https:\/\/yoast.com\/product\/yoast-seo-wordpress\/ -->\n<title>Nos Massoth\u00e9rapeutes - Physioth\u00e9rapie Solution Active LaSalle<\/title>\n<meta name=\"description\" content=\"Avec plus de 15 ans d&#039;exp\u00e9rience, notre massoth\u00e9rapeute offre une vari\u00e9t\u00e9 de types de massage: su\u00e9dois, pr\u00e9natal, et th\u00e9rapeutique.\" \/>\n<meta name=\"robots\" content=\"noindex, follow, max-snippet:-1, max-image-preview:large, max-video-preview:-1\" \/>\n<meta property=\"og:locale\" content=\"en_US\" \/>\n<meta property=\"og:type\" content=\"article\" \/>\n<meta property=\"og:title\" content=\"Nos Massoth\u00e9rapeutes - Physioth\u00e9rapie Solution Active LaSalle\" \/>\n<meta property=\"og:description\" content=\"Avec plus de 15 ans d&#039;exp\u00e9rience, notre massoth\u00e9rapeute offre une vari\u00e9t\u00e9 de types de massage: su\u00e9dois, pr\u00e9natal, et th\u00e9rapeutique.\" \/>\n<meta property=\"og:url\" content=\"https:\/\/physiolasalle.com\/en\/equipe-massotherapeutes-lasalle\/\" \/>\n<meta property=\"og:site_name\" content=\"Physioth\u00e9rapie Solution Active\" \/>\n<meta property=\"article:publisher\" content=\"https:\/\/www.facebook.com\/PhysioSolutionActiveVerdun\/\" \/>\n<meta property=\"article:modified_time\" content=\"2026-02-10T18:24:04+00:00\" \/>\n<meta property=\"og:image\" content=\"https:\/\/physiolasalle.com\/wp-content\/uploads\/2026\/01\/main-page-marie-julie.png\" \/>\n\t<meta property=\"og:image:width\" content=\"535\" \/>\n\t<meta property=\"og:image:height\" content=\"564\" \/>\n\t<meta property=\"og:image:type\" content=\"image\/png\" \/>\n<meta name=\"twitter:card\" content=\"summary_large_image\" \/>\n<meta name=\"twitter:label1\" content=\"Est. reading time\" \/>\n\t<meta name=\"twitter:data1\" content=\"1 minute\" \/>\n<script type=\"application\/ld+json\" class=\"yoast-schema-graph\">{\"@context\":\"https:\\\/\\\/schema.org\",\"@graph\":[{\"@type\":\"WebPage\",\"@id\":\"https:\\\/\\\/physiolasalle.com\\\/equipe-massotherapeutes-lasalle\\\/\",\"url\":\"https:\\\/\\\/physiolasalle.com\\\/equipe-massotherapeutes-lasalle\\\/\",\"name\":\"Nos Massoth\u00e9rapeutes - Physioth\u00e9rapie Solution Active LaSalle\",\"isPartOf\":{\"@id\":\"https:\\\/\\\/physiolasalle.com\\\/#website\"},\"primaryImageOfPage\":{\"@id\":\"https:\\\/\\\/physiolasalle.com\\\/equipe-massotherapeutes-lasalle\\\/#primaryimage\"},\"image\":{\"@id\":\"https:\\\/\\\/physiolasalle.com\\\/equipe-massotherapeutes-lasalle\\\/#primaryimage\"},\"thumbnailUrl\":\"https:\\\/\\\/physiolasalle.com\\\/wp-content\\\/uploads\\\/2026\\\/01\\\/main-page-marie-julie.png\",\"datePublished\":\"2025-05-06T18:52:45+00:00\",\"dateModified\":\"2026-02-10T18:24:04+00:00\",\"description\":\"Avec plus de 15 ans d'exp\u00e9rience, notre massoth\u00e9rapeute offre une vari\u00e9t\u00e9 de types de massage: su\u00e9dois, pr\u00e9natal, et th\u00e9rapeutique.\",\"breadcrumb\":{\"@id\":\"https:\\\/\\\/physiolasalle.com\\\/equipe-massotherapeutes-lasalle\\\/#breadcrumb\"},\"inLanguage\":\"en-US\",\"potentialAction\":[{\"@type\":\"ReadAction\",\"target\":[\"https:\\\/\\\/physiolasalle.com\\\/equipe-massotherapeutes-lasalle\\\/\"]}]},{\"@type\":\"ImageObject\",\"inLanguage\":\"en-US\",\"@id\":\"https:\\\/\\\/physiolasalle.com\\\/equipe-massotherapeutes-lasalle\\\/#primaryimage\",\"url\":\"https:\\\/\\\/physiolasalle.com\\\/wp-content\\\/uploads\\\/2026\\\/01\\\/main-page-marie-julie.png\",\"contentUrl\":\"https:\\\/\\\/physiolasalle.com\\\/wp-content\\\/uploads\\\/2026\\\/01\\\/main-page-marie-julie.png\"},{\"@type\":\"BreadcrumbList\",\"@id\":\"https:\\\/\\\/physiolasalle.com\\\/equipe-massotherapeutes-lasalle\\\/#breadcrumb\",\"itemListElement\":[{\"@type\":\"ListItem\",\"position\":1,\"name\":\"Home\",\"item\":\"https:\\\/\\\/physiolasalle.com\\\/\"},{\"@type\":\"ListItem\",\"position\":2,\"name\":\"4.1.2 LaSalle Massotherapists\"}]},{\"@type\":\"WebSite\",\"@id\":\"https:\\\/\\\/physiolasalle.com\\\/#website\",\"url\":\"https:\\\/\\\/physiolasalle.com\\\/\",\"name\":\"Physioth\u00e9rapie Solution Active\",\"description\":\"\",\"publisher\":{\"@id\":\"https:\\\/\\\/physiolasalle.com\\\/#organization\"},\"alternateName\":\"Physioth\u00e9rapie Solution Active\",\"potentialAction\":[{\"@type\":\"SearchAction\",\"target\":{\"@type\":\"EntryPoint\",\"urlTemplate\":\"https:\\\/\\\/physiolasalle.com\\\/?s={search_term_string}\"},\"query-input\":{\"@type\":\"PropertyValueSpecification\",\"valueRequired\":true,\"valueName\":\"search_term_string\"}}],\"inLanguage\":\"en-US\"},{\"@type\":\"Organization\",\"@id\":\"https:\\\/\\\/physiolasalle.com\\\/#organization\",\"name\":\"Physioth\u00e9rapie Solution Active\",\"url\":\"https:\\\/\\\/physiolasalle.com\\\/\",\"logo\":{\"@type\":\"ImageObject\",\"inLanguage\":\"en-US\",\"@id\":\"https:\\\/\\\/physiolasalle.com\\\/#\\\/schema\\\/logo\\\/image\\\/\",\"url\":\"https:\\\/\\\/physiolasalle.com\\\/wp-content\\\/uploads\\\/2022\\\/12\\\/New-Logo.png\",\"contentUrl\":\"https:\\\/\\\/physiolasalle.com\\\/wp-content\\\/uploads\\\/2022\\\/12\\\/New-Logo.png\",\"width\":1800,\"height\":566,\"caption\":\"Physioth\u00e9rapie Solution Active\"},\"image\":{\"@id\":\"https:\\\/\\\/physiolasalle.com\\\/#\\\/schema\\\/logo\\\/image\\\/\"},\"sameAs\":[\"https:\\\/\\\/www.facebook.com\\\/PhysioSolutionActiveVerdun\\\/\",\"https:\\\/\\\/www.facebook.com\\\/PhysioSolutionActiveMonk\"]}]}<\/script>\n<!-- \/ Yoast SEO plugin. -->","yoast_head_json":{"title":"Nos Massoth\u00e9rapeutes - Physioth\u00e9rapie Solution Active LaSalle","description":"Avec plus de 15 ans d'exp\u00e9rience, notre massoth\u00e9rapeute offre une vari\u00e9t\u00e9 de types de massage: su\u00e9dois, pr\u00e9natal, et th\u00e9rapeutique.","robots":{"index":"noindex","follow":"follow","max-snippet":"max-snippet:-1","max-image-preview":"max-image-preview:large","max-video-preview":"max-video-preview:-1"},"og_locale":"en_US","og_type":"article","og_title":"Nos Massoth\u00e9rapeutes - Physioth\u00e9rapie Solution Active LaSalle","og_description":"Avec plus de 15 ans d'exp\u00e9rience, notre massoth\u00e9rapeute offre une vari\u00e9t\u00e9 de types de massage: su\u00e9dois, pr\u00e9natal, et th\u00e9rapeutique.","og_url":"https:\/\/physiolasalle.com\/en\/equipe-massotherapeutes-lasalle\/","og_site_name":"Physioth\u00e9rapie Solution Active","article_publisher":"https:\/\/www.facebook.com\/PhysioSolutionActiveVerdun\/","article_modified_time":"2026-02-10T18:24:04+00:00","og_image":[{"width":535,"height":564,"url":"https:\/\/physiolasalle.com\/wp-content\/uploads\/2026\/01\/main-page-marie-julie.png","type":"image\/png"}],"twitter_card":"summary_large_image","twitter_misc":{"Est. reading time":"1 minute"},"schema":{"@context":"https:\/\/schema.org","@graph":[{"@type":"WebPage","@id":"https:\/\/physiolasalle.com\/equipe-massotherapeutes-lasalle\/","url":"https:\/\/physiolasalle.com\/equipe-massotherapeutes-lasalle\/","name":"Nos Massoth\u00e9rapeutes - Physioth\u00e9rapie Solution Active LaSalle","isPartOf":{"@id":"https:\/\/physiolasalle.com\/#website"},"primaryImageOfPage":{"@id":"https:\/\/physiolasalle.com\/equipe-massotherapeutes-lasalle\/#primaryimage"},"image":{"@id":"https:\/\/physiolasalle.com\/equipe-massotherapeutes-lasalle\/#primaryimage"},"thumbnailUrl":"https:\/\/physiolasalle.com\/wp-content\/uploads\/2026\/01\/main-page-marie-julie.png","datePublished":"2025-05-06T18:52:45+00:00","dateModified":"2026-02-10T18:24:04+00:00","description":"Avec plus de 15 ans d'exp\u00e9rience, notre massoth\u00e9rapeute offre une vari\u00e9t\u00e9 de types de massage: su\u00e9dois, pr\u00e9natal, et th\u00e9rapeutique.","breadcrumb":{"@id":"https:\/\/physiolasalle.com\/equipe-massotherapeutes-lasalle\/#breadcrumb"},"inLanguage":"en-US","potentialAction":[{"@type":"ReadAction","target":["https:\/\/physiolasalle.com\/equipe-massotherapeutes-lasalle\/"]}]},{"@type":"ImageObject","inLanguage":"en-US","@id":"https:\/\/physiolasalle.com\/equipe-massotherapeutes-lasalle\/#primaryimage","url":"https:\/\/physiolasalle.com\/wp-content\/uploads\/2026\/01\/main-page-marie-julie.png","contentUrl":"https:\/\/physiolasalle.com\/wp-content\/uploads\/2026\/01\/main-page-marie-julie.png"},{"@type":"BreadcrumbList","@id":"https:\/\/physiolasalle.com\/equipe-massotherapeutes-lasalle\/#breadcrumb","itemListElement":[{"@type":"ListItem","position":1,"name":"Home","item":"https:\/\/physiolasalle.com\/"},{"@type":"ListItem","position":2,"name":"4.1.2 LaSalle Massotherapists"}]},{"@type":"WebSite","@id":"https:\/\/physiolasalle.com\/#website","url":"https:\/\/physiolasalle.com\/","name":"Active Solution Physiotherapy","description":"","publisher":{"@id":"https:\/\/physiolasalle.com\/#organization"},"alternateName":"Physioth\u00e9rapie Solution Active","potentialAction":[{"@type":"SearchAction","target":{"@type":"EntryPoint","urlTemplate":"https:\/\/physiolasalle.com\/?s={search_term_string}"},"query-input":{"@type":"PropertyValueSpecification","valueRequired":true,"valueName":"search_term_string"}}],"inLanguage":"en-US"},{"@type":"Organization","@id":"https:\/\/physiolasalle.com\/#organization","name":"Active Solution Physiotherapy","url":"https:\/\/physiolasalle.com\/","logo":{"@type":"ImageObject","inLanguage":"en-US","@id":"https:\/\/physiolasalle.com\/#\/schema\/logo\/image\/","url":"https:\/\/physiolasalle.com\/wp-content\/uploads\/2022\/12\/New-Logo.png","contentUrl":"https:\/\/physiolasalle.com\/wp-content\/uploads\/2022\/12\/New-Logo.png","width":1800,"height":566,"caption":"Physioth\u00e9rapie Solution Active"},"image":{"@id":"https:\/\/physiolasalle.com\/#\/schema\/logo\/image\/"},"sameAs":["https:\/\/www.facebook.com\/PhysioSolutionActiveVerdun\/","https:\/\/www.facebook.com\/PhysioSolutionActiveMonk"]}]}},"_links":{"self":[{"href":"https:\/\/physiolasalle.com\/en\/wp-json\/wp\/v2\/pages\/20220","targetHints":{"allow":["GET"]}}],"collection":[{"href":"https:\/\/physiolasalle.com\/en\/wp-json\/wp\/v2\/pages"}],"about":[{"href":"https:\/\/physiolasalle.com\/en\/wp-json\/wp\/v2\/types\/page"}],"author":[{"embeddable":true,"href":"https:\/\/physiolasalle.com\/en\/wp-json\/wp\/v2\/users\/11"}],"replies":[{"embeddable":true,"href":"https:\/\/physiolasalle.com\/en\/wp-json\/wp\/v2\/comments?post=20220"}],"version-history":[{"count":25,"href":"https:\/\/physiolasalle.com\/en\/wp-json\/wp\/v2\/pages\/20220\/revisions"}],"predecessor-version":[{"id":21515,"href":"https:\/\/physiolasalle.com\/en\/wp-json\/wp\/v2\/pages\/20220\/revisions\/21515"}],"wp:attachment":[{"href":"https:\/\/physiolasalle.com\/en\/wp-json\/wp\/v2\/media?parent=20220"}],"wp:term":[{"taxonomy":"category","embeddable":true,"href":"https:\/\/physiolasalle.com\/en\/wp-json\/wp\/v2\/categories?post=20220"},{"taxonomy":"post_tag","embeddable":true,"href":"https:\/\/physiolasalle.com\/en\/wp-json\/wp\/v2\/tags?post=20220"}],"curies":[{"name":"wp","href":"https:\/\/api.w.org\/{rel}","templated":true}]}}