{"id":20128,"date":"2025-05-06T14:49:35","date_gmt":"2025-05-06T18:49:35","guid":{"rendered":"https:\/\/physiolasalle.com\/?page_id=20128"},"modified":"2025-09-02T14:32:50","modified_gmt":"2025-09-02T18:32:50","slug":"our-team-lasalle","status":"publish","type":"page","link":"https:\/\/physiolasalle.com\/en\/our-team-lasalle\/","title":{"rendered":"4.1 &#8211; Notre \u00c9quipe LaSalle"},"content":{"rendered":"<div data-elementor-type=\"wp-page\" data-elementor-id=\"20128\" class=\"elementor elementor-20128\" data-elementor-post-type=\"page\">\n\t\t\t\t\t\t<section data-particle_enable=\"false\" data-particle-mobile-disabled=\"false\" class=\"elementor-section elementor-top-section elementor-element elementor-element-74c6933 elementor-section-height-full elementor-section-boxed elementor-section-height-default elementor-section-items-middle\" data-id=\"74c6933\" data-element_type=\"section\" data-e-type=\"section\" data-settings=\"{&quot;background_background&quot;:&quot;classic&quot;}\">\n\t\t\t\t\t\t<div class=\"elementor-container elementor-column-gap-default\">\n\t\t\t\t\t<div class=\"elementor-column elementor-col-100 elementor-top-column elementor-element elementor-element-0157fb1\" data-id=\"0157fb1\" data-element_type=\"column\" data-e-type=\"column\" data-settings=\"{&quot;background_background&quot;:&quot;classic&quot;}\">\n\t\t\t<div class=\"elementor-widget-wrap elementor-element-populated\">\n\t\t\t\t\t\t<section data-particle_enable=\"false\" data-particle-mobile-disabled=\"false\" class=\"elementor-section elementor-inner-section elementor-element elementor-element-56d6732 elementor-section-boxed elementor-section-height-default elementor-section-height-default\" data-id=\"56d6732\" data-element_type=\"section\" data-e-type=\"section\">\n\t\t\t\t\t\t<div class=\"elementor-container elementor-column-gap-default\">\n\t\t\t\t\t<div class=\"elementor-column elementor-col-100 elementor-inner-column elementor-element elementor-element-d03d310\" data-id=\"d03d310\" data-element_type=\"column\" data-e-type=\"column\">\n\t\t\t<div class=\"elementor-widget-wrap elementor-element-populated\">\n\t\t\t\t\t\t<div class=\"elementor-element elementor-element-1704312 elementor-widget elementor-widget-heading\" data-id=\"1704312\" data-element_type=\"widget\" data-e-type=\"widget\" data-widget_type=\"heading.default\">\n\t\t\t\t\t<h1 class=\"elementor-heading-title elementor-size-default\">Our team at <br>Active Solution Physiotherapy LaSalle<\/h1>\t\t\t\t<\/div>\n\t\t\t\t\t<\/div>\n\t\t<\/div>\n\t\t\t\t\t<\/div>\n\t\t<\/section>\n\t\t\t\t\t<\/div>\n\t\t<\/div>\n\t\t\t\t\t<\/div>\n\t\t<\/section>\n\t\t\t\t<section data-particle_enable=\"false\" data-particle-mobile-disabled=\"false\" class=\"elementor-section elementor-top-section elementor-element elementor-element-2960901 elementor-section-boxed elementor-section-height-default elementor-section-height-default\" data-id=\"2960901\" data-element_type=\"section\" data-e-type=\"section\">\n\t\t\t\t\t\t<div class=\"elementor-container elementor-column-gap-default\">\n\t\t\t\t\t<div class=\"elementor-column elementor-col-100 elementor-top-column elementor-element elementor-element-56dcfa8\" data-id=\"56dcfa8\" data-element_type=\"column\" data-e-type=\"column\">\n\t\t\t<div class=\"elementor-widget-wrap elementor-element-populated\">\n\t\t\t\t\t\t<div class=\"elementor-element elementor-element-20461c3 elementor-widget elementor-widget-heading\" data-id=\"20461c3\" data-element_type=\"widget\" data-e-type=\"widget\" data-widget_type=\"heading.default\">\n\t\t\t\t\t<h2 class=\"elementor-heading-title elementor-size-default\">An Experienced Team<\/h2>\t\t\t\t<\/div>\n\t\t\t\t<div class=\"elementor-element elementor-element-7a96c14 elementor-widget elementor-widget-text-editor\" data-id=\"7a96c14\" data-element_type=\"widget\" data-e-type=\"widget\" data-widget_type=\"text-editor.default\">\n\t\t\t\t\t\t\t\t\t<p>At Physioth\u00e9rapie Solution Active LaSalle, we are proud of our team of <strong>experienced therapists<\/strong>who are dedicated to continuously <strong>expanding their knowledge.<\/strong>, et \u00e0 <strong>l&rsquo;enseignement<\/strong>Whether you need physiotherapy, occupational therapy, massage therapy, or osteopathy,<strong><em> you will benefit from professional and evidence-based-care tailored to your unique needs.<\/em><\/strong>.\u00a0<\/p>\t\t\t\t\t\t\t\t<\/div>\n\t\t\t\t<section data-particle_enable=\"false\" data-particle-mobile-disabled=\"false\" class=\"elementor-section elementor-inner-section elementor-element elementor-element-f0644b4 elementor-section-boxed elementor-section-height-default elementor-section-height-default\" data-id=\"f0644b4\" data-element_type=\"section\" data-e-type=\"section\">\n\t\t\t\t\t\t<div class=\"elementor-container elementor-column-gap-default\">\n\t\t\t\t\t<div class=\"elementor-column elementor-col-100 elementor-inner-column elementor-element elementor-element-5e6ee10\" data-id=\"5e6ee10\" data-element_type=\"column\" data-e-type=\"column\">\n\t\t\t<div class=\"elementor-widget-wrap elementor-element-populated\">\n\t\t\t\t\t\t<div class=\"elementor-element elementor-element-be43382 elementor-widget elementor-widget-heading\" data-id=\"be43382\" data-element_type=\"widget\" data-e-type=\"widget\" data-widget_type=\"heading.default\">\n\t\t\t\t\t<h2 class=\"elementor-heading-title elementor-size-default\">Our Therapists and Support Staff<\/h2>\t\t\t\t<\/div>\n\t\t\t\t<div class=\"elementor-element elementor-element-934d1e7 elementor-hidden-mobile elementor-widget elementor-widget-text-editor\" data-id=\"934d1e7\" data-element_type=\"widget\" data-e-type=\"widget\" data-widget_type=\"text-editor.default\">\n\t\t\t\t\t\t\t\t\t<p><a href=\"https:\/\/physiolasalle.com\/en\/team-admin-lasalle\/\">Administration<\/a><\/p><p><a href=\"https:\/\/physiolasalle.com\/en\/ergoth\u00e9rapeutes-lasalle\/\">Occupational Therapists<\/a><\/p><p><a href=\"https:\/\/physiolasalle.com\/en\/equipe-massotherapeutes-lasalle\/\">Massage Therapists<\/a><\/p><p><a href=\"\/en\/team-osteopaths-lasalle\/\">Osteopaths<\/a><\/p><p><a href=\"https:\/\/physiolasalle.com\/en\/equipe-physiotherapeutes-lasalle\/\">Physiotherapists<\/a><\/p><p><a href=\"https:\/\/physiolasalle.com\/en\/equipe-technologues-en-physiotherapie-lasalle\/\">Physiotherapy Technologists<\/a><\/p>\t\t\t\t\t\t\t\t<\/div>\n\t\t\t\t\t<\/div>\n\t\t<\/div>\n\t\t\t\t\t<\/div>\n\t\t<\/section>\n\t\t\t\t\t<\/div>\n\t\t<\/div>\n\t\t\t\t\t<\/div>\n\t\t<\/section>\n\t\t\t\t<section data-particle_enable=\"false\" data-particle-mobile-disabled=\"false\" class=\"elementor-section elementor-top-section elementor-element elementor-element-4a61530 elementor-section-boxed elementor-section-height-default elementor-section-height-default\" data-id=\"4a61530\" data-element_type=\"section\" data-e-type=\"section\">\n\t\t\t\t\t\t<div class=\"elementor-container elementor-column-gap-default\">\n\t\t\t\t\t<div class=\"elementor-column elementor-col-100 elementor-top-column elementor-element elementor-element-79e8cd8\" data-id=\"79e8cd8\" data-element_type=\"column\" data-e-type=\"column\">\n\t\t\t<div class=\"elementor-widget-wrap elementor-element-populated\">\n\t\t\t\t\t\t<div class=\"elementor-element elementor-element-e58ab27 elementor-widget elementor-widget-heading\" data-id=\"e58ab27\" data-element_type=\"widget\" data-e-type=\"widget\" data-widget_type=\"heading.default\">\n\t\t\t\t\t<h2 class=\"elementor-heading-title elementor-size-default\">Do you have questions?<\/h2>\t\t\t\t<\/div>\n\t\t\t\t<div class=\"elementor-element elementor-element-2c133a4 elementor-align-center elementor-widget elementor-widget-global elementor-global-6123 elementor-widget-button\" data-id=\"2c133a4\" data-element_type=\"widget\" data-e-type=\"widget\" data-widget_type=\"button.default\">\n\t\t\t\t\t\t\t\t\t\t<a class=\"elementor-button elementor-button-link elementor-size-sm\" href=\"#elementor-action%3Aaction%3Dpopup%3Aopen%26settings%3DeyJpZCI6IjE5MTkiLCJ0b2dnbGUiOmZhbHNlfQ%3D%3D\">\n\t\t\t\t\t\t<span class=\"elementor-button-content-wrapper\">\n\t\t\t\t\t\t\t\t\t<span class=\"elementor-button-text\">TALK TO A PHYSIO FOR FREE!<\/span>\n\t\t\t\t\t<\/span>\n\t\t\t\t\t<\/a>\n\t\t\t\t\t\t\t\t<\/div>\n\t\t\t\t\t<\/div>\n\t\t<\/div>\n\t\t\t\t\t<\/div>\n\t\t<\/section>\n\t\t\t\t<section data-particle_enable=\"false\" data-particle-mobile-disabled=\"false\" class=\"elementor-section elementor-top-section elementor-element elementor-element-8ef8795 elementor-section-boxed elementor-section-height-default elementor-section-height-default\" data-id=\"8ef8795\" data-element_type=\"section\" data-e-type=\"section\">\n\t\t\t\t\t\t<div class=\"elementor-container elementor-column-gap-default\">\n\t\t\t\t\t<div class=\"elementor-column elementor-col-100 elementor-top-column elementor-element elementor-element-06cfc6d\" data-id=\"06cfc6d\" data-element_type=\"column\" data-e-type=\"column\">\n\t\t\t<div class=\"elementor-widget-wrap elementor-element-populated\">\n\t\t\t\t\t\t<div class=\"elementor-element elementor-element-f7e0bba elementor-widget elementor-widget-image\" data-id=\"f7e0bba\" data-element_type=\"widget\" data-e-type=\"widget\" data-widget_type=\"image.default\">\n\t\t\t\t\t\t\t\t\t\t\t\t\t\t\t<img fetchpriority=\"high\" decoding=\"async\" width=\"800\" height=\"255\" src=\"https:\/\/physiolasalle.com\/wp-content\/uploads\/2023\/04\/iStock-1371711142-1024x327.jpg\" class=\"attachment-large size-large wp-image-6397\" alt=\"\" srcset=\"https:\/\/physiolasalle.com\/wp-content\/uploads\/2023\/04\/iStock-1371711142-1024x327.jpg 1024w, https:\/\/physiolasalle.com\/wp-content\/uploads\/2023\/04\/iStock-1371711142-scaled-600x192.jpg 600w, https:\/\/physiolasalle.com\/wp-content\/uploads\/2023\/04\/iStock-1371711142-300x96.jpg 300w, https:\/\/physiolasalle.com\/wp-content\/uploads\/2023\/04\/iStock-1371711142-768x246.jpg 768w, https:\/\/physiolasalle.com\/wp-content\/uploads\/2023\/04\/iStock-1371711142-1536x491.jpg 1536w, https:\/\/physiolasalle.com\/wp-content\/uploads\/2023\/04\/iStock-1371711142-2048x655.jpg 2048w, https:\/\/physiolasalle.com\/wp-content\/uploads\/2023\/04\/iStock-1371711142-18x6.jpg 18w\" sizes=\"(max-width: 800px) 100vw, 800px\" \/>\t\t\t\t\t\t\t\t\t\t\t\t\t\t\t<\/div>\n\t\t\t\t\t<\/div>\n\t\t<\/div>\n\t\t\t\t\t<\/div>\n\t\t<\/section>\n\t\t\t\t<section data-particle_enable=\"false\" data-particle-mobile-disabled=\"false\" class=\"elementor-section elementor-top-section elementor-element elementor-element-c4ee9c4 elementor-section-boxed elementor-section-height-default elementor-section-height-default\" data-id=\"c4ee9c4\" data-element_type=\"section\" data-e-type=\"section\">\n\t\t\t\t\t\t<div class=\"elementor-container elementor-column-gap-default\">\n\t\t\t\t\t<div class=\"elementor-column elementor-col-100 elementor-top-column elementor-element elementor-element-160b3b9\" data-id=\"160b3b9\" data-element_type=\"column\" data-e-type=\"column\">\n\t\t\t<div class=\"elementor-widget-wrap\">\n\t\t\t\t\t\t\t<\/div>\n\t\t<\/div>\n\t\t\t\t\t<\/div>\n\t\t<\/section>\n\t\t\t\t<section data-particle_enable=\"false\" data-particle-mobile-disabled=\"false\" class=\"elementor-section elementor-top-section elementor-element elementor-element-24a810b elementor-section-boxed elementor-section-height-default elementor-section-height-default\" data-id=\"24a810b\" data-element_type=\"section\" data-e-type=\"section\">\n\t\t\t\t\t\t<div class=\"elementor-container elementor-column-gap-default\">\n\t\t\t\t\t<div class=\"elementor-column elementor-col-100 elementor-top-column elementor-element elementor-element-36d292f\" data-id=\"36d292f\" data-element_type=\"column\" data-e-type=\"column\">\n\t\t\t<div class=\"elementor-widget-wrap\">\n\t\t\t\t\t\t\t<\/div>\n\t\t<\/div>\n\t\t\t\t\t<\/div>\n\t\t<\/section>\n\t\t\t\t<\/div>","protected":false},"excerpt":{"rendered":"<p>Notre \u00e9quipe chez Physioth\u00e9rapie Solution Active LaSalle Une \u00e9quipe d&rsquo;exp\u00e9rience \u00c0 Physioth\u00e9rapie Solution Active LaSalle, nous sommes fiers de notre \u00e9quipe de th\u00e9rapeutes exp\u00e9riment\u00e9s, d\u00e9vou\u00e9s au d\u00e9veloppement de leur connaissances, [&hellip;]<\/p>\n","protected":false},"author":11,"featured_media":0,"parent":0,"menu_order":0,"comment_status":"closed","ping_status":"closed","template":"","meta":{"footnotes":""},"categories":[],"tags":[],"class_list":["post-20128","page","type-page","status-publish","hentry"],"yoast_head":"<!-- This site is optimized with the Yoast SEO plugin v27.4 - https:\/\/yoast.com\/product\/yoast-seo-wordpress\/ -->\n<title>Th\u00e9rapeutes d&#039;exp\u00e9rience - Physioth\u00e9rapie Solution Active LaSalle<\/title>\n<meta name=\"description\" content=\"Premi\u00e8re clinique de physioth\u00e9rapie \u00e0 LaSalle, notre \u00e9quipe de th\u00e9rapeutes d&#039;exp\u00e9rience est l\u00e0 pour vous accompagner!\" \/>\n<meta name=\"robots\" content=\"noindex, follow, max-snippet:-1, max-image-preview:large, max-video-preview:-1\" \/>\n<meta property=\"og:locale\" content=\"en_US\" \/>\n<meta property=\"og:type\" content=\"article\" \/>\n<meta property=\"og:title\" content=\"Th\u00e9rapeutes d&#039;exp\u00e9rience - Physioth\u00e9rapie Solution Active LaSalle\" \/>\n<meta property=\"og:description\" content=\"Premi\u00e8re clinique de physioth\u00e9rapie \u00e0 LaSalle, notre \u00e9quipe de th\u00e9rapeutes d&#039;exp\u00e9rience est l\u00e0 pour vous accompagner!\" \/>\n<meta property=\"og:url\" content=\"https:\/\/physiolasalle.com\/en\/our-team-lasalle\/\" \/>\n<meta property=\"og:site_name\" content=\"Physioth\u00e9rapie Solution Active\" \/>\n<meta property=\"article:publisher\" content=\"https:\/\/www.facebook.com\/PhysioSolutionActiveVerdun\/\" \/>\n<meta property=\"article:modified_time\" content=\"2025-09-02T18:32:50+00:00\" \/>\n<meta property=\"og:image\" content=\"https:\/\/physiolasalle.com\/wp-content\/uploads\/2023\/04\/iStock-1371711142-scaled.jpg\" \/>\n\t<meta property=\"og:image:width\" content=\"2560\" \/>\n\t<meta property=\"og:image:height\" content=\"819\" \/>\n\t<meta property=\"og:image:type\" content=\"image\/jpeg\" \/>\n<meta name=\"twitter:card\" content=\"summary_large_image\" \/>\n<meta name=\"twitter:label1\" content=\"Est. reading time\" \/>\n\t<meta name=\"twitter:data1\" content=\"1 minute\" \/>\n<script type=\"application\/ld+json\" class=\"yoast-schema-graph\">{\"@context\":\"https:\\\/\\\/schema.org\",\"@graph\":[{\"@type\":\"WebPage\",\"@id\":\"https:\\\/\\\/physiolasalle.com\\\/notre-equipe-lasalle\\\/\",\"url\":\"https:\\\/\\\/physiolasalle.com\\\/notre-equipe-lasalle\\\/\",\"name\":\"Th\u00e9rapeutes d'exp\u00e9rience - Physioth\u00e9rapie Solution Active LaSalle\",\"isPartOf\":{\"@id\":\"https:\\\/\\\/physiolasalle.com\\\/#website\"},\"primaryImageOfPage\":{\"@id\":\"https:\\\/\\\/physiolasalle.com\\\/notre-equipe-lasalle\\\/#primaryimage\"},\"image\":{\"@id\":\"https:\\\/\\\/physiolasalle.com\\\/notre-equipe-lasalle\\\/#primaryimage\"},\"thumbnailUrl\":\"https:\\\/\\\/physiolasalle.com\\\/wp-content\\\/uploads\\\/2023\\\/04\\\/iStock-1371711142-1024x327.jpg\",\"datePublished\":\"2025-05-06T18:49:35+00:00\",\"dateModified\":\"2025-09-02T18:32:50+00:00\",\"description\":\"Premi\u00e8re clinique de physioth\u00e9rapie \u00e0 LaSalle, notre \u00e9quipe de th\u00e9rapeutes d'exp\u00e9rience est l\u00e0 pour vous accompagner!\",\"breadcrumb\":{\"@id\":\"https:\\\/\\\/physiolasalle.com\\\/notre-equipe-lasalle\\\/#breadcrumb\"},\"inLanguage\":\"en-US\",\"potentialAction\":[{\"@type\":\"ReadAction\",\"target\":[\"https:\\\/\\\/physiolasalle.com\\\/notre-equipe-lasalle\\\/\"]}]},{\"@type\":\"ImageObject\",\"inLanguage\":\"en-US\",\"@id\":\"https:\\\/\\\/physiolasalle.com\\\/notre-equipe-lasalle\\\/#primaryimage\",\"url\":\"https:\\\/\\\/physiolasalle.com\\\/wp-content\\\/uploads\\\/2023\\\/04\\\/iStock-1371711142-1024x327.jpg\",\"contentUrl\":\"https:\\\/\\\/physiolasalle.com\\\/wp-content\\\/uploads\\\/2023\\\/04\\\/iStock-1371711142-1024x327.jpg\"},{\"@type\":\"BreadcrumbList\",\"@id\":\"https:\\\/\\\/physiolasalle.com\\\/notre-equipe-lasalle\\\/#breadcrumb\",\"itemListElement\":[{\"@type\":\"ListItem\",\"position\":1,\"name\":\"Home\",\"item\":\"https:\\\/\\\/physiolasalle.com\\\/\"},{\"@type\":\"ListItem\",\"position\":2,\"name\":\"4.1 &#8211; Notre \u00c9quipe LaSalle\"}]},{\"@type\":\"WebSite\",\"@id\":\"https:\\\/\\\/physiolasalle.com\\\/#website\",\"url\":\"https:\\\/\\\/physiolasalle.com\\\/\",\"name\":\"Physioth\u00e9rapie Solution Active\",\"description\":\"\",\"publisher\":{\"@id\":\"https:\\\/\\\/physiolasalle.com\\\/#organization\"},\"alternateName\":\"Physioth\u00e9rapie Solution Active\",\"potentialAction\":[{\"@type\":\"SearchAction\",\"target\":{\"@type\":\"EntryPoint\",\"urlTemplate\":\"https:\\\/\\\/physiolasalle.com\\\/?s={search_term_string}\"},\"query-input\":{\"@type\":\"PropertyValueSpecification\",\"valueRequired\":true,\"valueName\":\"search_term_string\"}}],\"inLanguage\":\"en-US\"},{\"@type\":\"Organization\",\"@id\":\"https:\\\/\\\/physiolasalle.com\\\/#organization\",\"name\":\"Physioth\u00e9rapie Solution Active\",\"url\":\"https:\\\/\\\/physiolasalle.com\\\/\",\"logo\":{\"@type\":\"ImageObject\",\"inLanguage\":\"en-US\",\"@id\":\"https:\\\/\\\/physiolasalle.com\\\/#\\\/schema\\\/logo\\\/image\\\/\",\"url\":\"https:\\\/\\\/physiolasalle.com\\\/wp-content\\\/uploads\\\/2022\\\/12\\\/New-Logo.png\",\"contentUrl\":\"https:\\\/\\\/physiolasalle.com\\\/wp-content\\\/uploads\\\/2022\\\/12\\\/New-Logo.png\",\"width\":1800,\"height\":566,\"caption\":\"Physioth\u00e9rapie Solution Active\"},\"image\":{\"@id\":\"https:\\\/\\\/physiolasalle.com\\\/#\\\/schema\\\/logo\\\/image\\\/\"},\"sameAs\":[\"https:\\\/\\\/www.facebook.com\\\/PhysioSolutionActiveVerdun\\\/\",\"https:\\\/\\\/www.facebook.com\\\/PhysioSolutionActiveMonk\"]}]}<\/script>\n<!-- \/ Yoast SEO plugin. -->","yoast_head_json":{"title":"Th\u00e9rapeutes d'exp\u00e9rience - Physioth\u00e9rapie Solution Active LaSalle","description":"Premi\u00e8re clinique de physioth\u00e9rapie \u00e0 LaSalle, notre \u00e9quipe de th\u00e9rapeutes d'exp\u00e9rience est l\u00e0 pour vous accompagner!","robots":{"index":"noindex","follow":"follow","max-snippet":"max-snippet:-1","max-image-preview":"max-image-preview:large","max-video-preview":"max-video-preview:-1"},"og_locale":"en_US","og_type":"article","og_title":"Th\u00e9rapeutes d'exp\u00e9rience - Physioth\u00e9rapie Solution Active LaSalle","og_description":"Premi\u00e8re clinique de physioth\u00e9rapie \u00e0 LaSalle, notre \u00e9quipe de th\u00e9rapeutes d'exp\u00e9rience est l\u00e0 pour vous accompagner!","og_url":"https:\/\/physiolasalle.com\/en\/our-team-lasalle\/","og_site_name":"Physioth\u00e9rapie Solution Active","article_publisher":"https:\/\/www.facebook.com\/PhysioSolutionActiveVerdun\/","article_modified_time":"2025-09-02T18:32:50+00:00","og_image":[{"width":2560,"height":819,"url":"https:\/\/physiolasalle.com\/wp-content\/uploads\/2023\/04\/iStock-1371711142-scaled.jpg","type":"image\/jpeg"}],"twitter_card":"summary_large_image","twitter_misc":{"Est. reading time":"1 minute"},"schema":{"@context":"https:\/\/schema.org","@graph":[{"@type":"WebPage","@id":"https:\/\/physiolasalle.com\/notre-equipe-lasalle\/","url":"https:\/\/physiolasalle.com\/notre-equipe-lasalle\/","name":"Th\u00e9rapeutes d'exp\u00e9rience - Physioth\u00e9rapie Solution Active LaSalle","isPartOf":{"@id":"https:\/\/physiolasalle.com\/#website"},"primaryImageOfPage":{"@id":"https:\/\/physiolasalle.com\/notre-equipe-lasalle\/#primaryimage"},"image":{"@id":"https:\/\/physiolasalle.com\/notre-equipe-lasalle\/#primaryimage"},"thumbnailUrl":"https:\/\/physiolasalle.com\/wp-content\/uploads\/2023\/04\/iStock-1371711142-1024x327.jpg","datePublished":"2025-05-06T18:49:35+00:00","dateModified":"2025-09-02T18:32:50+00:00","description":"Premi\u00e8re clinique de physioth\u00e9rapie \u00e0 LaSalle, notre \u00e9quipe de th\u00e9rapeutes d'exp\u00e9rience est l\u00e0 pour vous accompagner!","breadcrumb":{"@id":"https:\/\/physiolasalle.com\/notre-equipe-lasalle\/#breadcrumb"},"inLanguage":"en-US","potentialAction":[{"@type":"ReadAction","target":["https:\/\/physiolasalle.com\/notre-equipe-lasalle\/"]}]},{"@type":"ImageObject","inLanguage":"en-US","@id":"https:\/\/physiolasalle.com\/notre-equipe-lasalle\/#primaryimage","url":"https:\/\/physiolasalle.com\/wp-content\/uploads\/2023\/04\/iStock-1371711142-1024x327.jpg","contentUrl":"https:\/\/physiolasalle.com\/wp-content\/uploads\/2023\/04\/iStock-1371711142-1024x327.jpg"},{"@type":"BreadcrumbList","@id":"https:\/\/physiolasalle.com\/notre-equipe-lasalle\/#breadcrumb","itemListElement":[{"@type":"ListItem","position":1,"name":"Home","item":"https:\/\/physiolasalle.com\/"},{"@type":"ListItem","position":2,"name":"4.1 &#8211; Notre \u00c9quipe LaSalle"}]},{"@type":"WebSite","@id":"https:\/\/physiolasalle.com\/#website","url":"https:\/\/physiolasalle.com\/","name":"Active Solution Physiotherapy","description":"","publisher":{"@id":"https:\/\/physiolasalle.com\/#organization"},"alternateName":"Physioth\u00e9rapie Solution Active","potentialAction":[{"@type":"SearchAction","target":{"@type":"EntryPoint","urlTemplate":"https:\/\/physiolasalle.com\/?s={search_term_string}"},"query-input":{"@type":"PropertyValueSpecification","valueRequired":true,"valueName":"search_term_string"}}],"inLanguage":"en-US"},{"@type":"Organization","@id":"https:\/\/physiolasalle.com\/#organization","name":"Active Solution Physiotherapy","url":"https:\/\/physiolasalle.com\/","logo":{"@type":"ImageObject","inLanguage":"en-US","@id":"https:\/\/physiolasalle.com\/#\/schema\/logo\/image\/","url":"https:\/\/physiolasalle.com\/wp-content\/uploads\/2022\/12\/New-Logo.png","contentUrl":"https:\/\/physiolasalle.com\/wp-content\/uploads\/2022\/12\/New-Logo.png","width":1800,"height":566,"caption":"Physioth\u00e9rapie Solution Active"},"image":{"@id":"https:\/\/physiolasalle.com\/#\/schema\/logo\/image\/"},"sameAs":["https:\/\/www.facebook.com\/PhysioSolutionActiveVerdun\/","https:\/\/www.facebook.com\/PhysioSolutionActiveMonk"]}]}},"_links":{"self":[{"href":"https:\/\/physiolasalle.com\/en\/wp-json\/wp\/v2\/pages\/20128","targetHints":{"allow":["GET"]}}],"collection":[{"href":"https:\/\/physiolasalle.com\/en\/wp-json\/wp\/v2\/pages"}],"about":[{"href":"https:\/\/physiolasalle.com\/en\/wp-json\/wp\/v2\/types\/page"}],"author":[{"embeddable":true,"href":"https:\/\/physiolasalle.com\/en\/wp-json\/wp\/v2\/users\/11"}],"replies":[{"embeddable":true,"href":"https:\/\/physiolasalle.com\/en\/wp-json\/wp\/v2\/comments?post=20128"}],"version-history":[{"count":26,"href":"https:\/\/physiolasalle.com\/en\/wp-json\/wp\/v2\/pages\/20128\/revisions"}],"predecessor-version":[{"id":21337,"href":"https:\/\/physiolasalle.com\/en\/wp-json\/wp\/v2\/pages\/20128\/revisions\/21337"}],"wp:attachment":[{"href":"https:\/\/physiolasalle.com\/en\/wp-json\/wp\/v2\/media?parent=20128"}],"wp:term":[{"taxonomy":"category","embeddable":true,"href":"https:\/\/physiolasalle.com\/en\/wp-json\/wp\/v2\/categories?post=20128"},{"taxonomy":"post_tag","embeddable":true,"href":"https:\/\/physiolasalle.com\/en\/wp-json\/wp\/v2\/tags?post=20128"}],"curies":[{"name":"wp","href":"https:\/\/api.w.org\/{rel}","templated":true}]}}