{"id":19896,"date":"2025-05-06T15:12:35","date_gmt":"2025-05-06T19:12:35","guid":{"rendered":"https:\/\/physiolasalle.com\/?page_id=19896"},"modified":"2025-06-06T17:15:25","modified_gmt":"2025-06-06T21:15:25","slug":"team-khalil-sharifi","status":"publish","type":"page","link":"https:\/\/physiolasalle.com\/en\/team-khalil-sharifi\/","title":{"rendered":"4.1.6.2-Khalil Sharifi"},"content":{"rendered":"<div data-elementor-type=\"wp-page\" data-elementor-id=\"19896\" class=\"elementor elementor-19896\" data-elementor-post-type=\"page\">\n\t\t\t\t\t\t<section data-particle_enable=\"false\" data-particle-mobile-disabled=\"false\" class=\"elementor-section elementor-top-section elementor-element elementor-element-47db4a3 elementor-section-height-full elementor-section-boxed elementor-section-height-default elementor-section-items-middle\" data-id=\"47db4a3\" data-element_type=\"section\" data-e-type=\"section\" data-settings=\"{&quot;background_background&quot;:&quot;classic&quot;}\">\n\t\t\t\t\t\t<div class=\"elementor-container elementor-column-gap-default\">\n\t\t\t\t\t<div class=\"elementor-column elementor-col-100 elementor-top-column elementor-element elementor-element-0710286\" data-id=\"0710286\" data-element_type=\"column\" data-e-type=\"column\" data-settings=\"{&quot;background_background&quot;:&quot;classic&quot;}\">\n\t\t\t<div class=\"elementor-widget-wrap elementor-element-populated\">\n\t\t\t\t\t\t<section data-particle_enable=\"false\" data-particle-mobile-disabled=\"false\" class=\"elementor-section elementor-inner-section elementor-element elementor-element-0f55569 elementor-section-boxed elementor-section-height-default elementor-section-height-default\" data-id=\"0f55569\" data-element_type=\"section\" data-e-type=\"section\">\n\t\t\t\t\t\t<div class=\"elementor-container elementor-column-gap-default\">\n\t\t\t\t\t<div class=\"elementor-column elementor-col-100 elementor-inner-column elementor-element elementor-element-514916b\" data-id=\"514916b\" data-element_type=\"column\" data-e-type=\"column\">\n\t\t\t<div class=\"elementor-widget-wrap elementor-element-populated\">\n\t\t\t\t\t\t<div class=\"elementor-element elementor-element-2781b8f elementor-widget elementor-widget-heading\" data-id=\"2781b8f\" data-element_type=\"widget\" data-e-type=\"widget\" data-widget_type=\"heading.default\">\n\t\t\t\t\t<h3 class=\"elementor-heading-title elementor-size-default\"><font color=\"#ffffff\">Physiotherapy Technologist<\/font><\/h3>\t\t\t\t<\/div>\n\t\t\t\t<div class=\"elementor-element elementor-element-28a7d2b elementor-widget elementor-widget-heading\" data-id=\"28a7d2b\" data-element_type=\"widget\" data-e-type=\"widget\" data-widget_type=\"heading.default\">\n\t\t\t\t\t<h1 class=\"elementor-heading-title elementor-size-default\">Khalil Sharifi <h4><font color=\"#ffffff\">T.phys<\/h4><\/font><\/h1>\t\t\t\t<\/div>\n\t\t\t\t\t<\/div>\n\t\t<\/div>\n\t\t\t\t\t<\/div>\n\t\t<\/section>\n\t\t\t\t\t<\/div>\n\t\t<\/div>\n\t\t\t\t\t<\/div>\n\t\t<\/section>\n\t\t\t\t<section data-particle_enable=\"false\" data-particle-mobile-disabled=\"false\" class=\"elementor-section elementor-top-section elementor-element elementor-element-f20cf3c elementor-section-boxed elementor-section-height-default elementor-section-height-default\" data-id=\"f20cf3c\" data-element_type=\"section\" data-e-type=\"section\">\n\t\t\t\t\t\t<div class=\"elementor-container elementor-column-gap-default\">\n\t\t\t\t\t<div class=\"elementor-column elementor-col-100 elementor-top-column elementor-element elementor-element-1550438\" data-id=\"1550438\" data-element_type=\"column\" data-e-type=\"column\">\n\t\t\t<div class=\"elementor-widget-wrap elementor-element-populated\">\n\t\t\t\t\t\t<section data-particle_enable=\"false\" data-particle-mobile-disabled=\"false\" class=\"elementor-section elementor-inner-section elementor-element elementor-element-89a5acd elementor-section-content-middle elementor-section-boxed elementor-section-height-default elementor-section-height-default\" data-id=\"89a5acd\" data-element_type=\"section\" data-e-type=\"section\">\n\t\t\t\t\t\t<div class=\"elementor-container elementor-column-gap-default\">\n\t\t\t\t\t<div class=\"elementor-column elementor-col-50 elementor-inner-column elementor-element elementor-element-f9c430c\" data-id=\"f9c430c\" data-element_type=\"column\" data-e-type=\"column\">\n\t\t\t<div class=\"elementor-widget-wrap elementor-element-populated\">\n\t\t\t\t\t\t<div class=\"elementor-element elementor-element-2c7d1ab elementor-hidden-desktop elementor-hidden-tablet elementor-widget elementor-widget-image\" data-id=\"2c7d1ab\" data-element_type=\"widget\" data-e-type=\"widget\" data-widget_type=\"image.default\">\n\t\t\t\t\t\t\t\t\t\t\t\t\t\t\t<img decoding=\"async\" src=\"https:\/\/physiolasalle.com\/wp-content\/uploads\/2025\/01\/Khalil-main-page.png\" title=\"\" alt=\"\" loading=\"lazy\" \/>\t\t\t\t\t\t\t\t\t\t\t\t\t\t\t<\/div>\n\t\t\t\t<div class=\"elementor-element elementor-element-20ad25e elementor-widget elementor-widget-heading\" data-id=\"20ad25e\" data-element_type=\"widget\" data-e-type=\"widget\" data-widget_type=\"heading.default\">\n\t\t\t\t\t<h2 class=\"elementor-heading-title elementor-size-default\">SERVICES OFFERED <span style=\"font-weight:700\">BY KHALIL<\/span><\/h2>\t\t\t\t<\/div>\n\t\t\t\t<div class=\"elementor-element elementor-element-78ce4ae elementor-widget-divider--view-line elementor-widget elementor-widget-divider\" data-id=\"78ce4ae\" data-element_type=\"widget\" data-e-type=\"widget\" data-widget_type=\"divider.default\">\n\t\t\t\t\t\t\t<div class=\"elementor-divider\">\n\t\t\t<span class=\"elementor-divider-separator\">\n\t\t\t\t\t\t<\/span>\n\t\t<\/div>\n\t\t\t\t\t\t<\/div>\n\t\t\t\t<div class=\"elementor-element elementor-element-9a0d178 elementor-position-inline-start elementor-mobile-position-inline-start elementor-view-default elementor-widget elementor-widget-icon-box\" data-id=\"9a0d178\" data-element_type=\"widget\" data-e-type=\"widget\" data-widget_type=\"icon-box.default\">\n\t\t\t\t\t\t\t<div class=\"elementor-icon-box-wrapper\">\n\n\t\t\t\t\t\t<div class=\"elementor-icon-box-icon\">\n\t\t\t\t<span  class=\"elementor-icon\">\n\t\t\t\t<svg aria-hidden=\"true\" class=\"e-font-icon-svg e-far-check-circle\" viewbox=\"0 0 512 512\" xmlns=\"http:\/\/www.w3.org\/2000\/svg\"><path d=\"M256 8C119.033 8 8 119.033 8 256s111.033 248 248 248 248-111.033 248-248S392.967 8 256 8zm0 48c110.532 0 200 89.451 200 200 0 110.532-89.451 200-200 200-110.532 0-200-89.451-200-200 0-110.532 89.451-200 200-200m140.204 130.267l-22.536-22.718c-4.667-4.705-12.265-4.736-16.97-.068L215.346 303.697l-59.792-60.277c-4.667-4.705-12.265-4.736-16.97-.069l-22.719 22.536c-4.705 4.667-4.736 12.265-.068 16.971l90.781 91.516c4.667 4.705 12.265 4.736 16.97.068l172.589-171.204c4.704-4.668 4.734-12.266.067-16.971z\"><\/path><\/svg>\t\t\t\t<\/span>\n\t\t\t<\/div>\n\t\t\t\n\t\t\t\t\t\t<div class=\"elementor-icon-box-content\">\n\n\t\t\t\t\t\t\t\t\t<h3 class=\"elementor-icon-box-title\">\n\t\t\t\t\t\t<span  >\n\t\t\t\t\t\t\tCNESST\t\t\t\t\t\t<\/span>\n\t\t\t\t\t<\/h3>\n\t\t\t\t\n\t\t\t\t\n\t\t\t<\/div>\n\t\t\t\n\t\t<\/div>\n\t\t\t\t\t\t<\/div>\n\t\t\t\t<div class=\"elementor-element elementor-element-285daec elementor-position-inline-start elementor-mobile-position-inline-start elementor-view-default elementor-widget elementor-widget-icon-box\" data-id=\"285daec\" data-element_type=\"widget\" data-e-type=\"widget\" data-widget_type=\"icon-box.default\">\n\t\t\t\t\t\t\t<div class=\"elementor-icon-box-wrapper\">\n\n\t\t\t\t\t\t<div class=\"elementor-icon-box-icon\">\n\t\t\t\t<span  class=\"elementor-icon\">\n\t\t\t\t<svg aria-hidden=\"true\" class=\"e-font-icon-svg e-far-check-circle\" viewbox=\"0 0 512 512\" xmlns=\"http:\/\/www.w3.org\/2000\/svg\"><path d=\"M256 8C119.033 8 8 119.033 8 256s111.033 248 248 248 248-111.033 248-248S392.967 8 256 8zm0 48c110.532 0 200 89.451 200 200 0 110.532-89.451 200-200 200-110.532 0-200-89.451-200-200 0-110.532 89.451-200 200-200m140.204 130.267l-22.536-22.718c-4.667-4.705-12.265-4.736-16.97-.068L215.346 303.697l-59.792-60.277c-4.667-4.705-12.265-4.736-16.97-.069l-22.719 22.536c-4.705 4.667-4.736 12.265-.068 16.971l90.781 91.516c4.667 4.705 12.265 4.736 16.97.068l172.589-171.204c4.704-4.668 4.734-12.266.067-16.971z\"><\/path><\/svg>\t\t\t\t<\/span>\n\t\t\t<\/div>\n\t\t\t\n\t\t\t\t\t\t<div class=\"elementor-icon-box-content\">\n\n\t\t\t\t\t\t\t\t\t<h3 class=\"elementor-icon-box-title\">\n\t\t\t\t\t\t<span  >\n\t\t\t\t\t\t\tSAAQ\t\t\t\t\t\t<\/span>\n\t\t\t\t\t<\/h3>\n\t\t\t\t\n\t\t\t\t\n\t\t\t<\/div>\n\t\t\t\n\t\t<\/div>\n\t\t\t\t\t\t<\/div>\n\t\t\t\t<div class=\"elementor-element elementor-element-643cc85 elementor-position-inline-start elementor-mobile-position-inline-start elementor-view-default elementor-widget elementor-widget-icon-box\" data-id=\"643cc85\" data-element_type=\"widget\" data-e-type=\"widget\" data-widget_type=\"icon-box.default\">\n\t\t\t\t\t\t\t<div class=\"elementor-icon-box-wrapper\">\n\n\t\t\t\t\t\t<div class=\"elementor-icon-box-icon\">\n\t\t\t\t<span  class=\"elementor-icon\">\n\t\t\t\t<svg aria-hidden=\"true\" class=\"e-font-icon-svg e-far-check-circle\" viewbox=\"0 0 512 512\" xmlns=\"http:\/\/www.w3.org\/2000\/svg\"><path d=\"M256 8C119.033 8 8 119.033 8 256s111.033 248 248 248 248-111.033 248-248S392.967 8 256 8zm0 48c110.532 0 200 89.451 200 200 0 110.532-89.451 200-200 200-110.532 0-200-89.451-200-200 0-110.532 89.451-200 200-200m140.204 130.267l-22.536-22.718c-4.667-4.705-12.265-4.736-16.97-.068L215.346 303.697l-59.792-60.277c-4.667-4.705-12.265-4.736-16.97-.069l-22.719 22.536c-4.705 4.667-4.736 12.265-.068 16.971l90.781 91.516c4.667 4.705 12.265 4.736 16.97.068l172.589-171.204c4.704-4.668 4.734-12.266.067-16.971z\"><\/path><\/svg>\t\t\t\t<\/span>\n\t\t\t<\/div>\n\t\t\t\n\t\t\t\t\t\t<div class=\"elementor-icon-box-content\">\n\n\t\t\t\t\t\t\t\t\t<h3 class=\"elementor-icon-box-title\">\n\t\t\t\t\t\t<span  >\n\t\t\t\t\t\t\tIVAC\t\t\t\t\t\t<\/span>\n\t\t\t\t\t<\/h3>\n\t\t\t\t\n\t\t\t\t\n\t\t\t<\/div>\n\t\t\t\n\t\t<\/div>\n\t\t\t\t\t\t<\/div>\n\t\t\t\t<div class=\"elementor-element elementor-element-2c333bb elementor-widget elementor-widget-text-editor\" data-id=\"2c333bb\" data-element_type=\"widget\" data-e-type=\"widget\" data-widget_type=\"text-editor.default\">\n\t\t\t\t\t\t\t\t\t<div class=\"paragraph\"><p><strong>Languages<\/strong><\/p><\/div><div class=\"paragraph\"><ul><li>English<\/li><li>French<\/li><li>Persian (Farsi)<\/li><\/ul><\/div>\t\t\t\t\t\t\t\t<\/div>\n\t\t\t\t\t<\/div>\n\t\t<\/div>\n\t\t\t\t<div class=\"elementor-column elementor-col-50 elementor-inner-column elementor-element elementor-element-11ac316\" data-id=\"11ac316\" data-element_type=\"column\" data-e-type=\"column\">\n\t\t\t<div class=\"elementor-widget-wrap elementor-element-populated\">\n\t\t\t\t\t\t<div class=\"elementor-element elementor-element-f337c6d elementor-hidden-mobile elementor-widget elementor-widget-image\" data-id=\"f337c6d\" data-element_type=\"widget\" data-e-type=\"widget\" data-widget_type=\"image.default\">\n\t\t\t\t\t\t\t\t\t\t\t\t\t\t\t<img decoding=\"async\" src=\"https:\/\/physiolasalle.com\/wp-content\/uploads\/2025\/01\/Khalil-main-page.png\" title=\"\" alt=\"\" loading=\"lazy\" \/>\t\t\t\t\t\t\t\t\t\t\t\t\t\t\t<\/div>\n\t\t\t\t\t<\/div>\n\t\t<\/div>\n\t\t\t\t\t<\/div>\n\t\t<\/section>\n\t\t\t\t\t<\/div>\n\t\t<\/div>\n\t\t\t\t\t<\/div>\n\t\t<\/section>\n\t\t\t\t<section data-particle_enable=\"false\" data-particle-mobile-disabled=\"false\" class=\"elementor-section elementor-top-section elementor-element elementor-element-b74f193 elementor-section-boxed elementor-section-height-default elementor-section-height-default\" data-id=\"b74f193\" data-element_type=\"section\" data-e-type=\"section\" data-settings=\"{&quot;background_background&quot;:&quot;classic&quot;}\">\n\t\t\t\t\t\t<div class=\"elementor-container elementor-column-gap-default\">\n\t\t\t\t\t<div class=\"elementor-column elementor-col-100 elementor-top-column elementor-element elementor-element-7f80b22\" data-id=\"7f80b22\" data-element_type=\"column\" data-e-type=\"column\">\n\t\t\t<div class=\"elementor-widget-wrap elementor-element-populated\">\n\t\t\t\t\t\t<section data-particle_enable=\"false\" data-particle-mobile-disabled=\"false\" class=\"elementor-section elementor-inner-section elementor-element elementor-element-d75be03 elementor-section-content-middle elementor-reverse-mobile elementor-section-boxed elementor-section-height-default elementor-section-height-default\" data-id=\"d75be03\" data-element_type=\"section\" data-e-type=\"section\">\n\t\t\t\t\t\t<div class=\"elementor-container elementor-column-gap-default\">\n\t\t\t\t\t<div class=\"elementor-column elementor-col-100 elementor-inner-column elementor-element elementor-element-f566b8b\" data-id=\"f566b8b\" data-element_type=\"column\" data-e-type=\"column\">\n\t\t\t<div class=\"elementor-widget-wrap elementor-element-populated\">\n\t\t\t\t\t\t<div class=\"elementor-element elementor-element-5c9466f elementor-widget elementor-widget-heading\" data-id=\"5c9466f\" data-element_type=\"widget\" data-e-type=\"widget\" data-widget_type=\"heading.default\">\n\t\t\t\t\t<h2 class=\"elementor-heading-title elementor-size-default\">READ MORE <span style=\"font-weight:700\">ABOUT KHALIL<\/span>\n<\/h2>\t\t\t\t<\/div>\n\t\t\t\t<div class=\"elementor-element elementor-element-4b4ebdc elementor-widget-divider--view-line elementor-widget elementor-widget-divider\" data-id=\"4b4ebdc\" data-element_type=\"widget\" data-e-type=\"widget\" data-widget_type=\"divider.default\">\n\t\t\t\t\t\t\t<div class=\"elementor-divider\">\n\t\t\t<span class=\"elementor-divider-separator\">\n\t\t\t\t\t\t<\/span>\n\t\t<\/div>\n\t\t\t\t\t\t<\/div>\n\t\t\t\t<div class=\"elementor-element elementor-element-419caea elementor-widget elementor-widget-text-editor\" data-id=\"419caea\" data-element_type=\"widget\" data-e-type=\"widget\" data-widget_type=\"text-editor.default\">\n\t\t\t\t\t\t\t\t\t<p><span style=\"font-weight: 400;\">With a passion for rehabilitation, Khalil has been dedicated to physiotherapy since completing his <\/span><b>Bachelor of Science in Physical Therapy at Shiraz University of Medical Sciences<\/b><span style=\"font-weight: 400;\"> in Iran. His career began in a military hospital and continued in various private physiotherapy practices, where he honed his skills in<\/span><i><span style=\"font-weight: 400;\"> mechanical therapy, electrotherapy, massage, and hydrotherapy.<\/span><\/i><\/p>\t\t\t\t\t\t\t\t<\/div>\n\t\t\t\t<div class=\"elementor-element elementor-element-0378d93 elementor-widget elementor-widget-text-editor\" data-id=\"0378d93\" data-element_type=\"widget\" data-e-type=\"widget\" data-widget_type=\"text-editor.default\">\n\t\t\t\t\t\t\t\t\t<p><span style=\"font-weight: 400;\">\u00a0He later became a technical director in a rehabilitation center, <\/span><b>specializing in stroke recovery and other neurological conditions.<\/b><span style=\"font-weight: 400;\">In 2016, he founded his own physiotherapy clinic, where he focused on providing comprehensive care, including <\/span><b>treatment for Bell's palsy, musculoskeletal conditions, and neurological rehabilitation.<\/b><span style=\"font-weight: 400;\">He combined manual therapies with advanced modalities like laser therapy, electrotherapy, and hydrotherapy to achieve optimal results for his patients.<\/span><\/p><p><span style=\"font-weight: 400;\"><br \/><\/span><span style=\"font-weight: 400;\">He recently completed his <\/span><b>College Diploma (DEC) in Physiotherapy Techniques<\/b><span style=\"font-weight: 400;\"> at C\u00e9gep Marie-Victorin. Khalil has been a member of several professional organizations, including the<\/span><b>Ordre professionnel de la physioth\u00e9rapie de l\u2019Iran<\/b><span style=\"font-weight: 400;\"> and the<\/span><b> Ordre professionnel des physioth\u00e9rapeutes du Qu\u00e9bec.<\/b><span style=\"font-weight: 400;\">With over <\/span><b>20 years of experience<\/b><span style=\"font-weight: 400;\">, Khalil offers a <\/span><span style=\"font-weight: 400;\">patient-centered approach<\/span><span style=\"font-weight: 400;\">focused on restoring mobility and function through a <\/span><span style=\"font-weight: 400;\">combination of traditional and modern therapeutic techniques<\/span><span style=\"font-weight: 400;\"> with the aim of providing optimal well-being to each patient.<\/span><\/p>\t\t\t\t\t\t\t\t<\/div>\n\t\t\t\t\t<\/div>\n\t\t<\/div>\n\t\t\t\t\t<\/div>\n\t\t<\/section>\n\t\t\t\t\t<\/div>\n\t\t<\/div>\n\t\t\t\t\t<\/div>\n\t\t<\/section>\n\t\t\t\t<\/div>","protected":false},"excerpt":{"rendered":"<p>Technologue en physioth\u00e9rapie Khalil Sharifi T.phys SERVICES OFFERTS PAR KHALIL CNESST SAAQ IVAC Langues Anglais Fran\u00e7ais Perse (Farsi) LIRE DAVANTAGE SUR KHALIL Avec une passion pour la r\u00e9adaptation, Khalil est [&hellip;]<\/p>\n","protected":false},"author":11,"featured_media":0,"parent":0,"menu_order":0,"comment_status":"closed","ping_status":"closed","template":"","meta":{"footnotes":""},"categories":[],"tags":[],"class_list":["post-19896","page","type-page","status-publish","hentry"],"yoast_head":"<!-- This site is optimized with the Yoast SEO plugin v27.4 - https:\/\/yoast.com\/product\/yoast-seo-wordpress\/ -->\n<title>Khalil Sharifi - Technologue en physioth\u00e9rapie - Physioth\u00e9rapie Solution Active<\/title>\n<meta name=\"description\" content=\"Avec plus de 20 ans d&#039;exp\u00e9rience dans le domaine de la physioth\u00e9rapie, Khalil est l\u00e0 pour vous accompagner dans votre processus de gu\u00e9rison.\" \/>\n<meta name=\"robots\" content=\"noindex, follow, max-snippet:-1, max-image-preview:large, max-video-preview:-1\" \/>\n<meta property=\"og:locale\" content=\"en_US\" \/>\n<meta property=\"og:type\" content=\"article\" \/>\n<meta property=\"og:title\" content=\"Khalil Sharifi - Technologue en physioth\u00e9rapie - Physioth\u00e9rapie Solution Active\" \/>\n<meta property=\"og:description\" content=\"Avec plus de 20 ans d&#039;exp\u00e9rience dans le domaine de la physioth\u00e9rapie, Khalil est l\u00e0 pour vous accompagner dans votre processus de gu\u00e9rison.\" \/>\n<meta property=\"og:url\" content=\"https:\/\/physiolasalle.com\/en\/team-khalil-sharifi\/\" \/>\n<meta property=\"og:site_name\" content=\"Physioth\u00e9rapie Solution Active\" \/>\n<meta property=\"article:publisher\" content=\"https:\/\/www.facebook.com\/PhysioSolutionActiveVerdun\/\" \/>\n<meta property=\"article:modified_time\" content=\"2025-06-06T21:15:25+00:00\" \/>\n<meta name=\"twitter:card\" content=\"summary_large_image\" \/>\n<meta name=\"twitter:label1\" content=\"Est. reading time\" \/>\n\t<meta name=\"twitter:data1\" content=\"2 minutes\" \/>\n<script type=\"application\/ld+json\" class=\"yoast-schema-graph\">{\"@context\":\"https:\\\/\\\/schema.org\",\"@graph\":[{\"@type\":\"WebPage\",\"@id\":\"https:\\\/\\\/physiolasalle.com\\\/equipe-khalil-sharifi\\\/\",\"url\":\"https:\\\/\\\/physiolasalle.com\\\/equipe-khalil-sharifi\\\/\",\"name\":\"Khalil Sharifi - Technologue en physioth\u00e9rapie - Physioth\u00e9rapie Solution Active\",\"isPartOf\":{\"@id\":\"https:\\\/\\\/physiolasalle.com\\\/#website\"},\"primaryImageOfPage\":{\"@id\":\"https:\\\/\\\/physiolasalle.com\\\/equipe-khalil-sharifi\\\/#primaryimage\"},\"image\":{\"@id\":\"https:\\\/\\\/physiolasalle.com\\\/equipe-khalil-sharifi\\\/#primaryimage\"},\"thumbnailUrl\":\"https:\\\/\\\/physiolasalle.com\\\/wp-content\\\/uploads\\\/2025\\\/01\\\/Khalil-main-page.png\",\"datePublished\":\"2025-05-06T19:12:35+00:00\",\"dateModified\":\"2025-06-06T21:15:25+00:00\",\"description\":\"Avec plus de 20 ans d'exp\u00e9rience dans le domaine de la physioth\u00e9rapie, Khalil est l\u00e0 pour vous accompagner dans votre processus de gu\u00e9rison.\",\"breadcrumb\":{\"@id\":\"https:\\\/\\\/physiolasalle.com\\\/equipe-khalil-sharifi\\\/#breadcrumb\"},\"inLanguage\":\"en-US\",\"potentialAction\":[{\"@type\":\"ReadAction\",\"target\":[\"https:\\\/\\\/physiolasalle.com\\\/equipe-khalil-sharifi\\\/\"]}]},{\"@type\":\"ImageObject\",\"inLanguage\":\"en-US\",\"@id\":\"https:\\\/\\\/physiolasalle.com\\\/equipe-khalil-sharifi\\\/#primaryimage\",\"url\":\"https:\\\/\\\/physiolasalle.com\\\/wp-content\\\/uploads\\\/2025\\\/01\\\/Khalil-main-page.png\",\"contentUrl\":\"https:\\\/\\\/physiolasalle.com\\\/wp-content\\\/uploads\\\/2025\\\/01\\\/Khalil-main-page.png\"},{\"@type\":\"BreadcrumbList\",\"@id\":\"https:\\\/\\\/physiolasalle.com\\\/equipe-khalil-sharifi\\\/#breadcrumb\",\"itemListElement\":[{\"@type\":\"ListItem\",\"position\":1,\"name\":\"Home\",\"item\":\"https:\\\/\\\/physiolasalle.com\\\/\"},{\"@type\":\"ListItem\",\"position\":2,\"name\":\"4.1.6.2-Khalil Sharifi\"}]},{\"@type\":\"WebSite\",\"@id\":\"https:\\\/\\\/physiolasalle.com\\\/#website\",\"url\":\"https:\\\/\\\/physiolasalle.com\\\/\",\"name\":\"Physioth\u00e9rapie Solution Active\",\"description\":\"\",\"publisher\":{\"@id\":\"https:\\\/\\\/physiolasalle.com\\\/#organization\"},\"alternateName\":\"Physioth\u00e9rapie Solution Active\",\"potentialAction\":[{\"@type\":\"SearchAction\",\"target\":{\"@type\":\"EntryPoint\",\"urlTemplate\":\"https:\\\/\\\/physiolasalle.com\\\/?s={search_term_string}\"},\"query-input\":{\"@type\":\"PropertyValueSpecification\",\"valueRequired\":true,\"valueName\":\"search_term_string\"}}],\"inLanguage\":\"en-US\"},{\"@type\":\"Organization\",\"@id\":\"https:\\\/\\\/physiolasalle.com\\\/#organization\",\"name\":\"Physioth\u00e9rapie Solution Active\",\"url\":\"https:\\\/\\\/physiolasalle.com\\\/\",\"logo\":{\"@type\":\"ImageObject\",\"inLanguage\":\"en-US\",\"@id\":\"https:\\\/\\\/physiolasalle.com\\\/#\\\/schema\\\/logo\\\/image\\\/\",\"url\":\"https:\\\/\\\/physiolasalle.com\\\/wp-content\\\/uploads\\\/2022\\\/12\\\/New-Logo.png\",\"contentUrl\":\"https:\\\/\\\/physiolasalle.com\\\/wp-content\\\/uploads\\\/2022\\\/12\\\/New-Logo.png\",\"width\":1800,\"height\":566,\"caption\":\"Physioth\u00e9rapie Solution Active\"},\"image\":{\"@id\":\"https:\\\/\\\/physiolasalle.com\\\/#\\\/schema\\\/logo\\\/image\\\/\"},\"sameAs\":[\"https:\\\/\\\/www.facebook.com\\\/PhysioSolutionActiveVerdun\\\/\",\"https:\\\/\\\/www.facebook.com\\\/PhysioSolutionActiveMonk\"]}]}<\/script>\n<!-- \/ Yoast SEO plugin. -->","yoast_head_json":{"title":"Khalil Sharifi - Physiotherapy Technologist - Active Solution Physiotherapy","description":"Avec plus de 20 ans d'exp\u00e9rience dans le domaine de la physioth\u00e9rapie, Khalil est l\u00e0 pour vous accompagner dans votre processus de gu\u00e9rison.","robots":{"index":"noindex","follow":"follow","max-snippet":"max-snippet:-1","max-image-preview":"max-image-preview:large","max-video-preview":"max-video-preview:-1"},"og_locale":"en_US","og_type":"article","og_title":"Khalil Sharifi - Technologue en physioth\u00e9rapie - Physioth\u00e9rapie Solution Active","og_description":"Avec plus de 20 ans d'exp\u00e9rience dans le domaine de la physioth\u00e9rapie, Khalil est l\u00e0 pour vous accompagner dans votre processus de gu\u00e9rison.","og_url":"https:\/\/physiolasalle.com\/en\/team-khalil-sharifi\/","og_site_name":"Physioth\u00e9rapie Solution Active","article_publisher":"https:\/\/www.facebook.com\/PhysioSolutionActiveVerdun\/","article_modified_time":"2025-06-06T21:15:25+00:00","twitter_card":"summary_large_image","twitter_misc":{"Est. reading time":"2 minutes"},"schema":{"@context":"https:\/\/schema.org","@graph":[{"@type":"WebPage","@id":"https:\/\/physiolasalle.com\/equipe-khalil-sharifi\/","url":"https:\/\/physiolasalle.com\/equipe-khalil-sharifi\/","name":"Khalil Sharifi - Physiotherapy Technologist - Active Solution Physiotherapy","isPartOf":{"@id":"https:\/\/physiolasalle.com\/#website"},"primaryImageOfPage":{"@id":"https:\/\/physiolasalle.com\/equipe-khalil-sharifi\/#primaryimage"},"image":{"@id":"https:\/\/physiolasalle.com\/equipe-khalil-sharifi\/#primaryimage"},"thumbnailUrl":"https:\/\/physiolasalle.com\/wp-content\/uploads\/2025\/01\/Khalil-main-page.png","datePublished":"2025-05-06T19:12:35+00:00","dateModified":"2025-06-06T21:15:25+00:00","description":"Avec plus de 20 ans d'exp\u00e9rience dans le domaine de la physioth\u00e9rapie, Khalil est l\u00e0 pour vous accompagner dans votre processus de gu\u00e9rison.","breadcrumb":{"@id":"https:\/\/physiolasalle.com\/equipe-khalil-sharifi\/#breadcrumb"},"inLanguage":"en-US","potentialAction":[{"@type":"ReadAction","target":["https:\/\/physiolasalle.com\/equipe-khalil-sharifi\/"]}]},{"@type":"ImageObject","inLanguage":"en-US","@id":"https:\/\/physiolasalle.com\/equipe-khalil-sharifi\/#primaryimage","url":"https:\/\/physiolasalle.com\/wp-content\/uploads\/2025\/01\/Khalil-main-page.png","contentUrl":"https:\/\/physiolasalle.com\/wp-content\/uploads\/2025\/01\/Khalil-main-page.png"},{"@type":"BreadcrumbList","@id":"https:\/\/physiolasalle.com\/equipe-khalil-sharifi\/#breadcrumb","itemListElement":[{"@type":"ListItem","position":1,"name":"Home","item":"https:\/\/physiolasalle.com\/"},{"@type":"ListItem","position":2,"name":"4.1.6.2-Khalil Sharifi"}]},{"@type":"WebSite","@id":"https:\/\/physiolasalle.com\/#website","url":"https:\/\/physiolasalle.com\/","name":"Active Solution Physiotherapy","description":"","publisher":{"@id":"https:\/\/physiolasalle.com\/#organization"},"alternateName":"Physioth\u00e9rapie Solution Active","potentialAction":[{"@type":"SearchAction","target":{"@type":"EntryPoint","urlTemplate":"https:\/\/physiolasalle.com\/?s={search_term_string}"},"query-input":{"@type":"PropertyValueSpecification","valueRequired":true,"valueName":"search_term_string"}}],"inLanguage":"en-US"},{"@type":"Organization","@id":"https:\/\/physiolasalle.com\/#organization","name":"Active Solution Physiotherapy","url":"https:\/\/physiolasalle.com\/","logo":{"@type":"ImageObject","inLanguage":"en-US","@id":"https:\/\/physiolasalle.com\/#\/schema\/logo\/image\/","url":"https:\/\/physiolasalle.com\/wp-content\/uploads\/2022\/12\/New-Logo.png","contentUrl":"https:\/\/physiolasalle.com\/wp-content\/uploads\/2022\/12\/New-Logo.png","width":1800,"height":566,"caption":"Physioth\u00e9rapie Solution Active"},"image":{"@id":"https:\/\/physiolasalle.com\/#\/schema\/logo\/image\/"},"sameAs":["https:\/\/www.facebook.com\/PhysioSolutionActiveVerdun\/","https:\/\/www.facebook.com\/PhysioSolutionActiveMonk"]}]}},"_links":{"self":[{"href":"https:\/\/physiolasalle.com\/en\/wp-json\/wp\/v2\/pages\/19896","targetHints":{"allow":["GET"]}}],"collection":[{"href":"https:\/\/physiolasalle.com\/en\/wp-json\/wp\/v2\/pages"}],"about":[{"href":"https:\/\/physiolasalle.com\/en\/wp-json\/wp\/v2\/types\/page"}],"author":[{"embeddable":true,"href":"https:\/\/physiolasalle.com\/en\/wp-json\/wp\/v2\/users\/11"}],"replies":[{"embeddable":true,"href":"https:\/\/physiolasalle.com\/en\/wp-json\/wp\/v2\/comments?post=19896"}],"version-history":[{"count":32,"href":"https:\/\/physiolasalle.com\/en\/wp-json\/wp\/v2\/pages\/19896\/revisions"}],"predecessor-version":[{"id":21091,"href":"https:\/\/physiolasalle.com\/en\/wp-json\/wp\/v2\/pages\/19896\/revisions\/21091"}],"wp:attachment":[{"href":"https:\/\/physiolasalle.com\/en\/wp-json\/wp\/v2\/media?parent=19896"}],"wp:term":[{"taxonomy":"category","embeddable":true,"href":"https:\/\/physiolasalle.com\/en\/wp-json\/wp\/v2\/categories?post=19896"},{"taxonomy":"post_tag","embeddable":true,"href":"https:\/\/physiolasalle.com\/en\/wp-json\/wp\/v2\/tags?post=19896"}],"curies":[{"name":"wp","href":"https:\/\/api.w.org\/{rel}","templated":true}]}}